{"id":3452,"date":"2025-09-24T12:39:06","date_gmt":"2025-09-24T10:39:06","guid":{"rendered":"https:\/\/centrumzaburzenodzywiania.pl\/strefaspecjalisty\/?post_type=product&#038;p=3452"},"modified":"2026-01-31T20:19:00","modified_gmt":"2026-01-31T19:19:00","slug":"kurs-on-line-jak-jesc-normalnie-i-radzic-sobie-z-lekiem-przed-przytyciem","status":"publish","type":"product","link":"https:\/\/centrumzaburzenodzywiania.pl\/strefaspecjalisty\/produkt\/kurs-on-line-jak-jesc-normalnie-i-radzic-sobie-z-lekiem-przed-przytyciem\/","title":{"rendered":"[KURS ON-LINE] Jak je\u015b\u0107 normalnie i radzi\u0107 sobie z l\u0119kiem przed przytyciem?"},"content":{"rendered":"","protected":false},"excerpt":{"rendered":"<h1 data-start=\"270\" data-end=\"351\">Kurs online: <strong data-start=\"285\" data-end=\"349\">Jak je\u015b\u0107 normalnie i radzi\u0107 sobie z l\u0119kiem przed przytyciem?<\/strong><\/h1>\n<p data-start=\"353\" data-end=\"695\">To nie kolejna dieta ani plan pe\u0142en zakaz\u00f3w.<br data-start=\"397\" data-end=\"400\" \/>To <strong data-start=\"403\" data-end=\"429\">kompleksowy przewodnik<\/strong>, kt\u00f3ry pomo\u017ce Ci zmniejszy\u0107 l\u0119k przed przytyciem, nauczy\u0107 si\u0119 je\u015b\u0107 regularnie i wreszcie zaufa\u0107 swojemu cia\u0142u. Dzi\u0119ki kursowi krok po kroku wyjdziesz z b\u0142\u0119dnego ko\u0142a kontroli, restrykcji i poczucia winy \u2013 w stron\u0119 spokoju, struktury i zdrowej relacji z jedzeniem.<\/p>\n<hr data-start=\"697\" data-end=\"700\" \/>\n<h2 data-start=\"702\" data-end=\"733\">\ud83d\udcd6 Co znajdziesz w kursie?<\/h2>\n<p data-start=\"734\" data-end=\"1262\">\ud83d\udd39 <strong data-start=\"737\" data-end=\"756\">12 lekcji wideo<\/strong> podzielonych na 4 modu\u0142y, kt\u00f3re przeprowadz\u0105 Ci\u0119 od zrozumienia l\u0119ku po odbudowanie relacji z cia\u0142em<br data-start=\"857\" data-end=\"860\" \/>\ud83d\udd39 <strong data-start=\"863\" data-end=\"886\">Konkretne strategie<\/strong> jak je\u015b\u0107 regularnie, bez restrykcji i wyrzut\u00f3w sumienia<br data-start=\"942\" data-end=\"945\" \/>\ud83d\udd39 <strong data-start=\"948\" data-end=\"1001\">Praktyczne narz\u0119dzia psychologiczne i dietetyczne<\/strong> do radzenia sobie z krytycznymi my\u015blami, stresem i presj\u0105 kontroli<br data-start=\"1068\" data-end=\"1071\" \/>\ud83d\udd39 <strong data-start=\"1074\" data-end=\"1101\">\u0106wiczenia i karty pracy<\/strong>, kt\u00f3re pomog\u0105 Ci stopniowo zmienia\u0107 nawyki i przekonania<br data-start=\"1158\" data-end=\"1161\" \/>\ud83d\udd39 <strong data-start=\"1164\" data-end=\"1191\">Plan \u201ena trudne chwile\u201d<\/strong> \u2013 szybkie techniki, kt\u00f3re wespr\u0105 Ci\u0119, gdy l\u0119k staje si\u0119 bardzo silny<\/p>\n<h2 data-start=\"1269\" data-end=\"1296\">\ud83c\udfaf Ten kurs pomo\u017ce Ci:<\/h2>\n<ul data-start=\"1297\" data-end=\"1681\">\n<li data-start=\"1297\" data-end=\"1376\">\n<p data-start=\"1299\" data-end=\"1376\">Zrozumie\u0107, <strong data-start=\"1310\" data-end=\"1340\">dlaczego boisz si\u0119 przyty\u0107<\/strong> i co tak naprawd\u0119 oznacza ten l\u0119k<\/p>\n<\/li>\n<li data-start=\"1377\" data-end=\"1451\">\n<p data-start=\"1379\" data-end=\"1451\">Zbudowa\u0107 <strong data-start=\"1388\" data-end=\"1415\">regularny rytm jedzenia<\/strong>, kt\u00f3ry daje spok\u00f3j i stabilizacj\u0119<\/p>\n<\/li>\n<li data-start=\"1452\" data-end=\"1515\">\n<p data-start=\"1454\" data-end=\"1515\"><strong data-start=\"1454\" data-end=\"1493\">Zmniejszy\u0107 liczb\u0119 krytycznych my\u015bli<\/strong> o wygl\u0105dzie i wadze<\/p>\n<\/li>\n<li data-start=\"1516\" data-end=\"1589\">\n<p data-start=\"1518\" data-end=\"1589\">Przesta\u0107 \u017cy\u0107 w b\u0142\u0119dnym kole restrykcji, objadania i wyrzut\u00f3w sumienia<\/p>\n<\/li>\n<li data-start=\"1590\" data-end=\"1681\">\n<p data-start=\"1592\" data-end=\"1681\">Odbudowa\u0107 <strong data-start=\"1602\" data-end=\"1631\">zaufanie do swojego cia\u0142a<\/strong> i poczu\u0107, \u017ce mo\u017cesz je traktowa\u0107 z \u017cyczliwo\u015bci\u0105<\/p>\n<\/li>\n<\/ul>\n<h2 data-start=\"1688\" data-end=\"1730\">W cenie kursu\u00a0 otrzymujesz:<\/h2>\n<ul data-start=\"1731\" data-end=\"1996\">\n<li data-start=\"1731\" data-end=\"1830\">\n<p data-start=\"1733\" data-end=\"1830\"><strong data-start=\"1733\" data-end=\"1828\">Pe\u0142en dost\u0119p do kursu online \u201eJak je\u015b\u0107 normalnie i radzi\u0107 sobie z l\u0119kiem przed przytyciem?\u201d<\/strong><\/p>\n<\/li>\n<li data-start=\"1831\" data-end=\"1917\">\n<p data-start=\"1833\" data-end=\"1917\">Dost\u0119p do materia\u0142\u00f3w 24\/7 z ka\u017cdego miejsca na \u015bwiecie (na komputerze i telefonie)<\/p>\n<\/li>\n<li data-start=\"1918\" data-end=\"1996\">\n<p data-start=\"1920\" data-end=\"1996\"><strong data-start=\"1920\" data-end=\"1947\">Karty pracy i \u0107wiczenia<\/strong> do pobrania i wykorzystania w codziennym \u017cyciu<\/p>\n<\/li>\n<\/ul>\n<h2 data-start=\"2003\" data-end=\"2029\">\ud83c\udf81 Bonusy w pakiecie:<\/h2>\n<ul data-start=\"2030\" data-end=\"2243\">\n<li data-start=\"2030\" data-end=\"2103\">\n<p data-start=\"2032\" data-end=\"2103\">Nagranie webinaru: <strong data-start=\"2051\" data-end=\"2101\">\u201e5 sposob\u00f3w na to, by mniej my\u015ble\u0107 o jedzeniu\u201d<\/strong><\/p>\n<\/li>\n<li data-start=\"2104\" data-end=\"2185\">\n<p data-start=\"2106\" data-end=\"2185\">Nagranie webinaru: <strong data-start=\"2125\" data-end=\"2183\">\u201e5 b\u0142\u0119d\u00f3w, kt\u00f3re psuj\u0105 Twoj\u0105 relacj\u0119 z cia\u0142em\u201d<\/strong><\/p>\n<\/li>\n<\/ul>\n","protected":false},"featured_media":3454,"comment_status":"closed","ping_status":"closed","template":"","meta":{"_acf_changed":false,"inline_featured_image":false},"product_brand":[],"product_cat":[22,21],"product_tag":[],"class_list":{"0":"post-3452","1":"product","2":"type-product","3":"status-publish","4":"has-post-thumbnail","6":"product_cat-dla-kazdego","7":"product_cat-platforma","9":"first","10":"instock","11":"virtual","12":"taxable","13":"purchasable","14":"product-type-simple"},"acf":[],"yoast_head":"<!-- This site is optimized with the Yoast SEO plugin v27.4 - https:\/\/yoast.com\/product\/yoast-seo-wordpress\/ -->\n<title>[KURS ON-LINE] Jak je\u015b\u0107 normalnie i radzi\u0107 sobie z l\u0119kiem przed przytyciem? - Strefa Specjalisty - Og\u00f3lnopolskie Centrum Zaburze\u0144 Od\u017cywiania<\/title>\n<meta name=\"description\" content=\"Kurs online dla os\u00f3b z l\u0119kiem przed przytyciem. Naucz si\u0119 je\u015b\u0107 bez restrykcji i odbuduj spokojn\u0105 relacj\u0119 z jedzeniem. 12 lekcji wideo, \u0107wiczenia i bonusy.\" \/>\n<meta name=\"robots\" content=\"index, follow, max-snippet:-1, max-image-preview:large, max-video-preview:-1\" \/>\n<link rel=\"canonical\" href=\"https:\/\/centrumzaburzenodzywiania.pl\/strefaspecjalisty\/produkt\/kurs-on-line-jak-jesc-normalnie-i-radzic-sobie-z-lekiem-przed-przytyciem\/\" \/>\n<meta property=\"og:locale\" content=\"pl_PL\" \/>\n<meta property=\"og:type\" content=\"article\" \/>\n<meta property=\"og:title\" content=\"[KURS ON-LINE] Jak je\u015b\u0107 normalnie i radzi\u0107 sobie z l\u0119kiem przed przytyciem? - Strefa Specjalisty - Og\u00f3lnopolskie Centrum Zaburze\u0144 Od\u017cywiania\" \/>\n<meta property=\"og:description\" content=\"Kurs online dla os\u00f3b z l\u0119kiem przed przytyciem. Naucz si\u0119 je\u015b\u0107 bez restrykcji i odbuduj spokojn\u0105 relacj\u0119 z jedzeniem. 12 lekcji wideo, \u0107wiczenia i bonusy.\" \/>\n<meta property=\"og:url\" content=\"https:\/\/centrumzaburzenodzywiania.pl\/strefaspecjalisty\/produkt\/kurs-on-line-jak-jesc-normalnie-i-radzic-sobie-z-lekiem-przed-przytyciem\/\" \/>\n<meta property=\"og:site_name\" content=\"Strefa Specjalisty - Og\u00f3lnopolskie Centrum Zaburze\u0144 Od\u017cywiania\" \/>\n<meta property=\"article:modified_time\" content=\"2026-01-31T19:19:00+00:00\" \/>\n<meta property=\"og:image\" content=\"https:\/\/centrumzaburzenodzywiania.pl\/strefaspecjalisty\/wp-content\/uploads\/2025\/09\/Projekt-bez-nazwy-2.png\" \/>\n\t<meta property=\"og:image:width\" content=\"1080\" \/>\n\t<meta property=\"og:image:height\" content=\"1080\" \/>\n\t<meta property=\"og:image:type\" content=\"image\/png\" \/>\n<meta name=\"twitter:card\" content=\"summary_large_image\" \/>\n<meta name=\"twitter:label1\" content=\"Szacowany czas czytania\" \/>\n\t<meta name=\"twitter:data1\" content=\"1 minuta\" \/>\n<script type=\"application\/ld+json\" class=\"yoast-schema-graph\">{\"@context\":\"https:\\\/\\\/schema.org\",\"@graph\":[{\"@type\":\"WebPage\",\"@id\":\"https:\\\/\\\/centrumzaburzenodzywiania.pl\\\/strefaspecjalisty\\\/produkt\\\/kurs-on-line-jak-jesc-normalnie-i-radzic-sobie-z-lekiem-przed-przytyciem\\\/\",\"url\":\"https:\\\/\\\/centrumzaburzenodzywiania.pl\\\/strefaspecjalisty\\\/produkt\\\/kurs-on-line-jak-jesc-normalnie-i-radzic-sobie-z-lekiem-przed-przytyciem\\\/\",\"name\":\"[KURS ON-LINE] Jak je\u015b\u0107 normalnie i radzi\u0107 sobie z l\u0119kiem przed przytyciem? - Strefa Specjalisty - Og\u00f3lnopolskie Centrum Zaburze\u0144 Od\u017cywiania\",\"isPartOf\":{\"@id\":\"https:\\\/\\\/centrumzaburzenodzywiania.pl\\\/strefaspecjalisty\\\/#website\"},\"primaryImageOfPage\":{\"@id\":\"https:\\\/\\\/centrumzaburzenodzywiania.pl\\\/strefaspecjalisty\\\/produkt\\\/kurs-on-line-jak-jesc-normalnie-i-radzic-sobie-z-lekiem-przed-przytyciem\\\/#primaryimage\"},\"image\":{\"@id\":\"https:\\\/\\\/centrumzaburzenodzywiania.pl\\\/strefaspecjalisty\\\/produkt\\\/kurs-on-line-jak-jesc-normalnie-i-radzic-sobie-z-lekiem-przed-przytyciem\\\/#primaryimage\"},\"thumbnailUrl\":\"https:\\\/\\\/centrumzaburzenodzywiania.pl\\\/strefaspecjalisty\\\/wp-content\\\/uploads\\\/2025\\\/09\\\/Projekt-bez-nazwy-2.png\",\"datePublished\":\"2025-09-24T10:39:06+00:00\",\"dateModified\":\"2026-01-31T19:19:00+00:00\",\"description\":\"Kurs online dla os\u00f3b z l\u0119kiem przed przytyciem. Naucz si\u0119 je\u015b\u0107 bez restrykcji i odbuduj spokojn\u0105 relacj\u0119 z jedzeniem. 12 lekcji wideo, \u0107wiczenia i bonusy.\",\"breadcrumb\":{\"@id\":\"https:\\\/\\\/centrumzaburzenodzywiania.pl\\\/strefaspecjalisty\\\/produkt\\\/kurs-on-line-jak-jesc-normalnie-i-radzic-sobie-z-lekiem-przed-przytyciem\\\/#breadcrumb\"},\"inLanguage\":\"pl-PL\",\"potentialAction\":[{\"@type\":\"ReadAction\",\"target\":[\"https:\\\/\\\/centrumzaburzenodzywiania.pl\\\/strefaspecjalisty\\\/produkt\\\/kurs-on-line-jak-jesc-normalnie-i-radzic-sobie-z-lekiem-przed-przytyciem\\\/\"]}]},{\"@type\":\"ImageObject\",\"inLanguage\":\"pl-PL\",\"@id\":\"https:\\\/\\\/centrumzaburzenodzywiania.pl\\\/strefaspecjalisty\\\/produkt\\\/kurs-on-line-jak-jesc-normalnie-i-radzic-sobie-z-lekiem-przed-przytyciem\\\/#primaryimage\",\"url\":\"https:\\\/\\\/centrumzaburzenodzywiania.pl\\\/strefaspecjalisty\\\/wp-content\\\/uploads\\\/2025\\\/09\\\/Projekt-bez-nazwy-2.png\",\"contentUrl\":\"https:\\\/\\\/centrumzaburzenodzywiania.pl\\\/strefaspecjalisty\\\/wp-content\\\/uploads\\\/2025\\\/09\\\/Projekt-bez-nazwy-2.png\",\"width\":1080,\"height\":1080},{\"@type\":\"BreadcrumbList\",\"@id\":\"https:\\\/\\\/centrumzaburzenodzywiania.pl\\\/strefaspecjalisty\\\/produkt\\\/kurs-on-line-jak-jesc-normalnie-i-radzic-sobie-z-lekiem-przed-przytyciem\\\/#breadcrumb\",\"itemListElement\":[{\"@type\":\"ListItem\",\"position\":1,\"name\":\"Strona g\u0142\u00f3wna\",\"item\":\"https:\\\/\\\/centrumzaburzenodzywiania.pl\\\/strefaspecjalisty\\\/\"},{\"@type\":\"ListItem\",\"position\":2,\"name\":\"Sklep\",\"item\":\"https:\\\/\\\/centrumzaburzenodzywiania.pl\\\/strefaspecjalisty\\\/sklep\\\/\"},{\"@type\":\"ListItem\",\"position\":3,\"name\":\"[KURS ON-LINE] Jak je\u015b\u0107 normalnie i radzi\u0107 sobie z l\u0119kiem przed przytyciem?\"}]},{\"@type\":\"WebSite\",\"@id\":\"https:\\\/\\\/centrumzaburzenodzywiania.pl\\\/strefaspecjalisty\\\/#website\",\"url\":\"https:\\\/\\\/centrumzaburzenodzywiania.pl\\\/strefaspecjalisty\\\/\",\"name\":\"Strefa Specjalisty - Og\u00f3lnopolskie Centrum Zaburze\u0144 Od\u017cywiania\",\"description\":\"Strefa Specjalisty - Og\u00f3lnopolskie Centrum Zaburze\u0144 Od\u017cywiania\",\"publisher\":{\"@id\":\"https:\\\/\\\/centrumzaburzenodzywiania.pl\\\/strefaspecjalisty\\\/#organization\"},\"potentialAction\":[{\"@type\":\"SearchAction\",\"target\":{\"@type\":\"EntryPoint\",\"urlTemplate\":\"https:\\\/\\\/centrumzaburzenodzywiania.pl\\\/strefaspecjalisty\\\/?s={search_term_string}\"},\"query-input\":{\"@type\":\"PropertyValueSpecification\",\"valueRequired\":true,\"valueName\":\"search_term_string\"}}],\"inLanguage\":\"pl-PL\"},{\"@type\":\"Organization\",\"@id\":\"https:\\\/\\\/centrumzaburzenodzywiania.pl\\\/strefaspecjalisty\\\/#organization\",\"name\":\"Strefa Specjalisty - Og\u00f3lnopolskie Centrum Zaburze\u0144 Od\u017cywiania\",\"url\":\"https:\\\/\\\/centrumzaburzenodzywiania.pl\\\/strefaspecjalisty\\\/\",\"logo\":{\"@type\":\"ImageObject\",\"inLanguage\":\"pl-PL\",\"@id\":\"https:\\\/\\\/centrumzaburzenodzywiania.pl\\\/strefaspecjalisty\\\/#\\\/schema\\\/logo\\\/image\\\/\",\"url\":\"https:\\\/\\\/centrumzaburzenodzywiania.pl\\\/strefaspecjalisty\\\/wp-content\\\/uploads\\\/2025\\\/11\\\/logo.png\",\"contentUrl\":\"https:\\\/\\\/centrumzaburzenodzywiania.pl\\\/strefaspecjalisty\\\/wp-content\\\/uploads\\\/2025\\\/11\\\/logo.png\",\"width\":141,\"height\":54,\"caption\":\"Strefa Specjalisty - Og\u00f3lnopolskie Centrum Zaburze\u0144 Od\u017cywiania\"},\"image\":{\"@id\":\"https:\\\/\\\/centrumzaburzenodzywiania.pl\\\/strefaspecjalisty\\\/#\\\/schema\\\/logo\\\/image\\\/\"}}]}<\/script>\n<!-- \/ Yoast SEO plugin. -->","yoast_head_json":{"title":"[KURS ON-LINE] Jak je\u015b\u0107 normalnie i radzi\u0107 sobie z l\u0119kiem przed przytyciem? - Strefa Specjalisty - Og\u00f3lnopolskie Centrum Zaburze\u0144 Od\u017cywiania","description":"Kurs online dla os\u00f3b z l\u0119kiem przed przytyciem. Naucz si\u0119 je\u015b\u0107 bez restrykcji i odbuduj spokojn\u0105 relacj\u0119 z jedzeniem. 12 lekcji wideo, \u0107wiczenia i bonusy.","robots":{"index":"index","follow":"follow","max-snippet":"max-snippet:-1","max-image-preview":"max-image-preview:large","max-video-preview":"max-video-preview:-1"},"canonical":"https:\/\/centrumzaburzenodzywiania.pl\/strefaspecjalisty\/produkt\/kurs-on-line-jak-jesc-normalnie-i-radzic-sobie-z-lekiem-przed-przytyciem\/","og_locale":"pl_PL","og_type":"article","og_title":"[KURS ON-LINE] Jak je\u015b\u0107 normalnie i radzi\u0107 sobie z l\u0119kiem przed przytyciem? - Strefa Specjalisty - Og\u00f3lnopolskie Centrum Zaburze\u0144 Od\u017cywiania","og_description":"Kurs online dla os\u00f3b z l\u0119kiem przed przytyciem. Naucz si\u0119 je\u015b\u0107 bez restrykcji i odbuduj spokojn\u0105 relacj\u0119 z jedzeniem. 12 lekcji wideo, \u0107wiczenia i bonusy.","og_url":"https:\/\/centrumzaburzenodzywiania.pl\/strefaspecjalisty\/produkt\/kurs-on-line-jak-jesc-normalnie-i-radzic-sobie-z-lekiem-przed-przytyciem\/","og_site_name":"Strefa Specjalisty - Og\u00f3lnopolskie Centrum Zaburze\u0144 Od\u017cywiania","article_modified_time":"2026-01-31T19:19:00+00:00","og_image":[{"width":1080,"height":1080,"url":"https:\/\/centrumzaburzenodzywiania.pl\/strefaspecjalisty\/wp-content\/uploads\/2025\/09\/Projekt-bez-nazwy-2.png","type":"image\/png"}],"twitter_card":"summary_large_image","twitter_misc":{"Szacowany czas czytania":"1 minuta"},"schema":{"@context":"https:\/\/schema.org","@graph":[{"@type":"WebPage","@id":"https:\/\/centrumzaburzenodzywiania.pl\/strefaspecjalisty\/produkt\/kurs-on-line-jak-jesc-normalnie-i-radzic-sobie-z-lekiem-przed-przytyciem\/","url":"https:\/\/centrumzaburzenodzywiania.pl\/strefaspecjalisty\/produkt\/kurs-on-line-jak-jesc-normalnie-i-radzic-sobie-z-lekiem-przed-przytyciem\/","name":"[KURS ON-LINE] Jak je\u015b\u0107 normalnie i radzi\u0107 sobie z l\u0119kiem przed przytyciem? - Strefa Specjalisty - Og\u00f3lnopolskie Centrum Zaburze\u0144 Od\u017cywiania","isPartOf":{"@id":"https:\/\/centrumzaburzenodzywiania.pl\/strefaspecjalisty\/#website"},"primaryImageOfPage":{"@id":"https:\/\/centrumzaburzenodzywiania.pl\/strefaspecjalisty\/produkt\/kurs-on-line-jak-jesc-normalnie-i-radzic-sobie-z-lekiem-przed-przytyciem\/#primaryimage"},"image":{"@id":"https:\/\/centrumzaburzenodzywiania.pl\/strefaspecjalisty\/produkt\/kurs-on-line-jak-jesc-normalnie-i-radzic-sobie-z-lekiem-przed-przytyciem\/#primaryimage"},"thumbnailUrl":"https:\/\/centrumzaburzenodzywiania.pl\/strefaspecjalisty\/wp-content\/uploads\/2025\/09\/Projekt-bez-nazwy-2.png","datePublished":"2025-09-24T10:39:06+00:00","dateModified":"2026-01-31T19:19:00+00:00","description":"Kurs online dla os\u00f3b z l\u0119kiem przed przytyciem. Naucz si\u0119 je\u015b\u0107 bez restrykcji i odbuduj spokojn\u0105 relacj\u0119 z jedzeniem. 12 lekcji wideo, \u0107wiczenia i bonusy.","breadcrumb":{"@id":"https:\/\/centrumzaburzenodzywiania.pl\/strefaspecjalisty\/produkt\/kurs-on-line-jak-jesc-normalnie-i-radzic-sobie-z-lekiem-przed-przytyciem\/#breadcrumb"},"inLanguage":"pl-PL","potentialAction":[{"@type":"ReadAction","target":["https:\/\/centrumzaburzenodzywiania.pl\/strefaspecjalisty\/produkt\/kurs-on-line-jak-jesc-normalnie-i-radzic-sobie-z-lekiem-przed-przytyciem\/"]}]},{"@type":"ImageObject","inLanguage":"pl-PL","@id":"https:\/\/centrumzaburzenodzywiania.pl\/strefaspecjalisty\/produkt\/kurs-on-line-jak-jesc-normalnie-i-radzic-sobie-z-lekiem-przed-przytyciem\/#primaryimage","url":"https:\/\/centrumzaburzenodzywiania.pl\/strefaspecjalisty\/wp-content\/uploads\/2025\/09\/Projekt-bez-nazwy-2.png","contentUrl":"https:\/\/centrumzaburzenodzywiania.pl\/strefaspecjalisty\/wp-content\/uploads\/2025\/09\/Projekt-bez-nazwy-2.png","width":1080,"height":1080},{"@type":"BreadcrumbList","@id":"https:\/\/centrumzaburzenodzywiania.pl\/strefaspecjalisty\/produkt\/kurs-on-line-jak-jesc-normalnie-i-radzic-sobie-z-lekiem-przed-przytyciem\/#breadcrumb","itemListElement":[{"@type":"ListItem","position":1,"name":"Strona g\u0142\u00f3wna","item":"https:\/\/centrumzaburzenodzywiania.pl\/strefaspecjalisty\/"},{"@type":"ListItem","position":2,"name":"Sklep","item":"https:\/\/centrumzaburzenodzywiania.pl\/strefaspecjalisty\/sklep\/"},{"@type":"ListItem","position":3,"name":"[KURS ON-LINE] Jak je\u015b\u0107 normalnie i radzi\u0107 sobie z l\u0119kiem przed przytyciem?"}]},{"@type":"WebSite","@id":"https:\/\/centrumzaburzenodzywiania.pl\/strefaspecjalisty\/#website","url":"https:\/\/centrumzaburzenodzywiania.pl\/strefaspecjalisty\/","name":"Strefa Specjalisty - Og\u00f3lnopolskie Centrum Zaburze\u0144 Od\u017cywiania","description":"Strefa Specjalisty - Og\u00f3lnopolskie Centrum Zaburze\u0144 Od\u017cywiania","publisher":{"@id":"https:\/\/centrumzaburzenodzywiania.pl\/strefaspecjalisty\/#organization"},"potentialAction":[{"@type":"SearchAction","target":{"@type":"EntryPoint","urlTemplate":"https:\/\/centrumzaburzenodzywiania.pl\/strefaspecjalisty\/?s={search_term_string}"},"query-input":{"@type":"PropertyValueSpecification","valueRequired":true,"valueName":"search_term_string"}}],"inLanguage":"pl-PL"},{"@type":"Organization","@id":"https:\/\/centrumzaburzenodzywiania.pl\/strefaspecjalisty\/#organization","name":"Strefa Specjalisty - Og\u00f3lnopolskie Centrum Zaburze\u0144 Od\u017cywiania","url":"https:\/\/centrumzaburzenodzywiania.pl\/strefaspecjalisty\/","logo":{"@type":"ImageObject","inLanguage":"pl-PL","@id":"https:\/\/centrumzaburzenodzywiania.pl\/strefaspecjalisty\/#\/schema\/logo\/image\/","url":"https:\/\/centrumzaburzenodzywiania.pl\/strefaspecjalisty\/wp-content\/uploads\/2025\/11\/logo.png","contentUrl":"https:\/\/centrumzaburzenodzywiania.pl\/strefaspecjalisty\/wp-content\/uploads\/2025\/11\/logo.png","width":141,"height":54,"caption":"Strefa Specjalisty - Og\u00f3lnopolskie Centrum Zaburze\u0144 Od\u017cywiania"},"image":{"@id":"https:\/\/centrumzaburzenodzywiania.pl\/strefaspecjalisty\/#\/schema\/logo\/image\/"}}]}},"_links":{"self":[{"href":"https:\/\/centrumzaburzenodzywiania.pl\/strefaspecjalisty\/wp-json\/wp\/v2\/product\/3452","targetHints":{"allow":["GET"]}}],"collection":[{"href":"https:\/\/centrumzaburzenodzywiania.pl\/strefaspecjalisty\/wp-json\/wp\/v2\/product"}],"about":[{"href":"https:\/\/centrumzaburzenodzywiania.pl\/strefaspecjalisty\/wp-json\/wp\/v2\/types\/product"}],"replies":[{"embeddable":true,"href":"https:\/\/centrumzaburzenodzywiania.pl\/strefaspecjalisty\/wp-json\/wp\/v2\/comments?post=3452"}],"wp:featuredmedia":[{"embeddable":true,"href":"https:\/\/centrumzaburzenodzywiania.pl\/strefaspecjalisty\/wp-json\/wp\/v2\/media\/3454"}],"wp:attachment":[{"href":"https:\/\/centrumzaburzenodzywiania.pl\/strefaspecjalisty\/wp-json\/wp\/v2\/media?parent=3452"}],"wp:term":[{"taxonomy":"product_brand","embeddable":true,"href":"https:\/\/centrumzaburzenodzywiania.pl\/strefaspecjalisty\/wp-json\/wp\/v2\/product_brand?post=3452"},{"taxonomy":"product_cat","embeddable":true,"href":"https:\/\/centrumzaburzenodzywiania.pl\/strefaspecjalisty\/wp-json\/wp\/v2\/product_cat?post=3452"},{"taxonomy":"product_tag","embeddable":true,"href":"https:\/\/centrumzaburzenodzywiania.pl\/strefaspecjalisty\/wp-json\/wp\/v2\/product_tag?post=3452"}],"curies":[{"name":"wp","href":"https:\/\/api.w.org\/{rel}","templated":true}]}}