{"id":3446,"date":"2025-09-22T08:44:27","date_gmt":"2025-09-22T06:44:27","guid":{"rendered":"https:\/\/centrumzaburzenodzywiania.pl\/strefaspecjalisty\/?post_type=product&#038;p=3446"},"modified":"2026-01-31T20:19:01","modified_gmt":"2026-01-31T19:19:01","slug":"dietaanoreksja","status":"publish","type":"product","link":"https:\/\/centrumzaburzenodzywiania.pl\/strefaspecjalisty\/produkt\/dietaanoreksja\/","title":{"rendered":"[E-book] Jak ogarn\u0105\u0107 diet\u0119 dziecka z anoreksj\u0105? Przewodnik dla rodzic\u00f3w"},"content":{"rendered":"","protected":false},"excerpt":{"rendered":"<p data-start=\"124\" data-end=\"496\"><strong data-start=\"70\" data-end=\"120\">E-book \u201eJak ogarn\u0105\u0107 diet\u0119 dziecka z anoreksj\u0105\u201d<br \/>\n<\/strong><\/p>\n<p data-start=\"124\" data-end=\"496\">\ud83d\udfe1 110 stron i 4 rozdzia\u0142y \u2013 bez zb\u0119dnej teorii<br data-start=\"171\" data-end=\"174\" \/>\ud83d\udfe1 Odpowiedzi na realne pytania rodzic\u00f3w:<br data-start=\"215\" data-end=\"218\" \/>\u2013 Co robi\u0107, gdy dziecko je tylko 3 produkty?<br data-start=\"262\" data-end=\"265\" \/>\u2013 Jak reagowa\u0107 na wahania wagi i op\u00f3r?<br data-start=\"303\" data-end=\"306\" \/>\u2013 Jak rozszerza\u0107 diet\u0119 jako\u015bciowo \u2013 nie tylko \u201eile\u201d, ale \u201eco\u201d?<br data-start=\"368\" data-end=\"371\" \/>\ud83d\udfe1 Konkretne przyk\u0142ady mikrozmian. schematy rozszerzania diety<\/p>\n<p data-start=\"124\" data-end=\"496\">Odpowiedzi na najcz\u0119stsze pytania rodzic\u00f3w<br \/>\n\ud83d\udfe1 Prosty, zrozumia\u0142y j\u0119zyk, kt\u00f3ry pomaga pouk\u0142ada\u0107 chaos<\/p>\n<p data-start=\"498\" data-end=\"550\">\ud83d\udce6 Format: PDF<br data-start=\"512\" data-end=\"515\" \/>\ud83d\udce5 Dost\u0119p: natychmiast po zakupie<\/p>\n<h2 data-start=\"52\" data-end=\"316\"><strong data-start=\"52\" data-end=\"126\">SPIS TRE\u015aCI:<\/strong><\/h2>\n<p data-start=\"52\" data-end=\"316\"><strong data-start=\"52\" data-end=\"126\"><br \/>\nROZDZIA\u0141 1 \u2013 W JAKIM MIEJSCU TERAZ JESTE\u015a \u2013 PIGU\u0141KA WIEDZY O ANOREKSJI<\/strong><br data-start=\"126\" data-end=\"129\" \/>1.1. Czy to na pewno anoreksja \u2013 na co zwr\u00f3ci\u0107 uwag\u0119 i jak dzia\u0142a?<br data-start=\"195\" data-end=\"198\" \/>1.2. Dawka wiedzy o tym, co to jest anoreksja.<br data-start=\"244\" data-end=\"247\" \/>1.3. Jakie s\u0105 mo\u017cliwo\u015bci leczenia dziecka choruj\u0105cego na anoreksj\u0119?<\/p>\n<p data-start=\"318\" data-end=\"657\"><strong data-start=\"318\" data-end=\"409\">ROZDZIA\u0141 2 \u2013 DLACZEGO JEDZENIE RATUJE \u017bYCIE? O PRZYRO\u015aCIE WAGI I TWOJEJ ROLI W LECZENIU<\/strong><br data-start=\"409\" data-end=\"412\" \/>2.1. Dlaczego przywr\u00f3cenie prawid\u0142owej wagi jest kluczowe w leczeniu anoreksji?<br data-start=\"491\" data-end=\"494\" \/>2.2. Co si\u0119 dzieje w ciele Twojego dziecka? Czyli o konsekwencjach restrykcji \u017cywieniowej.<br data-start=\"584\" data-end=\"587\" \/>2.3. O roli dietetyka i rodzica w procesie rehabilitacji masy cia\u0142a.<\/p>\n<p data-start=\"659\" data-end=\"1312\"><strong data-start=\"659\" data-end=\"736\">ROZDZIA\u0141 3 \u2013 JAK WYGL\u0104DA PROCES REHABILITACJI MASY CIA\u0141A W KROK PO KROKU?<\/strong><br data-start=\"736\" data-end=\"739\" \/>3.1. Bezpiecze\u0144stwo prowadzenia rehabilitacji masy cia\u0142a w warunkach domowych.<br data-start=\"817\" data-end=\"820\" \/>3.2. Zasady, kt\u00f3re daj\u0105 bezpiecze\u0144stwo.<br data-start=\"859\" data-end=\"862\" \/>3.3. Ile powinno je\u015b\u0107 moje dziecko? \u2013 o pierwszych krokach w od\u017cywieniu i zapotrzebowaniu energetycznym.<br data-start=\"966\" data-end=\"969\" \/>3.4. Jakimi metodami wspiera\u0107 dziecko w rozszerzaniu diety?<br data-start=\"1028\" data-end=\"1031\" \/>3.5. Objawy somatyczne podczas zwi\u0119kszania kaloryczno\u015bci diety.<br data-start=\"1094\" data-end=\"1097\" \/>3.6. Zmiany masy cia\u0142a w procesie zdrowienia \u2013 co zale\u017cy od nas, a co nie?<br data-start=\"1171\" data-end=\"1174\" \/>3.7. Napady objadania, a mo\u017ce \u201eg\u0142\u00f3d ekstremalny\u201d?<br data-start=\"1223\" data-end=\"1226\" \/>3.8. Suplementacja w procesie zdrowienia \u2013 co warto wiedzie\u0107 i kiedy jest potrzebna?<\/p>\n<p data-start=\"1314\" data-end=\"1474\"><strong data-start=\"1314\" data-end=\"1377\">ROZDZIA\u0141 4 \u2013 W STRON\u0118 ELASTYCZNO\u015aCI I INTUICYJNEGO JEDZENIA<\/strong><br data-start=\"1377\" data-end=\"1380\" \/>4.1. Balans mi\u0119dzy kontrol\u0105 a szacunkiem do granic dziecka.<br data-start=\"1439\" data-end=\"1442\" \/>4.2. Wasza indywidualna droga.<\/p>\n<p data-start=\"498\" data-end=\"550\">\n","protected":false},"featured_media":3447,"comment_status":"closed","ping_status":"closed","template":"","meta":{"_acf_changed":false,"inline_featured_image":false},"product_brand":[],"product_cat":[22],"product_tag":[],"class_list":{"0":"post-3446","1":"product","2":"type-product","3":"status-publish","4":"has-post-thumbnail","6":"product_cat-dla-kazdego","8":"first","9":"instock","10":"downloadable","11":"virtual","12":"taxable","13":"purchasable","14":"product-type-simple"},"acf":[],"yoast_head":"<!-- This site is optimized with the Yoast SEO plugin v27.4 - https:\/\/yoast.com\/product\/yoast-seo-wordpress\/ -->\n<title>[E-book] Jak ogarn\u0105\u0107 diet\u0119 dziecka z anoreksj\u0105? Przewodnik dla rodzic\u00f3w - Strefa Specjalisty - Og\u00f3lnopolskie Centrum Zaburze\u0144 Od\u017cywiania<\/title>\n<meta name=\"description\" content=\"Praktyczny e-book dla rodzic\u00f3w dziecka z anoreksj\u0105. Jak bezpiecznie rozszerza\u0107 diet\u0119, reagowa\u0107 na op\u00f3r, wahania wagi i chaos wok\u00f3\u0142 jedzenia.\" \/>\n<meta name=\"robots\" content=\"index, follow, max-snippet:-1, max-image-preview:large, max-video-preview:-1\" \/>\n<link rel=\"canonical\" href=\"https:\/\/centrumzaburzenodzywiania.pl\/strefaspecjalisty\/produkt\/dietaanoreksja\/\" \/>\n<meta property=\"og:locale\" content=\"pl_PL\" \/>\n<meta property=\"og:type\" content=\"article\" \/>\n<meta property=\"og:title\" content=\"[E-book] Jak ogarn\u0105\u0107 diet\u0119 dziecka z anoreksj\u0105? Przewodnik dla rodzic\u00f3w - Strefa Specjalisty - Og\u00f3lnopolskie Centrum Zaburze\u0144 Od\u017cywiania\" \/>\n<meta property=\"og:description\" content=\"Praktyczny e-book dla rodzic\u00f3w dziecka z anoreksj\u0105. Jak bezpiecznie rozszerza\u0107 diet\u0119, reagowa\u0107 na op\u00f3r, wahania wagi i chaos wok\u00f3\u0142 jedzenia.\" \/>\n<meta property=\"og:url\" content=\"https:\/\/centrumzaburzenodzywiania.pl\/strefaspecjalisty\/produkt\/dietaanoreksja\/\" \/>\n<meta property=\"og:site_name\" content=\"Strefa Specjalisty - Og\u00f3lnopolskie Centrum Zaburze\u0144 Od\u017cywiania\" \/>\n<meta property=\"article:modified_time\" content=\"2026-01-31T19:19:01+00:00\" \/>\n<meta property=\"og:image\" content=\"https:\/\/centrumzaburzenodzywiania.pl\/strefaspecjalisty\/wp-content\/uploads\/2025\/09\/Ebook-rodzice-grafiki-reklamy.png\" \/>\n\t<meta property=\"og:image:width\" content=\"1080\" \/>\n\t<meta property=\"og:image:height\" content=\"1080\" \/>\n\t<meta property=\"og:image:type\" content=\"image\/png\" \/>\n<meta name=\"twitter:card\" content=\"summary_large_image\" \/>\n<meta name=\"twitter:label1\" content=\"Szacowany czas czytania\" \/>\n\t<meta name=\"twitter:data1\" content=\"1 minuta\" \/>\n<script type=\"application\/ld+json\" class=\"yoast-schema-graph\">{\"@context\":\"https:\\\/\\\/schema.org\",\"@graph\":[{\"@type\":\"WebPage\",\"@id\":\"https:\\\/\\\/centrumzaburzenodzywiania.pl\\\/strefaspecjalisty\\\/produkt\\\/dietaanoreksja\\\/\",\"url\":\"https:\\\/\\\/centrumzaburzenodzywiania.pl\\\/strefaspecjalisty\\\/produkt\\\/dietaanoreksja\\\/\",\"name\":\"[E-book] Jak ogarn\u0105\u0107 diet\u0119 dziecka z anoreksj\u0105? Przewodnik dla rodzic\u00f3w - Strefa Specjalisty - Og\u00f3lnopolskie Centrum Zaburze\u0144 Od\u017cywiania\",\"isPartOf\":{\"@id\":\"https:\\\/\\\/centrumzaburzenodzywiania.pl\\\/strefaspecjalisty\\\/#website\"},\"primaryImageOfPage\":{\"@id\":\"https:\\\/\\\/centrumzaburzenodzywiania.pl\\\/strefaspecjalisty\\\/produkt\\\/dietaanoreksja\\\/#primaryimage\"},\"image\":{\"@id\":\"https:\\\/\\\/centrumzaburzenodzywiania.pl\\\/strefaspecjalisty\\\/produkt\\\/dietaanoreksja\\\/#primaryimage\"},\"thumbnailUrl\":\"https:\\\/\\\/centrumzaburzenodzywiania.pl\\\/strefaspecjalisty\\\/wp-content\\\/uploads\\\/2025\\\/09\\\/Ebook-rodzice-grafiki-reklamy.png\",\"datePublished\":\"2025-09-22T06:44:27+00:00\",\"dateModified\":\"2026-01-31T19:19:01+00:00\",\"description\":\"Praktyczny e-book dla rodzic\u00f3w dziecka z anoreksj\u0105. Jak bezpiecznie rozszerza\u0107 diet\u0119, reagowa\u0107 na op\u00f3r, wahania wagi i chaos wok\u00f3\u0142 jedzenia.\",\"breadcrumb\":{\"@id\":\"https:\\\/\\\/centrumzaburzenodzywiania.pl\\\/strefaspecjalisty\\\/produkt\\\/dietaanoreksja\\\/#breadcrumb\"},\"inLanguage\":\"pl-PL\",\"potentialAction\":[{\"@type\":\"ReadAction\",\"target\":[\"https:\\\/\\\/centrumzaburzenodzywiania.pl\\\/strefaspecjalisty\\\/produkt\\\/dietaanoreksja\\\/\"]}]},{\"@type\":\"ImageObject\",\"inLanguage\":\"pl-PL\",\"@id\":\"https:\\\/\\\/centrumzaburzenodzywiania.pl\\\/strefaspecjalisty\\\/produkt\\\/dietaanoreksja\\\/#primaryimage\",\"url\":\"https:\\\/\\\/centrumzaburzenodzywiania.pl\\\/strefaspecjalisty\\\/wp-content\\\/uploads\\\/2025\\\/09\\\/Ebook-rodzice-grafiki-reklamy.png\",\"contentUrl\":\"https:\\\/\\\/centrumzaburzenodzywiania.pl\\\/strefaspecjalisty\\\/wp-content\\\/uploads\\\/2025\\\/09\\\/Ebook-rodzice-grafiki-reklamy.png\",\"width\":1080,\"height\":1080},{\"@type\":\"BreadcrumbList\",\"@id\":\"https:\\\/\\\/centrumzaburzenodzywiania.pl\\\/strefaspecjalisty\\\/produkt\\\/dietaanoreksja\\\/#breadcrumb\",\"itemListElement\":[{\"@type\":\"ListItem\",\"position\":1,\"name\":\"Strona g\u0142\u00f3wna\",\"item\":\"https:\\\/\\\/centrumzaburzenodzywiania.pl\\\/strefaspecjalisty\\\/\"},{\"@type\":\"ListItem\",\"position\":2,\"name\":\"Sklep\",\"item\":\"https:\\\/\\\/centrumzaburzenodzywiania.pl\\\/strefaspecjalisty\\\/sklep\\\/\"},{\"@type\":\"ListItem\",\"position\":3,\"name\":\"[E-book] Jak ogarn\u0105\u0107 diet\u0119 dziecka z anoreksj\u0105? Przewodnik dla rodzic\u00f3w\"}]},{\"@type\":\"WebSite\",\"@id\":\"https:\\\/\\\/centrumzaburzenodzywiania.pl\\\/strefaspecjalisty\\\/#website\",\"url\":\"https:\\\/\\\/centrumzaburzenodzywiania.pl\\\/strefaspecjalisty\\\/\",\"name\":\"Strefa Specjalisty - Og\u00f3lnopolskie Centrum Zaburze\u0144 Od\u017cywiania\",\"description\":\"Strefa Specjalisty - Og\u00f3lnopolskie Centrum Zaburze\u0144 Od\u017cywiania\",\"publisher\":{\"@id\":\"https:\\\/\\\/centrumzaburzenodzywiania.pl\\\/strefaspecjalisty\\\/#organization\"},\"potentialAction\":[{\"@type\":\"SearchAction\",\"target\":{\"@type\":\"EntryPoint\",\"urlTemplate\":\"https:\\\/\\\/centrumzaburzenodzywiania.pl\\\/strefaspecjalisty\\\/?s={search_term_string}\"},\"query-input\":{\"@type\":\"PropertyValueSpecification\",\"valueRequired\":true,\"valueName\":\"search_term_string\"}}],\"inLanguage\":\"pl-PL\"},{\"@type\":\"Organization\",\"@id\":\"https:\\\/\\\/centrumzaburzenodzywiania.pl\\\/strefaspecjalisty\\\/#organization\",\"name\":\"Strefa Specjalisty - Og\u00f3lnopolskie Centrum Zaburze\u0144 Od\u017cywiania\",\"url\":\"https:\\\/\\\/centrumzaburzenodzywiania.pl\\\/strefaspecjalisty\\\/\",\"logo\":{\"@type\":\"ImageObject\",\"inLanguage\":\"pl-PL\",\"@id\":\"https:\\\/\\\/centrumzaburzenodzywiania.pl\\\/strefaspecjalisty\\\/#\\\/schema\\\/logo\\\/image\\\/\",\"url\":\"https:\\\/\\\/centrumzaburzenodzywiania.pl\\\/strefaspecjalisty\\\/wp-content\\\/uploads\\\/2025\\\/11\\\/logo.png\",\"contentUrl\":\"https:\\\/\\\/centrumzaburzenodzywiania.pl\\\/strefaspecjalisty\\\/wp-content\\\/uploads\\\/2025\\\/11\\\/logo.png\",\"width\":141,\"height\":54,\"caption\":\"Strefa Specjalisty - Og\u00f3lnopolskie Centrum Zaburze\u0144 Od\u017cywiania\"},\"image\":{\"@id\":\"https:\\\/\\\/centrumzaburzenodzywiania.pl\\\/strefaspecjalisty\\\/#\\\/schema\\\/logo\\\/image\\\/\"}}]}<\/script>\n<!-- \/ Yoast SEO plugin. -->","yoast_head_json":{"title":"[E-book] Jak ogarn\u0105\u0107 diet\u0119 dziecka z anoreksj\u0105? Przewodnik dla rodzic\u00f3w - Strefa Specjalisty - Og\u00f3lnopolskie Centrum Zaburze\u0144 Od\u017cywiania","description":"Praktyczny e-book dla rodzic\u00f3w dziecka z anoreksj\u0105. Jak bezpiecznie rozszerza\u0107 diet\u0119, reagowa\u0107 na op\u00f3r, wahania wagi i chaos wok\u00f3\u0142 jedzenia.","robots":{"index":"index","follow":"follow","max-snippet":"max-snippet:-1","max-image-preview":"max-image-preview:large","max-video-preview":"max-video-preview:-1"},"canonical":"https:\/\/centrumzaburzenodzywiania.pl\/strefaspecjalisty\/produkt\/dietaanoreksja\/","og_locale":"pl_PL","og_type":"article","og_title":"[E-book] Jak ogarn\u0105\u0107 diet\u0119 dziecka z anoreksj\u0105? Przewodnik dla rodzic\u00f3w - Strefa Specjalisty - Og\u00f3lnopolskie Centrum Zaburze\u0144 Od\u017cywiania","og_description":"Praktyczny e-book dla rodzic\u00f3w dziecka z anoreksj\u0105. Jak bezpiecznie rozszerza\u0107 diet\u0119, reagowa\u0107 na op\u00f3r, wahania wagi i chaos wok\u00f3\u0142 jedzenia.","og_url":"https:\/\/centrumzaburzenodzywiania.pl\/strefaspecjalisty\/produkt\/dietaanoreksja\/","og_site_name":"Strefa Specjalisty - Og\u00f3lnopolskie Centrum Zaburze\u0144 Od\u017cywiania","article_modified_time":"2026-01-31T19:19:01+00:00","og_image":[{"width":1080,"height":1080,"url":"https:\/\/centrumzaburzenodzywiania.pl\/strefaspecjalisty\/wp-content\/uploads\/2025\/09\/Ebook-rodzice-grafiki-reklamy.png","type":"image\/png"}],"twitter_card":"summary_large_image","twitter_misc":{"Szacowany czas czytania":"1 minuta"},"schema":{"@context":"https:\/\/schema.org","@graph":[{"@type":"WebPage","@id":"https:\/\/centrumzaburzenodzywiania.pl\/strefaspecjalisty\/produkt\/dietaanoreksja\/","url":"https:\/\/centrumzaburzenodzywiania.pl\/strefaspecjalisty\/produkt\/dietaanoreksja\/","name":"[E-book] Jak ogarn\u0105\u0107 diet\u0119 dziecka z anoreksj\u0105? Przewodnik dla rodzic\u00f3w - Strefa Specjalisty - Og\u00f3lnopolskie Centrum Zaburze\u0144 Od\u017cywiania","isPartOf":{"@id":"https:\/\/centrumzaburzenodzywiania.pl\/strefaspecjalisty\/#website"},"primaryImageOfPage":{"@id":"https:\/\/centrumzaburzenodzywiania.pl\/strefaspecjalisty\/produkt\/dietaanoreksja\/#primaryimage"},"image":{"@id":"https:\/\/centrumzaburzenodzywiania.pl\/strefaspecjalisty\/produkt\/dietaanoreksja\/#primaryimage"},"thumbnailUrl":"https:\/\/centrumzaburzenodzywiania.pl\/strefaspecjalisty\/wp-content\/uploads\/2025\/09\/Ebook-rodzice-grafiki-reklamy.png","datePublished":"2025-09-22T06:44:27+00:00","dateModified":"2026-01-31T19:19:01+00:00","description":"Praktyczny e-book dla rodzic\u00f3w dziecka z anoreksj\u0105. Jak bezpiecznie rozszerza\u0107 diet\u0119, reagowa\u0107 na op\u00f3r, wahania wagi i chaos wok\u00f3\u0142 jedzenia.","breadcrumb":{"@id":"https:\/\/centrumzaburzenodzywiania.pl\/strefaspecjalisty\/produkt\/dietaanoreksja\/#breadcrumb"},"inLanguage":"pl-PL","potentialAction":[{"@type":"ReadAction","target":["https:\/\/centrumzaburzenodzywiania.pl\/strefaspecjalisty\/produkt\/dietaanoreksja\/"]}]},{"@type":"ImageObject","inLanguage":"pl-PL","@id":"https:\/\/centrumzaburzenodzywiania.pl\/strefaspecjalisty\/produkt\/dietaanoreksja\/#primaryimage","url":"https:\/\/centrumzaburzenodzywiania.pl\/strefaspecjalisty\/wp-content\/uploads\/2025\/09\/Ebook-rodzice-grafiki-reklamy.png","contentUrl":"https:\/\/centrumzaburzenodzywiania.pl\/strefaspecjalisty\/wp-content\/uploads\/2025\/09\/Ebook-rodzice-grafiki-reklamy.png","width":1080,"height":1080},{"@type":"BreadcrumbList","@id":"https:\/\/centrumzaburzenodzywiania.pl\/strefaspecjalisty\/produkt\/dietaanoreksja\/#breadcrumb","itemListElement":[{"@type":"ListItem","position":1,"name":"Strona g\u0142\u00f3wna","item":"https:\/\/centrumzaburzenodzywiania.pl\/strefaspecjalisty\/"},{"@type":"ListItem","position":2,"name":"Sklep","item":"https:\/\/centrumzaburzenodzywiania.pl\/strefaspecjalisty\/sklep\/"},{"@type":"ListItem","position":3,"name":"[E-book] Jak ogarn\u0105\u0107 diet\u0119 dziecka z anoreksj\u0105? Przewodnik dla rodzic\u00f3w"}]},{"@type":"WebSite","@id":"https:\/\/centrumzaburzenodzywiania.pl\/strefaspecjalisty\/#website","url":"https:\/\/centrumzaburzenodzywiania.pl\/strefaspecjalisty\/","name":"Strefa Specjalisty - Og\u00f3lnopolskie Centrum Zaburze\u0144 Od\u017cywiania","description":"Strefa Specjalisty - Og\u00f3lnopolskie Centrum Zaburze\u0144 Od\u017cywiania","publisher":{"@id":"https:\/\/centrumzaburzenodzywiania.pl\/strefaspecjalisty\/#organization"},"potentialAction":[{"@type":"SearchAction","target":{"@type":"EntryPoint","urlTemplate":"https:\/\/centrumzaburzenodzywiania.pl\/strefaspecjalisty\/?s={search_term_string}"},"query-input":{"@type":"PropertyValueSpecification","valueRequired":true,"valueName":"search_term_string"}}],"inLanguage":"pl-PL"},{"@type":"Organization","@id":"https:\/\/centrumzaburzenodzywiania.pl\/strefaspecjalisty\/#organization","name":"Strefa Specjalisty - Og\u00f3lnopolskie Centrum Zaburze\u0144 Od\u017cywiania","url":"https:\/\/centrumzaburzenodzywiania.pl\/strefaspecjalisty\/","logo":{"@type":"ImageObject","inLanguage":"pl-PL","@id":"https:\/\/centrumzaburzenodzywiania.pl\/strefaspecjalisty\/#\/schema\/logo\/image\/","url":"https:\/\/centrumzaburzenodzywiania.pl\/strefaspecjalisty\/wp-content\/uploads\/2025\/11\/logo.png","contentUrl":"https:\/\/centrumzaburzenodzywiania.pl\/strefaspecjalisty\/wp-content\/uploads\/2025\/11\/logo.png","width":141,"height":54,"caption":"Strefa Specjalisty - Og\u00f3lnopolskie Centrum Zaburze\u0144 Od\u017cywiania"},"image":{"@id":"https:\/\/centrumzaburzenodzywiania.pl\/strefaspecjalisty\/#\/schema\/logo\/image\/"}}]}},"_links":{"self":[{"href":"https:\/\/centrumzaburzenodzywiania.pl\/strefaspecjalisty\/wp-json\/wp\/v2\/product\/3446","targetHints":{"allow":["GET"]}}],"collection":[{"href":"https:\/\/centrumzaburzenodzywiania.pl\/strefaspecjalisty\/wp-json\/wp\/v2\/product"}],"about":[{"href":"https:\/\/centrumzaburzenodzywiania.pl\/strefaspecjalisty\/wp-json\/wp\/v2\/types\/product"}],"replies":[{"embeddable":true,"href":"https:\/\/centrumzaburzenodzywiania.pl\/strefaspecjalisty\/wp-json\/wp\/v2\/comments?post=3446"}],"wp:featuredmedia":[{"embeddable":true,"href":"https:\/\/centrumzaburzenodzywiania.pl\/strefaspecjalisty\/wp-json\/wp\/v2\/media\/3447"}],"wp:attachment":[{"href":"https:\/\/centrumzaburzenodzywiania.pl\/strefaspecjalisty\/wp-json\/wp\/v2\/media?parent=3446"}],"wp:term":[{"taxonomy":"product_brand","embeddable":true,"href":"https:\/\/centrumzaburzenodzywiania.pl\/strefaspecjalisty\/wp-json\/wp\/v2\/product_brand?post=3446"},{"taxonomy":"product_cat","embeddable":true,"href":"https:\/\/centrumzaburzenodzywiania.pl\/strefaspecjalisty\/wp-json\/wp\/v2\/product_cat?post=3446"},{"taxonomy":"product_tag","embeddable":true,"href":"https:\/\/centrumzaburzenodzywiania.pl\/strefaspecjalisty\/wp-json\/wp\/v2\/product_tag?post=3446"}],"curies":[{"name":"wp","href":"https:\/\/api.w.org\/{rel}","templated":true}]}}