{"id":2404,"date":"2024-06-20T12:02:47","date_gmt":"2024-06-20T10:02:47","guid":{"rendered":"https:\/\/centrumzaburzenodzywiania.pl\/strefaspecjalisty\/?post_type=product&#038;p=2404"},"modified":"2026-01-31T20:15:32","modified_gmt":"2026-01-31T19:15:32","slug":"e-book-interdyscyplinarny-program-leczenia-bulimia","status":"publish","type":"product","link":"https:\/\/centrumzaburzenodzywiania.pl\/strefaspecjalisty\/produkt\/e-book-interdyscyplinarny-program-leczenia-bulimia\/","title":{"rendered":"[E-book] Interdyscyplinarny program leczenia. BULIMIA"},"content":{"rendered":"","protected":false},"excerpt":{"rendered":"<p><strong>Jak wygl\u0105da \u201cInterdyscyplinarny program leczenia. BULIMIA \u201c od \u015brodka?\u00a0<\/strong><\/p>\n<ul>\n<li>pe\u0142en plan leczenia pacjenta choruj\u0105cego na bulimi\u0119<\/li>\n<li>44 sesji psychoterapeutycznych<\/li>\n<li>13 spotka\u0144 z dietetykiem<\/li>\n<li><strong>tj. 57 dok\u0142adnie opisanych sesji z pacjentem<\/strong><\/li>\n<\/ul>\n<ul>\n<li>arkusze pracy w\u0142asnej dla specjalisty i pacjenta<\/li>\n<li>sprawdzone modele i narz\u0119dzia<\/li>\n<li>ca\u0142e mn\u00f3stwo wskaz\u00f3wek<\/li>\n<\/ul>\n<p><strong>To kompleksowa publikacja pokazuj\u0105ca drog\u0119 pacjenta \u2013 od pierwszego do ostatniego spotkania. Uwzgl\u0119dnia przebieg psychoterapii oraz wszystkie spotkania z dietetykiem. Przepe\u0142niona praktycznymi wskaz\u00f3wkami stanie si\u0119 drogowskazem dla wielu specjalist\u00f3w.<\/strong><\/p>\n<p>Je\u015bli jeste\u015b ju\u017c specjalist\u0105, kt\u00f3ry pracuje z pacjentami\u00a0 z ED w gabinecie\u00a0lub jeste\u015b dopiero na pocz\u0105tku i chcesz zobaczy\u0107 jak krok po kroku mo\u017ce wygl\u0105da\u0107 proces leczenia pacjenta, ten ebook da Ci t\u0119 mo\u017cliwo\u015b\u0107.<\/p>\n<p>Stworzyli\u015bmy go, by rozszerzy\u0107 perspektyw\u0119 patrzenia na bulimi\u0119 w\u0142a\u015bnie w oparciu o nasz interdyscyplinarny model wsp\u00f3\u0142pracy.<\/p>\n<p>Format eBooka \u2013 PDF<\/p>\n","protected":false},"featured_media":2405,"comment_status":"closed","ping_status":"closed","template":"","meta":{"_acf_changed":false,"inline_featured_image":false},"product_brand":[],"product_cat":[23,21],"product_tag":[],"class_list":{"0":"post-2404","1":"product","2":"type-product","3":"status-publish","4":"has-post-thumbnail","6":"product_cat-dla-specjalistow","7":"product_cat-platforma","9":"first","10":"instock","11":"virtual","12":"taxable","13":"purchasable","14":"product-type-simple"},"acf":[],"yoast_head":"<!-- This site is optimized with the Yoast SEO plugin v27.4 - https:\/\/yoast.com\/product\/yoast-seo-wordpress\/ -->\n<title>[E-book] Interdyscyplinarny program leczenia. BULIMIA - Strefa Specjalisty - Og\u00f3lnopolskie Centrum Zaburze\u0144 Od\u017cywiania<\/title>\n<meta name=\"description\" content=\"Kompleksowy interdyscyplinarny program leczenia bulimii. Modele i narz\u0119dzia do pracy z pacjentem z ED. Praktyczny przewodnik krok po kroku dla specjalist\u00f3w.\" \/>\n<meta name=\"robots\" content=\"index, follow, max-snippet:-1, max-image-preview:large, max-video-preview:-1\" \/>\n<link rel=\"canonical\" href=\"https:\/\/centrumzaburzenodzywiania.pl\/strefaspecjalisty\/produkt\/e-book-interdyscyplinarny-program-leczenia-bulimia\/\" \/>\n<meta property=\"og:locale\" content=\"pl_PL\" \/>\n<meta property=\"og:type\" content=\"article\" \/>\n<meta property=\"og:title\" content=\"[E-book] Interdyscyplinarny program leczenia. BULIMIA - Strefa Specjalisty - Og\u00f3lnopolskie Centrum Zaburze\u0144 Od\u017cywiania\" \/>\n<meta property=\"og:description\" content=\"Kompleksowy interdyscyplinarny program leczenia bulimii. Modele i narz\u0119dzia do pracy z pacjentem z ED. Praktyczny przewodnik krok po kroku dla specjalist\u00f3w.\" \/>\n<meta property=\"og:url\" content=\"https:\/\/centrumzaburzenodzywiania.pl\/strefaspecjalisty\/produkt\/e-book-interdyscyplinarny-program-leczenia-bulimia\/\" \/>\n<meta property=\"og:site_name\" content=\"Strefa Specjalisty - Og\u00f3lnopolskie Centrum Zaburze\u0144 Od\u017cywiania\" \/>\n<meta property=\"article:modified_time\" content=\"2026-01-31T19:15:32+00:00\" \/>\n<meta property=\"og:image\" content=\"https:\/\/centrumzaburzenodzywiania.pl\/strefaspecjalisty\/wp-content\/uploads\/2024\/06\/e-book_bulimia_sklep.png\" \/>\n\t<meta property=\"og:image:width\" content=\"1080\" \/>\n\t<meta property=\"og:image:height\" content=\"1080\" \/>\n\t<meta property=\"og:image:type\" content=\"image\/png\" \/>\n<meta name=\"twitter:card\" content=\"summary_large_image\" \/>\n<meta name=\"twitter:label1\" content=\"Szacowany czas czytania\" \/>\n\t<meta name=\"twitter:data1\" content=\"1 minuta\" \/>\n<script type=\"application\/ld+json\" class=\"yoast-schema-graph\">{\"@context\":\"https:\\\/\\\/schema.org\",\"@graph\":[{\"@type\":\"WebPage\",\"@id\":\"https:\\\/\\\/centrumzaburzenodzywiania.pl\\\/strefaspecjalisty\\\/produkt\\\/e-book-interdyscyplinarny-program-leczenia-bulimia\\\/\",\"url\":\"https:\\\/\\\/centrumzaburzenodzywiania.pl\\\/strefaspecjalisty\\\/produkt\\\/e-book-interdyscyplinarny-program-leczenia-bulimia\\\/\",\"name\":\"[E-book] Interdyscyplinarny program leczenia. BULIMIA - Strefa Specjalisty - Og\u00f3lnopolskie Centrum Zaburze\u0144 Od\u017cywiania\",\"isPartOf\":{\"@id\":\"https:\\\/\\\/centrumzaburzenodzywiania.pl\\\/strefaspecjalisty\\\/#website\"},\"primaryImageOfPage\":{\"@id\":\"https:\\\/\\\/centrumzaburzenodzywiania.pl\\\/strefaspecjalisty\\\/produkt\\\/e-book-interdyscyplinarny-program-leczenia-bulimia\\\/#primaryimage\"},\"image\":{\"@id\":\"https:\\\/\\\/centrumzaburzenodzywiania.pl\\\/strefaspecjalisty\\\/produkt\\\/e-book-interdyscyplinarny-program-leczenia-bulimia\\\/#primaryimage\"},\"thumbnailUrl\":\"https:\\\/\\\/centrumzaburzenodzywiania.pl\\\/strefaspecjalisty\\\/wp-content\\\/uploads\\\/2024\\\/06\\\/e-book_bulimia_sklep.png\",\"datePublished\":\"2024-06-20T10:02:47+00:00\",\"dateModified\":\"2026-01-31T19:15:32+00:00\",\"description\":\"Kompleksowy interdyscyplinarny program leczenia bulimii. Modele i narz\u0119dzia do pracy z pacjentem z ED. Praktyczny przewodnik krok po kroku dla specjalist\u00f3w.\",\"breadcrumb\":{\"@id\":\"https:\\\/\\\/centrumzaburzenodzywiania.pl\\\/strefaspecjalisty\\\/produkt\\\/e-book-interdyscyplinarny-program-leczenia-bulimia\\\/#breadcrumb\"},\"inLanguage\":\"pl-PL\",\"potentialAction\":[{\"@type\":\"ReadAction\",\"target\":[\"https:\\\/\\\/centrumzaburzenodzywiania.pl\\\/strefaspecjalisty\\\/produkt\\\/e-book-interdyscyplinarny-program-leczenia-bulimia\\\/\"]}]},{\"@type\":\"ImageObject\",\"inLanguage\":\"pl-PL\",\"@id\":\"https:\\\/\\\/centrumzaburzenodzywiania.pl\\\/strefaspecjalisty\\\/produkt\\\/e-book-interdyscyplinarny-program-leczenia-bulimia\\\/#primaryimage\",\"url\":\"https:\\\/\\\/centrumzaburzenodzywiania.pl\\\/strefaspecjalisty\\\/wp-content\\\/uploads\\\/2024\\\/06\\\/e-book_bulimia_sklep.png\",\"contentUrl\":\"https:\\\/\\\/centrumzaburzenodzywiania.pl\\\/strefaspecjalisty\\\/wp-content\\\/uploads\\\/2024\\\/06\\\/e-book_bulimia_sklep.png\",\"width\":1080,\"height\":1080},{\"@type\":\"BreadcrumbList\",\"@id\":\"https:\\\/\\\/centrumzaburzenodzywiania.pl\\\/strefaspecjalisty\\\/produkt\\\/e-book-interdyscyplinarny-program-leczenia-bulimia\\\/#breadcrumb\",\"itemListElement\":[{\"@type\":\"ListItem\",\"position\":1,\"name\":\"Strona g\u0142\u00f3wna\",\"item\":\"https:\\\/\\\/centrumzaburzenodzywiania.pl\\\/strefaspecjalisty\\\/\"},{\"@type\":\"ListItem\",\"position\":2,\"name\":\"Sklep\",\"item\":\"https:\\\/\\\/centrumzaburzenodzywiania.pl\\\/strefaspecjalisty\\\/sklep\\\/\"},{\"@type\":\"ListItem\",\"position\":3,\"name\":\"[E-book] Interdyscyplinarny program leczenia. BULIMIA\"}]},{\"@type\":\"WebSite\",\"@id\":\"https:\\\/\\\/centrumzaburzenodzywiania.pl\\\/strefaspecjalisty\\\/#website\",\"url\":\"https:\\\/\\\/centrumzaburzenodzywiania.pl\\\/strefaspecjalisty\\\/\",\"name\":\"Strefa Specjalisty - Og\u00f3lnopolskie Centrum Zaburze\u0144 Od\u017cywiania\",\"description\":\"Strefa Specjalisty - Og\u00f3lnopolskie Centrum Zaburze\u0144 Od\u017cywiania\",\"publisher\":{\"@id\":\"https:\\\/\\\/centrumzaburzenodzywiania.pl\\\/strefaspecjalisty\\\/#organization\"},\"potentialAction\":[{\"@type\":\"SearchAction\",\"target\":{\"@type\":\"EntryPoint\",\"urlTemplate\":\"https:\\\/\\\/centrumzaburzenodzywiania.pl\\\/strefaspecjalisty\\\/?s={search_term_string}\"},\"query-input\":{\"@type\":\"PropertyValueSpecification\",\"valueRequired\":true,\"valueName\":\"search_term_string\"}}],\"inLanguage\":\"pl-PL\"},{\"@type\":\"Organization\",\"@id\":\"https:\\\/\\\/centrumzaburzenodzywiania.pl\\\/strefaspecjalisty\\\/#organization\",\"name\":\"Strefa Specjalisty - Og\u00f3lnopolskie Centrum Zaburze\u0144 Od\u017cywiania\",\"url\":\"https:\\\/\\\/centrumzaburzenodzywiania.pl\\\/strefaspecjalisty\\\/\",\"logo\":{\"@type\":\"ImageObject\",\"inLanguage\":\"pl-PL\",\"@id\":\"https:\\\/\\\/centrumzaburzenodzywiania.pl\\\/strefaspecjalisty\\\/#\\\/schema\\\/logo\\\/image\\\/\",\"url\":\"https:\\\/\\\/centrumzaburzenodzywiania.pl\\\/strefaspecjalisty\\\/wp-content\\\/uploads\\\/2025\\\/11\\\/logo.png\",\"contentUrl\":\"https:\\\/\\\/centrumzaburzenodzywiania.pl\\\/strefaspecjalisty\\\/wp-content\\\/uploads\\\/2025\\\/11\\\/logo.png\",\"width\":141,\"height\":54,\"caption\":\"Strefa Specjalisty - Og\u00f3lnopolskie Centrum Zaburze\u0144 Od\u017cywiania\"},\"image\":{\"@id\":\"https:\\\/\\\/centrumzaburzenodzywiania.pl\\\/strefaspecjalisty\\\/#\\\/schema\\\/logo\\\/image\\\/\"}}]}<\/script>\n<!-- \/ Yoast SEO plugin. -->","yoast_head_json":{"title":"[E-book] Interdyscyplinarny program leczenia. BULIMIA - Strefa Specjalisty - Og\u00f3lnopolskie Centrum Zaburze\u0144 Od\u017cywiania","description":"Kompleksowy interdyscyplinarny program leczenia bulimii. Modele i narz\u0119dzia do pracy z pacjentem z ED. Praktyczny przewodnik krok po kroku dla specjalist\u00f3w.","robots":{"index":"index","follow":"follow","max-snippet":"max-snippet:-1","max-image-preview":"max-image-preview:large","max-video-preview":"max-video-preview:-1"},"canonical":"https:\/\/centrumzaburzenodzywiania.pl\/strefaspecjalisty\/produkt\/e-book-interdyscyplinarny-program-leczenia-bulimia\/","og_locale":"pl_PL","og_type":"article","og_title":"[E-book] Interdyscyplinarny program leczenia. BULIMIA - Strefa Specjalisty - Og\u00f3lnopolskie Centrum Zaburze\u0144 Od\u017cywiania","og_description":"Kompleksowy interdyscyplinarny program leczenia bulimii. Modele i narz\u0119dzia do pracy z pacjentem z ED. Praktyczny przewodnik krok po kroku dla specjalist\u00f3w.","og_url":"https:\/\/centrumzaburzenodzywiania.pl\/strefaspecjalisty\/produkt\/e-book-interdyscyplinarny-program-leczenia-bulimia\/","og_site_name":"Strefa Specjalisty - Og\u00f3lnopolskie Centrum Zaburze\u0144 Od\u017cywiania","article_modified_time":"2026-01-31T19:15:32+00:00","og_image":[{"width":1080,"height":1080,"url":"https:\/\/centrumzaburzenodzywiania.pl\/strefaspecjalisty\/wp-content\/uploads\/2024\/06\/e-book_bulimia_sklep.png","type":"image\/png"}],"twitter_card":"summary_large_image","twitter_misc":{"Szacowany czas czytania":"1 minuta"},"schema":{"@context":"https:\/\/schema.org","@graph":[{"@type":"WebPage","@id":"https:\/\/centrumzaburzenodzywiania.pl\/strefaspecjalisty\/produkt\/e-book-interdyscyplinarny-program-leczenia-bulimia\/","url":"https:\/\/centrumzaburzenodzywiania.pl\/strefaspecjalisty\/produkt\/e-book-interdyscyplinarny-program-leczenia-bulimia\/","name":"[E-book] Interdyscyplinarny program leczenia. BULIMIA - Strefa Specjalisty - Og\u00f3lnopolskie Centrum Zaburze\u0144 Od\u017cywiania","isPartOf":{"@id":"https:\/\/centrumzaburzenodzywiania.pl\/strefaspecjalisty\/#website"},"primaryImageOfPage":{"@id":"https:\/\/centrumzaburzenodzywiania.pl\/strefaspecjalisty\/produkt\/e-book-interdyscyplinarny-program-leczenia-bulimia\/#primaryimage"},"image":{"@id":"https:\/\/centrumzaburzenodzywiania.pl\/strefaspecjalisty\/produkt\/e-book-interdyscyplinarny-program-leczenia-bulimia\/#primaryimage"},"thumbnailUrl":"https:\/\/centrumzaburzenodzywiania.pl\/strefaspecjalisty\/wp-content\/uploads\/2024\/06\/e-book_bulimia_sklep.png","datePublished":"2024-06-20T10:02:47+00:00","dateModified":"2026-01-31T19:15:32+00:00","description":"Kompleksowy interdyscyplinarny program leczenia bulimii. Modele i narz\u0119dzia do pracy z pacjentem z ED. Praktyczny przewodnik krok po kroku dla specjalist\u00f3w.","breadcrumb":{"@id":"https:\/\/centrumzaburzenodzywiania.pl\/strefaspecjalisty\/produkt\/e-book-interdyscyplinarny-program-leczenia-bulimia\/#breadcrumb"},"inLanguage":"pl-PL","potentialAction":[{"@type":"ReadAction","target":["https:\/\/centrumzaburzenodzywiania.pl\/strefaspecjalisty\/produkt\/e-book-interdyscyplinarny-program-leczenia-bulimia\/"]}]},{"@type":"ImageObject","inLanguage":"pl-PL","@id":"https:\/\/centrumzaburzenodzywiania.pl\/strefaspecjalisty\/produkt\/e-book-interdyscyplinarny-program-leczenia-bulimia\/#primaryimage","url":"https:\/\/centrumzaburzenodzywiania.pl\/strefaspecjalisty\/wp-content\/uploads\/2024\/06\/e-book_bulimia_sklep.png","contentUrl":"https:\/\/centrumzaburzenodzywiania.pl\/strefaspecjalisty\/wp-content\/uploads\/2024\/06\/e-book_bulimia_sklep.png","width":1080,"height":1080},{"@type":"BreadcrumbList","@id":"https:\/\/centrumzaburzenodzywiania.pl\/strefaspecjalisty\/produkt\/e-book-interdyscyplinarny-program-leczenia-bulimia\/#breadcrumb","itemListElement":[{"@type":"ListItem","position":1,"name":"Strona g\u0142\u00f3wna","item":"https:\/\/centrumzaburzenodzywiania.pl\/strefaspecjalisty\/"},{"@type":"ListItem","position":2,"name":"Sklep","item":"https:\/\/centrumzaburzenodzywiania.pl\/strefaspecjalisty\/sklep\/"},{"@type":"ListItem","position":3,"name":"[E-book] Interdyscyplinarny program leczenia. BULIMIA"}]},{"@type":"WebSite","@id":"https:\/\/centrumzaburzenodzywiania.pl\/strefaspecjalisty\/#website","url":"https:\/\/centrumzaburzenodzywiania.pl\/strefaspecjalisty\/","name":"Strefa Specjalisty - Og\u00f3lnopolskie Centrum Zaburze\u0144 Od\u017cywiania","description":"Strefa Specjalisty - Og\u00f3lnopolskie Centrum Zaburze\u0144 Od\u017cywiania","publisher":{"@id":"https:\/\/centrumzaburzenodzywiania.pl\/strefaspecjalisty\/#organization"},"potentialAction":[{"@type":"SearchAction","target":{"@type":"EntryPoint","urlTemplate":"https:\/\/centrumzaburzenodzywiania.pl\/strefaspecjalisty\/?s={search_term_string}"},"query-input":{"@type":"PropertyValueSpecification","valueRequired":true,"valueName":"search_term_string"}}],"inLanguage":"pl-PL"},{"@type":"Organization","@id":"https:\/\/centrumzaburzenodzywiania.pl\/strefaspecjalisty\/#organization","name":"Strefa Specjalisty - Og\u00f3lnopolskie Centrum Zaburze\u0144 Od\u017cywiania","url":"https:\/\/centrumzaburzenodzywiania.pl\/strefaspecjalisty\/","logo":{"@type":"ImageObject","inLanguage":"pl-PL","@id":"https:\/\/centrumzaburzenodzywiania.pl\/strefaspecjalisty\/#\/schema\/logo\/image\/","url":"https:\/\/centrumzaburzenodzywiania.pl\/strefaspecjalisty\/wp-content\/uploads\/2025\/11\/logo.png","contentUrl":"https:\/\/centrumzaburzenodzywiania.pl\/strefaspecjalisty\/wp-content\/uploads\/2025\/11\/logo.png","width":141,"height":54,"caption":"Strefa Specjalisty - Og\u00f3lnopolskie Centrum Zaburze\u0144 Od\u017cywiania"},"image":{"@id":"https:\/\/centrumzaburzenodzywiania.pl\/strefaspecjalisty\/#\/schema\/logo\/image\/"}}]}},"_links":{"self":[{"href":"https:\/\/centrumzaburzenodzywiania.pl\/strefaspecjalisty\/wp-json\/wp\/v2\/product\/2404","targetHints":{"allow":["GET"]}}],"collection":[{"href":"https:\/\/centrumzaburzenodzywiania.pl\/strefaspecjalisty\/wp-json\/wp\/v2\/product"}],"about":[{"href":"https:\/\/centrumzaburzenodzywiania.pl\/strefaspecjalisty\/wp-json\/wp\/v2\/types\/product"}],"replies":[{"embeddable":true,"href":"https:\/\/centrumzaburzenodzywiania.pl\/strefaspecjalisty\/wp-json\/wp\/v2\/comments?post=2404"}],"wp:featuredmedia":[{"embeddable":true,"href":"https:\/\/centrumzaburzenodzywiania.pl\/strefaspecjalisty\/wp-json\/wp\/v2\/media\/2405"}],"wp:attachment":[{"href":"https:\/\/centrumzaburzenodzywiania.pl\/strefaspecjalisty\/wp-json\/wp\/v2\/media?parent=2404"}],"wp:term":[{"taxonomy":"product_brand","embeddable":true,"href":"https:\/\/centrumzaburzenodzywiania.pl\/strefaspecjalisty\/wp-json\/wp\/v2\/product_brand?post=2404"},{"taxonomy":"product_cat","embeddable":true,"href":"https:\/\/centrumzaburzenodzywiania.pl\/strefaspecjalisty\/wp-json\/wp\/v2\/product_cat?post=2404"},{"taxonomy":"product_tag","embeddable":true,"href":"https:\/\/centrumzaburzenodzywiania.pl\/strefaspecjalisty\/wp-json\/wp\/v2\/product_tag?post=2404"}],"curies":[{"name":"wp","href":"https:\/\/api.w.org\/{rel}","templated":true}]}}