{"id":1855,"date":"2023-11-01T23:07:21","date_gmt":"2023-11-01T22:07:21","guid":{"rendered":"https:\/\/centrumzaburzenodzywiania.pl\/strefaspecjalisty\/?post_type=product&#038;p=1855"},"modified":"2026-01-31T20:19:00","modified_gmt":"2026-01-31T19:19:00","slug":"kurs-on-line-zaburzenia-odzywiania-niezbednik-specjalisty","status":"publish","type":"product","link":"https:\/\/centrumzaburzenodzywiania.pl\/strefaspecjalisty\/produkt\/kurs-on-line-zaburzenia-odzywiania-niezbednik-specjalisty\/","title":{"rendered":"[Kurs on-line] Zaburzenia od\u017cywiania &#8211; niezb\u0119dnik specjalisty"},"content":{"rendered":"","protected":false},"excerpt":{"rendered":"<p dir=\"ltr\">Ty te\u017c czujesz, \u017ce temat zaburze\u0144 od\u017cywiania na studiach jest pomijany, albo dostaje etykiet\u0119: \u201czbyt skomplikowane\u201d? A przecie\u017c pacjenci choruj\u0105cy na zaburzenia od\u017cywiania ka\u017cdego dnia trafiaj\u0105 do gabinet\u00f3w dietetyk\u00f3w, psycholog\u00f3w, lekarzy czy fizjoterapeut\u00f3w licz\u0105c na to, \u017ce otrzymaj\u0105 adekwatn\u0105 pomoc.<\/p>\n<p>W kursie, kt\u00f3ry przygotowa\u0142y\u015bmy, zebra\u0142y\u015bmy takie perspektywy w leczeniu\u00a0zaburze\u0144 od\u017cywiania, kt\u00f3re niemal codziennie wykorzystujemy w naszej gabinetowej praktyce. To dobra podstawa, kt\u00f3ra ma za zadanie dawa\u0107 oparcie i jasno\u015b\u0107 wszystkim specjalistom, kt\u00f3rzy planuj\u0105 rozpocz\u0105\u0107 lub ju\u017c maj\u0105 za sob\u0105 pierwsze do\u015bwiadczenia w pracy z pacjentami choruj\u0105cymi na zaburzenia od\u017cywiania.<\/p>\n<p><strong><br \/>\nZdecydowali\u015bmy si\u0119 na form\u0119 kr\u00f3tkich, konkretnych film\u00f3w oraz gotowych formularzy z narz\u0119dziami &#8211; tak, by to wprowadzenie w \u015bwiat zaburze\u0144 od\u017cywiania mia\u0142o dla Ciebie jak najbardziej elastyczn\u0105 i \u201czjadliw\u0105\u201d form\u0119. Z wywa\u017con\u0105 ilo\u015bci\u0105 tre\u015bci teoretycznych i praktycznych.<\/strong><\/p>\n<p>Po prostu chcemy, by ten kurs by\u0142 takim podr\u0119cznym, ale te\u017c mo\u017cliwym do realizacji w do\u015b\u0107 kr\u00f3tkim czasie, do\u015bwiadczeniem w pracy z pacjentami choruj\u0105cymi na zaburzenia od\u017cywiania, kt\u00f3re pozwoli Ci zacz\u0105\u0107 praktykowa\u0107 lub da oparcie w Twoich pierwszych spotkaniach.<\/p>\n<p><a href=\"https:\/\/lp.centrumzaburzenodzywiania.pl\/kurs_niezbednik_specjalisty\">TUTAJ poznasz pe\u0142en program kursu on-line: ZABURZENIA OD\u017bYWIANIA Niezb\u0119dnik specjalisty<\/a><\/p>\n<p><strong>Co wchodzi w sk\u0142ad oferty?<br \/>\n<\/strong><\/p>\n<p><strong>-&gt; 17 lekcji dotycz\u0105cych pracy z pacjentem choruj\u0105cym na zaburzenia od\u017cywiania<\/strong><\/p>\n<p><strong>-&gt; do ka\u017cdej lekcji otrzymujesz narz\u0119dzia do pracy z pacjentem<\/strong><\/p>\n<p>-&gt; dost\u0119p do kursu online <strong>przez 3 lata<\/strong><\/p>\n<p>Sta\u0142a cena kursu to 790 z\u0142<\/p>\n","protected":false},"featured_media":1856,"comment_status":"closed","ping_status":"closed","template":"","meta":{"_acf_changed":false,"inline_featured_image":false},"product_brand":[],"product_cat":[23,21],"product_tag":[],"class_list":{"0":"post-1855","1":"product","2":"type-product","3":"status-publish","4":"has-post-thumbnail","6":"product_cat-dla-specjalistow","7":"product_cat-platforma","9":"first","10":"instock","11":"virtual","12":"taxable","13":"purchasable","14":"product-type-simple"},"acf":[],"yoast_head":"<!-- This site is optimized with the Yoast SEO plugin v27.4 - https:\/\/yoast.com\/product\/yoast-seo-wordpress\/ -->\n<title>[Kurs on-line] Zaburzenia od\u017cywiania - niezb\u0119dnik specjalisty - Strefa Specjalisty - Og\u00f3lnopolskie Centrum Zaburze\u0144 Od\u017cywiania<\/title>\n<meta name=\"description\" content=\"17 lekcji dotycz\u0105cych pracy z pacjentem choruj\u0105cym na zaburzenia od\u017cywiania. Konkretne narz\u0119dzia dla specjalist\u00f3w do pracy z pacjentem. Dost\u0119p na 3 lata.\" \/>\n<meta name=\"robots\" content=\"index, follow, max-snippet:-1, max-image-preview:large, max-video-preview:-1\" \/>\n<link rel=\"canonical\" href=\"https:\/\/centrumzaburzenodzywiania.pl\/strefaspecjalisty\/produkt\/kurs-on-line-zaburzenia-odzywiania-niezbednik-specjalisty\/\" \/>\n<meta property=\"og:locale\" content=\"pl_PL\" \/>\n<meta property=\"og:type\" content=\"article\" \/>\n<meta property=\"og:title\" content=\"[Kurs on-line] Zaburzenia od\u017cywiania - niezb\u0119dnik specjalisty - Strefa Specjalisty - Og\u00f3lnopolskie Centrum Zaburze\u0144 Od\u017cywiania\" \/>\n<meta property=\"og:description\" content=\"17 lekcji dotycz\u0105cych pracy z pacjentem choruj\u0105cym na zaburzenia od\u017cywiania. Konkretne narz\u0119dzia dla specjalist\u00f3w do pracy z pacjentem. Dost\u0119p na 3 lata.\" \/>\n<meta property=\"og:url\" content=\"https:\/\/centrumzaburzenodzywiania.pl\/strefaspecjalisty\/produkt\/kurs-on-line-zaburzenia-odzywiania-niezbednik-specjalisty\/\" \/>\n<meta property=\"og:site_name\" content=\"Strefa Specjalisty - Og\u00f3lnopolskie Centrum Zaburze\u0144 Od\u017cywiania\" \/>\n<meta property=\"article:modified_time\" content=\"2026-01-31T19:19:00+00:00\" \/>\n<meta property=\"og:image\" content=\"https:\/\/centrumzaburzenodzywiania.pl\/strefaspecjalisty\/wp-content\/uploads\/2023\/11\/sklep_niezbednik.png\" \/>\n\t<meta property=\"og:image:width\" content=\"1080\" \/>\n\t<meta property=\"og:image:height\" content=\"1080\" \/>\n\t<meta property=\"og:image:type\" content=\"image\/png\" \/>\n<meta name=\"twitter:card\" content=\"summary_large_image\" \/>\n<meta name=\"twitter:label1\" content=\"Szacowany czas czytania\" \/>\n\t<meta name=\"twitter:data1\" content=\"1 minuta\" \/>\n<script type=\"application\/ld+json\" class=\"yoast-schema-graph\">{\"@context\":\"https:\\\/\\\/schema.org\",\"@graph\":[{\"@type\":\"WebPage\",\"@id\":\"https:\\\/\\\/centrumzaburzenodzywiania.pl\\\/strefaspecjalisty\\\/produkt\\\/kurs-on-line-zaburzenia-odzywiania-niezbednik-specjalisty\\\/\",\"url\":\"https:\\\/\\\/centrumzaburzenodzywiania.pl\\\/strefaspecjalisty\\\/produkt\\\/kurs-on-line-zaburzenia-odzywiania-niezbednik-specjalisty\\\/\",\"name\":\"[Kurs on-line] Zaburzenia od\u017cywiania - niezb\u0119dnik specjalisty - Strefa Specjalisty - Og\u00f3lnopolskie Centrum Zaburze\u0144 Od\u017cywiania\",\"isPartOf\":{\"@id\":\"https:\\\/\\\/centrumzaburzenodzywiania.pl\\\/strefaspecjalisty\\\/#website\"},\"primaryImageOfPage\":{\"@id\":\"https:\\\/\\\/centrumzaburzenodzywiania.pl\\\/strefaspecjalisty\\\/produkt\\\/kurs-on-line-zaburzenia-odzywiania-niezbednik-specjalisty\\\/#primaryimage\"},\"image\":{\"@id\":\"https:\\\/\\\/centrumzaburzenodzywiania.pl\\\/strefaspecjalisty\\\/produkt\\\/kurs-on-line-zaburzenia-odzywiania-niezbednik-specjalisty\\\/#primaryimage\"},\"thumbnailUrl\":\"https:\\\/\\\/centrumzaburzenodzywiania.pl\\\/strefaspecjalisty\\\/wp-content\\\/uploads\\\/2023\\\/11\\\/sklep_niezbednik.png\",\"datePublished\":\"2023-11-01T22:07:21+00:00\",\"dateModified\":\"2026-01-31T19:19:00+00:00\",\"description\":\"17 lekcji dotycz\u0105cych pracy z pacjentem choruj\u0105cym na zaburzenia od\u017cywiania. Konkretne narz\u0119dzia dla specjalist\u00f3w do pracy z pacjentem. Dost\u0119p na 3 lata.\",\"breadcrumb\":{\"@id\":\"https:\\\/\\\/centrumzaburzenodzywiania.pl\\\/strefaspecjalisty\\\/produkt\\\/kurs-on-line-zaburzenia-odzywiania-niezbednik-specjalisty\\\/#breadcrumb\"},\"inLanguage\":\"pl-PL\",\"potentialAction\":[{\"@type\":\"ReadAction\",\"target\":[\"https:\\\/\\\/centrumzaburzenodzywiania.pl\\\/strefaspecjalisty\\\/produkt\\\/kurs-on-line-zaburzenia-odzywiania-niezbednik-specjalisty\\\/\"]}]},{\"@type\":\"ImageObject\",\"inLanguage\":\"pl-PL\",\"@id\":\"https:\\\/\\\/centrumzaburzenodzywiania.pl\\\/strefaspecjalisty\\\/produkt\\\/kurs-on-line-zaburzenia-odzywiania-niezbednik-specjalisty\\\/#primaryimage\",\"url\":\"https:\\\/\\\/centrumzaburzenodzywiania.pl\\\/strefaspecjalisty\\\/wp-content\\\/uploads\\\/2023\\\/11\\\/sklep_niezbednik.png\",\"contentUrl\":\"https:\\\/\\\/centrumzaburzenodzywiania.pl\\\/strefaspecjalisty\\\/wp-content\\\/uploads\\\/2023\\\/11\\\/sklep_niezbednik.png\",\"width\":1080,\"height\":1080},{\"@type\":\"BreadcrumbList\",\"@id\":\"https:\\\/\\\/centrumzaburzenodzywiania.pl\\\/strefaspecjalisty\\\/produkt\\\/kurs-on-line-zaburzenia-odzywiania-niezbednik-specjalisty\\\/#breadcrumb\",\"itemListElement\":[{\"@type\":\"ListItem\",\"position\":1,\"name\":\"Strona g\u0142\u00f3wna\",\"item\":\"https:\\\/\\\/centrumzaburzenodzywiania.pl\\\/strefaspecjalisty\\\/\"},{\"@type\":\"ListItem\",\"position\":2,\"name\":\"Sklep\",\"item\":\"https:\\\/\\\/centrumzaburzenodzywiania.pl\\\/strefaspecjalisty\\\/sklep\\\/\"},{\"@type\":\"ListItem\",\"position\":3,\"name\":\"[Kurs on-line] Zaburzenia od\u017cywiania &#8211; niezb\u0119dnik specjalisty\"}]},{\"@type\":\"WebSite\",\"@id\":\"https:\\\/\\\/centrumzaburzenodzywiania.pl\\\/strefaspecjalisty\\\/#website\",\"url\":\"https:\\\/\\\/centrumzaburzenodzywiania.pl\\\/strefaspecjalisty\\\/\",\"name\":\"Strefa Specjalisty - Og\u00f3lnopolskie Centrum Zaburze\u0144 Od\u017cywiania\",\"description\":\"Strefa Specjalisty - Og\u00f3lnopolskie Centrum Zaburze\u0144 Od\u017cywiania\",\"publisher\":{\"@id\":\"https:\\\/\\\/centrumzaburzenodzywiania.pl\\\/strefaspecjalisty\\\/#organization\"},\"potentialAction\":[{\"@type\":\"SearchAction\",\"target\":{\"@type\":\"EntryPoint\",\"urlTemplate\":\"https:\\\/\\\/centrumzaburzenodzywiania.pl\\\/strefaspecjalisty\\\/?s={search_term_string}\"},\"query-input\":{\"@type\":\"PropertyValueSpecification\",\"valueRequired\":true,\"valueName\":\"search_term_string\"}}],\"inLanguage\":\"pl-PL\"},{\"@type\":\"Organization\",\"@id\":\"https:\\\/\\\/centrumzaburzenodzywiania.pl\\\/strefaspecjalisty\\\/#organization\",\"name\":\"Strefa Specjalisty - Og\u00f3lnopolskie Centrum Zaburze\u0144 Od\u017cywiania\",\"url\":\"https:\\\/\\\/centrumzaburzenodzywiania.pl\\\/strefaspecjalisty\\\/\",\"logo\":{\"@type\":\"ImageObject\",\"inLanguage\":\"pl-PL\",\"@id\":\"https:\\\/\\\/centrumzaburzenodzywiania.pl\\\/strefaspecjalisty\\\/#\\\/schema\\\/logo\\\/image\\\/\",\"url\":\"https:\\\/\\\/centrumzaburzenodzywiania.pl\\\/strefaspecjalisty\\\/wp-content\\\/uploads\\\/2025\\\/11\\\/logo.png\",\"contentUrl\":\"https:\\\/\\\/centrumzaburzenodzywiania.pl\\\/strefaspecjalisty\\\/wp-content\\\/uploads\\\/2025\\\/11\\\/logo.png\",\"width\":141,\"height\":54,\"caption\":\"Strefa Specjalisty - Og\u00f3lnopolskie Centrum Zaburze\u0144 Od\u017cywiania\"},\"image\":{\"@id\":\"https:\\\/\\\/centrumzaburzenodzywiania.pl\\\/strefaspecjalisty\\\/#\\\/schema\\\/logo\\\/image\\\/\"}}]}<\/script>\n<!-- \/ Yoast SEO plugin. -->","yoast_head_json":{"title":"[Kurs on-line] Zaburzenia od\u017cywiania - niezb\u0119dnik specjalisty - Strefa Specjalisty - Og\u00f3lnopolskie Centrum Zaburze\u0144 Od\u017cywiania","description":"17 lekcji dotycz\u0105cych pracy z pacjentem choruj\u0105cym na zaburzenia od\u017cywiania. Konkretne narz\u0119dzia dla specjalist\u00f3w do pracy z pacjentem. Dost\u0119p na 3 lata.","robots":{"index":"index","follow":"follow","max-snippet":"max-snippet:-1","max-image-preview":"max-image-preview:large","max-video-preview":"max-video-preview:-1"},"canonical":"https:\/\/centrumzaburzenodzywiania.pl\/strefaspecjalisty\/produkt\/kurs-on-line-zaburzenia-odzywiania-niezbednik-specjalisty\/","og_locale":"pl_PL","og_type":"article","og_title":"[Kurs on-line] Zaburzenia od\u017cywiania - niezb\u0119dnik specjalisty - Strefa Specjalisty - Og\u00f3lnopolskie Centrum Zaburze\u0144 Od\u017cywiania","og_description":"17 lekcji dotycz\u0105cych pracy z pacjentem choruj\u0105cym na zaburzenia od\u017cywiania. Konkretne narz\u0119dzia dla specjalist\u00f3w do pracy z pacjentem. Dost\u0119p na 3 lata.","og_url":"https:\/\/centrumzaburzenodzywiania.pl\/strefaspecjalisty\/produkt\/kurs-on-line-zaburzenia-odzywiania-niezbednik-specjalisty\/","og_site_name":"Strefa Specjalisty - Og\u00f3lnopolskie Centrum Zaburze\u0144 Od\u017cywiania","article_modified_time":"2026-01-31T19:19:00+00:00","og_image":[{"width":1080,"height":1080,"url":"https:\/\/centrumzaburzenodzywiania.pl\/strefaspecjalisty\/wp-content\/uploads\/2023\/11\/sklep_niezbednik.png","type":"image\/png"}],"twitter_card":"summary_large_image","twitter_misc":{"Szacowany czas czytania":"1 minuta"},"schema":{"@context":"https:\/\/schema.org","@graph":[{"@type":"WebPage","@id":"https:\/\/centrumzaburzenodzywiania.pl\/strefaspecjalisty\/produkt\/kurs-on-line-zaburzenia-odzywiania-niezbednik-specjalisty\/","url":"https:\/\/centrumzaburzenodzywiania.pl\/strefaspecjalisty\/produkt\/kurs-on-line-zaburzenia-odzywiania-niezbednik-specjalisty\/","name":"[Kurs on-line] Zaburzenia od\u017cywiania - niezb\u0119dnik specjalisty - Strefa Specjalisty - Og\u00f3lnopolskie Centrum Zaburze\u0144 Od\u017cywiania","isPartOf":{"@id":"https:\/\/centrumzaburzenodzywiania.pl\/strefaspecjalisty\/#website"},"primaryImageOfPage":{"@id":"https:\/\/centrumzaburzenodzywiania.pl\/strefaspecjalisty\/produkt\/kurs-on-line-zaburzenia-odzywiania-niezbednik-specjalisty\/#primaryimage"},"image":{"@id":"https:\/\/centrumzaburzenodzywiania.pl\/strefaspecjalisty\/produkt\/kurs-on-line-zaburzenia-odzywiania-niezbednik-specjalisty\/#primaryimage"},"thumbnailUrl":"https:\/\/centrumzaburzenodzywiania.pl\/strefaspecjalisty\/wp-content\/uploads\/2023\/11\/sklep_niezbednik.png","datePublished":"2023-11-01T22:07:21+00:00","dateModified":"2026-01-31T19:19:00+00:00","description":"17 lekcji dotycz\u0105cych pracy z pacjentem choruj\u0105cym na zaburzenia od\u017cywiania. Konkretne narz\u0119dzia dla specjalist\u00f3w do pracy z pacjentem. Dost\u0119p na 3 lata.","breadcrumb":{"@id":"https:\/\/centrumzaburzenodzywiania.pl\/strefaspecjalisty\/produkt\/kurs-on-line-zaburzenia-odzywiania-niezbednik-specjalisty\/#breadcrumb"},"inLanguage":"pl-PL","potentialAction":[{"@type":"ReadAction","target":["https:\/\/centrumzaburzenodzywiania.pl\/strefaspecjalisty\/produkt\/kurs-on-line-zaburzenia-odzywiania-niezbednik-specjalisty\/"]}]},{"@type":"ImageObject","inLanguage":"pl-PL","@id":"https:\/\/centrumzaburzenodzywiania.pl\/strefaspecjalisty\/produkt\/kurs-on-line-zaburzenia-odzywiania-niezbednik-specjalisty\/#primaryimage","url":"https:\/\/centrumzaburzenodzywiania.pl\/strefaspecjalisty\/wp-content\/uploads\/2023\/11\/sklep_niezbednik.png","contentUrl":"https:\/\/centrumzaburzenodzywiania.pl\/strefaspecjalisty\/wp-content\/uploads\/2023\/11\/sklep_niezbednik.png","width":1080,"height":1080},{"@type":"BreadcrumbList","@id":"https:\/\/centrumzaburzenodzywiania.pl\/strefaspecjalisty\/produkt\/kurs-on-line-zaburzenia-odzywiania-niezbednik-specjalisty\/#breadcrumb","itemListElement":[{"@type":"ListItem","position":1,"name":"Strona g\u0142\u00f3wna","item":"https:\/\/centrumzaburzenodzywiania.pl\/strefaspecjalisty\/"},{"@type":"ListItem","position":2,"name":"Sklep","item":"https:\/\/centrumzaburzenodzywiania.pl\/strefaspecjalisty\/sklep\/"},{"@type":"ListItem","position":3,"name":"[Kurs on-line] Zaburzenia od\u017cywiania &#8211; niezb\u0119dnik specjalisty"}]},{"@type":"WebSite","@id":"https:\/\/centrumzaburzenodzywiania.pl\/strefaspecjalisty\/#website","url":"https:\/\/centrumzaburzenodzywiania.pl\/strefaspecjalisty\/","name":"Strefa Specjalisty - Og\u00f3lnopolskie Centrum Zaburze\u0144 Od\u017cywiania","description":"Strefa Specjalisty - Og\u00f3lnopolskie Centrum Zaburze\u0144 Od\u017cywiania","publisher":{"@id":"https:\/\/centrumzaburzenodzywiania.pl\/strefaspecjalisty\/#organization"},"potentialAction":[{"@type":"SearchAction","target":{"@type":"EntryPoint","urlTemplate":"https:\/\/centrumzaburzenodzywiania.pl\/strefaspecjalisty\/?s={search_term_string}"},"query-input":{"@type":"PropertyValueSpecification","valueRequired":true,"valueName":"search_term_string"}}],"inLanguage":"pl-PL"},{"@type":"Organization","@id":"https:\/\/centrumzaburzenodzywiania.pl\/strefaspecjalisty\/#organization","name":"Strefa Specjalisty - Og\u00f3lnopolskie Centrum Zaburze\u0144 Od\u017cywiania","url":"https:\/\/centrumzaburzenodzywiania.pl\/strefaspecjalisty\/","logo":{"@type":"ImageObject","inLanguage":"pl-PL","@id":"https:\/\/centrumzaburzenodzywiania.pl\/strefaspecjalisty\/#\/schema\/logo\/image\/","url":"https:\/\/centrumzaburzenodzywiania.pl\/strefaspecjalisty\/wp-content\/uploads\/2025\/11\/logo.png","contentUrl":"https:\/\/centrumzaburzenodzywiania.pl\/strefaspecjalisty\/wp-content\/uploads\/2025\/11\/logo.png","width":141,"height":54,"caption":"Strefa Specjalisty - Og\u00f3lnopolskie Centrum Zaburze\u0144 Od\u017cywiania"},"image":{"@id":"https:\/\/centrumzaburzenodzywiania.pl\/strefaspecjalisty\/#\/schema\/logo\/image\/"}}]}},"_links":{"self":[{"href":"https:\/\/centrumzaburzenodzywiania.pl\/strefaspecjalisty\/wp-json\/wp\/v2\/product\/1855","targetHints":{"allow":["GET"]}}],"collection":[{"href":"https:\/\/centrumzaburzenodzywiania.pl\/strefaspecjalisty\/wp-json\/wp\/v2\/product"}],"about":[{"href":"https:\/\/centrumzaburzenodzywiania.pl\/strefaspecjalisty\/wp-json\/wp\/v2\/types\/product"}],"replies":[{"embeddable":true,"href":"https:\/\/centrumzaburzenodzywiania.pl\/strefaspecjalisty\/wp-json\/wp\/v2\/comments?post=1855"}],"wp:featuredmedia":[{"embeddable":true,"href":"https:\/\/centrumzaburzenodzywiania.pl\/strefaspecjalisty\/wp-json\/wp\/v2\/media\/1856"}],"wp:attachment":[{"href":"https:\/\/centrumzaburzenodzywiania.pl\/strefaspecjalisty\/wp-json\/wp\/v2\/media?parent=1855"}],"wp:term":[{"taxonomy":"product_brand","embeddable":true,"href":"https:\/\/centrumzaburzenodzywiania.pl\/strefaspecjalisty\/wp-json\/wp\/v2\/product_brand?post=1855"},{"taxonomy":"product_cat","embeddable":true,"href":"https:\/\/centrumzaburzenodzywiania.pl\/strefaspecjalisty\/wp-json\/wp\/v2\/product_cat?post=1855"},{"taxonomy":"product_tag","embeddable":true,"href":"https:\/\/centrumzaburzenodzywiania.pl\/strefaspecjalisty\/wp-json\/wp\/v2\/product_tag?post=1855"}],"curies":[{"name":"wp","href":"https:\/\/api.w.org\/{rel}","templated":true}]}}