{"id":1788,"date":"2023-10-12T15:34:28","date_gmt":"2023-10-12T13:34:28","guid":{"rendered":"https:\/\/centrumzaburzenodzywiania.pl\/strefaspecjalisty\/?post_type=product&#038;p=1788"},"modified":"2026-01-13T14:09:41","modified_gmt":"2026-01-13T13:09:41","slug":"szkolenie-on-line-asertywnosc-zywieniowa-2","status":"publish","type":"product","link":"https:\/\/centrumzaburzenodzywiania.pl\/strefaspecjalisty\/produkt\/szkolenie-on-line-asertywnosc-zywieniowa-2\/","title":{"rendered":"[Szkolenie on-line] Asertywno\u015b\u0107 \u017cywieniowa"},"content":{"rendered":"","protected":false},"excerpt":{"rendered":"<p><span style=\"font-weight: 400;\">Szkolenie on-line: Asertywno\u015b\u0107 \u017cywieniowa<\/span><\/p>\n<p><span style=\"font-weight: 400;\">Czas trwania: 1:39<\/span><\/p>\n<p><span style=\"font-weight: 400;\">Szkolenie nagrane na \u017cywo w dniu 20 maja 2022, przeprowadzone przez Mart\u0119 Kunick\u0105 &#8211; psycholo\u017ck\u0119, psychoterapeutk\u0119, specjalistk\u0119 psychodietetyki Og\u00f3lnopolskiego Centrum Zaburze\u0144 Od\u017cywiania.<\/span><\/p>\n<p><span style=\"font-weight: 400;\">Produkt zawiera nagranie i materia\u0142y: narz\u0119dziownik z materia\u0142ami dla pacjent\u00f3w oraz prezentacj\u0119.<\/span><\/p>\n<p><span style=\"font-weight: 400;\">Kupuj\u0105c to szkolenie masz do niego dost\u0119p przez rok na platformie OCZO.<\/span><\/p>\n<p><span style=\"font-weight: 400;\">Na tym szkoleniu dowiesz si\u0119:<\/span><\/p>\n<p><span style=\"font-weight: 400;\">&#8211; Czym jest asertywno\u015b\u0107?<\/span><\/p>\n<p><span style=\"font-weight: 400;\">&#8211; Jakie s\u0105 prawa asertywno\u015bci wed\u0142ug Herberta Fensterheima?<\/span><\/p>\n<p><span style=\"font-weight: 400;\">&#8211; Czym si\u0119 r\u00f3\u017cni\u0105 zachowania asertywne od nieasertywnych?<\/span><\/p>\n<p><span style=\"font-weight: 400;\">&#8211; Z jakim ryzykiem wi\u0105\u017ce si\u0119 bycie asertywnym?<\/span><\/p>\n<p><span style=\"font-weight: 400;\">&#8211; Jak otoczenie pacjenta mo\u017ce wp\u0142ywa\u0107 negatywnie na jego plany dotycz\u0105ce od\u017cywiania si\u0119 i asertywno\u015bci?<\/span><\/p>\n<p><span style=\"font-weight: 400;\">&#8211; Jakie przekonania kluczowe i schematy poznawcze utrudniaj\u0105 bycie asertywnym?<\/span><\/p>\n<p><span style=\"font-weight: 400;\">&#8211; Czym jest metoda FUKO?<\/span><\/p>\n<p><span style=\"font-weight: 400;\">&#8211; Jakie s\u0105 techniki rozwijania asertywno\u015bci u pacjent\u00f3w?<\/span><\/p>\n<p><span style=\"font-weight: 400;\">Z tego szkolenia dowiesz si\u0119 jak pom\u00f3c pacjentowi, kt\u00f3ry decyduje si\u0119 na podj\u0119cie krok\u00f3w w kierunku zmiany nawyk\u00f3w \u017cywieniowych i mierzy si\u0119 z jednym z trudniejszych zada\u0144, jakim jest stawianie granic.<\/span><\/p>\n<p><span style=\"font-weight: 400;\">W trakcie spotkania om\u00f3wione zostan\u0105 case study realnych pacjent\u00f3w, co wprowadzi element praktyczny. Szkolenie ko\u0144czy si\u0119 sesj\u0105 pyta\u0144 i odpowiedzi.<\/span><\/p>\n<p><span style=\"font-weight: 400;\">Wraz z nagraniem otrzymasz narz\u0119dziownik, kt\u00f3ry b\u0119dzie wsparciem do pracy z pacjentem. Znajduj\u0105 si\u0119 w nim informacje teoretyczne &#8220;w pigu\u0142ce&#8221; oraz gotowe karty dla pacjent\u00f3w, kt\u00f3re mo\u017cna od razu wykorzysta\u0107 w gabinecie.<\/span><\/p>\n<p><br style=\"font-weight: 400;\" \/><br style=\"font-weight: 400;\" \/><\/p>\n","protected":false},"featured_media":1789,"comment_status":"closed","ping_status":"closed","template":"","meta":{"_acf_changed":false,"inline_featured_image":false},"product_brand":[],"product_cat":[23,21],"product_tag":[],"class_list":{"0":"post-1788","1":"product","2":"type-product","3":"status-publish","4":"has-post-thumbnail","6":"product_cat-dla-specjalistow","7":"product_cat-platforma","9":"first","10":"instock","11":"virtual","12":"taxable","13":"purchasable","14":"product-type-simple"},"acf":[],"yoast_head":"<!-- This site is optimized with the Yoast SEO plugin v27.4 - https:\/\/yoast.com\/product\/yoast-seo-wordpress\/ -->\n<title>[Szkolenie on-line] Asertywno\u015b\u0107 \u017cywieniowa - Strefa Specjalisty - Og\u00f3lnopolskie Centrum Zaburze\u0144 Od\u017cywiania<\/title>\n<meta name=\"description\" content=\"Dowiesz si\u0119 jak pom\u00f3c pacjentowi, kt\u00f3ry mierzy si\u0119 z jednym z trudniejszych zada\u0144, jakim jest stawianie granic. Wraz z nagraniem otrzymasz narz\u0119dziownik.\" \/>\n<meta name=\"robots\" content=\"index, follow, max-snippet:-1, max-image-preview:large, max-video-preview:-1\" \/>\n<link rel=\"canonical\" href=\"https:\/\/centrumzaburzenodzywiania.pl\/strefaspecjalisty\/produkt\/szkolenie-on-line-asertywnosc-zywieniowa-2\/\" \/>\n<meta property=\"og:locale\" content=\"pl_PL\" \/>\n<meta property=\"og:type\" content=\"article\" \/>\n<meta property=\"og:title\" content=\"[Szkolenie on-line] Asertywno\u015b\u0107 \u017cywieniowa - Strefa Specjalisty - Og\u00f3lnopolskie Centrum Zaburze\u0144 Od\u017cywiania\" \/>\n<meta property=\"og:description\" content=\"Dowiesz si\u0119 jak pom\u00f3c pacjentowi, kt\u00f3ry mierzy si\u0119 z jednym z trudniejszych zada\u0144, jakim jest stawianie granic. Wraz z nagraniem otrzymasz narz\u0119dziownik.\" \/>\n<meta property=\"og:url\" content=\"https:\/\/centrumzaburzenodzywiania.pl\/strefaspecjalisty\/produkt\/szkolenie-on-line-asertywnosc-zywieniowa-2\/\" \/>\n<meta property=\"og:site_name\" content=\"Strefa Specjalisty - Og\u00f3lnopolskie Centrum Zaburze\u0144 Od\u017cywiania\" \/>\n<meta property=\"article:modified_time\" content=\"2026-01-13T13:09:41+00:00\" \/>\n<meta property=\"og:image\" content=\"https:\/\/centrumzaburzenodzywiania.pl\/strefaspecjalisty\/wp-content\/uploads\/2023\/10\/5.png\" \/>\n\t<meta property=\"og:image:width\" content=\"1080\" \/>\n\t<meta property=\"og:image:height\" content=\"1080\" \/>\n\t<meta property=\"og:image:type\" content=\"image\/png\" \/>\n<meta name=\"twitter:card\" content=\"summary_large_image\" \/>\n<meta name=\"twitter:label1\" content=\"Szacowany czas czytania\" \/>\n\t<meta name=\"twitter:data1\" content=\"1 minuta\" \/>\n<script type=\"application\/ld+json\" class=\"yoast-schema-graph\">{\"@context\":\"https:\\\/\\\/schema.org\",\"@graph\":[{\"@type\":\"WebPage\",\"@id\":\"https:\\\/\\\/centrumzaburzenodzywiania.pl\\\/strefaspecjalisty\\\/produkt\\\/szkolenie-on-line-asertywnosc-zywieniowa-2\\\/\",\"url\":\"https:\\\/\\\/centrumzaburzenodzywiania.pl\\\/strefaspecjalisty\\\/produkt\\\/szkolenie-on-line-asertywnosc-zywieniowa-2\\\/\",\"name\":\"[Szkolenie on-line] Asertywno\u015b\u0107 \u017cywieniowa - Strefa Specjalisty - Og\u00f3lnopolskie Centrum Zaburze\u0144 Od\u017cywiania\",\"isPartOf\":{\"@id\":\"https:\\\/\\\/centrumzaburzenodzywiania.pl\\\/strefaspecjalisty\\\/#website\"},\"primaryImageOfPage\":{\"@id\":\"https:\\\/\\\/centrumzaburzenodzywiania.pl\\\/strefaspecjalisty\\\/produkt\\\/szkolenie-on-line-asertywnosc-zywieniowa-2\\\/#primaryimage\"},\"image\":{\"@id\":\"https:\\\/\\\/centrumzaburzenodzywiania.pl\\\/strefaspecjalisty\\\/produkt\\\/szkolenie-on-line-asertywnosc-zywieniowa-2\\\/#primaryimage\"},\"thumbnailUrl\":\"https:\\\/\\\/centrumzaburzenodzywiania.pl\\\/strefaspecjalisty\\\/wp-content\\\/uploads\\\/2023\\\/10\\\/5.png\",\"datePublished\":\"2023-10-12T13:34:28+00:00\",\"dateModified\":\"2026-01-13T13:09:41+00:00\",\"description\":\"Dowiesz si\u0119 jak pom\u00f3c pacjentowi, kt\u00f3ry mierzy si\u0119 z jednym z trudniejszych zada\u0144, jakim jest stawianie granic. Wraz z nagraniem otrzymasz narz\u0119dziownik.\",\"breadcrumb\":{\"@id\":\"https:\\\/\\\/centrumzaburzenodzywiania.pl\\\/strefaspecjalisty\\\/produkt\\\/szkolenie-on-line-asertywnosc-zywieniowa-2\\\/#breadcrumb\"},\"inLanguage\":\"pl-PL\",\"potentialAction\":[{\"@type\":\"ReadAction\",\"target\":[\"https:\\\/\\\/centrumzaburzenodzywiania.pl\\\/strefaspecjalisty\\\/produkt\\\/szkolenie-on-line-asertywnosc-zywieniowa-2\\\/\"]}]},{\"@type\":\"ImageObject\",\"inLanguage\":\"pl-PL\",\"@id\":\"https:\\\/\\\/centrumzaburzenodzywiania.pl\\\/strefaspecjalisty\\\/produkt\\\/szkolenie-on-line-asertywnosc-zywieniowa-2\\\/#primaryimage\",\"url\":\"https:\\\/\\\/centrumzaburzenodzywiania.pl\\\/strefaspecjalisty\\\/wp-content\\\/uploads\\\/2023\\\/10\\\/5.png\",\"contentUrl\":\"https:\\\/\\\/centrumzaburzenodzywiania.pl\\\/strefaspecjalisty\\\/wp-content\\\/uploads\\\/2023\\\/10\\\/5.png\",\"width\":1080,\"height\":1080},{\"@type\":\"BreadcrumbList\",\"@id\":\"https:\\\/\\\/centrumzaburzenodzywiania.pl\\\/strefaspecjalisty\\\/produkt\\\/szkolenie-on-line-asertywnosc-zywieniowa-2\\\/#breadcrumb\",\"itemListElement\":[{\"@type\":\"ListItem\",\"position\":1,\"name\":\"Strona g\u0142\u00f3wna\",\"item\":\"https:\\\/\\\/centrumzaburzenodzywiania.pl\\\/strefaspecjalisty\\\/\"},{\"@type\":\"ListItem\",\"position\":2,\"name\":\"Sklep\",\"item\":\"https:\\\/\\\/centrumzaburzenodzywiania.pl\\\/strefaspecjalisty\\\/sklep\\\/\"},{\"@type\":\"ListItem\",\"position\":3,\"name\":\"[Szkolenie on-line] Asertywno\u015b\u0107 \u017cywieniowa\"}]},{\"@type\":\"WebSite\",\"@id\":\"https:\\\/\\\/centrumzaburzenodzywiania.pl\\\/strefaspecjalisty\\\/#website\",\"url\":\"https:\\\/\\\/centrumzaburzenodzywiania.pl\\\/strefaspecjalisty\\\/\",\"name\":\"Strefa Specjalisty - Og\u00f3lnopolskie Centrum Zaburze\u0144 Od\u017cywiania\",\"description\":\"Strefa Specjalisty - Og\u00f3lnopolskie Centrum Zaburze\u0144 Od\u017cywiania\",\"publisher\":{\"@id\":\"https:\\\/\\\/centrumzaburzenodzywiania.pl\\\/strefaspecjalisty\\\/#organization\"},\"potentialAction\":[{\"@type\":\"SearchAction\",\"target\":{\"@type\":\"EntryPoint\",\"urlTemplate\":\"https:\\\/\\\/centrumzaburzenodzywiania.pl\\\/strefaspecjalisty\\\/?s={search_term_string}\"},\"query-input\":{\"@type\":\"PropertyValueSpecification\",\"valueRequired\":true,\"valueName\":\"search_term_string\"}}],\"inLanguage\":\"pl-PL\"},{\"@type\":\"Organization\",\"@id\":\"https:\\\/\\\/centrumzaburzenodzywiania.pl\\\/strefaspecjalisty\\\/#organization\",\"name\":\"Strefa Specjalisty - Og\u00f3lnopolskie Centrum Zaburze\u0144 Od\u017cywiania\",\"url\":\"https:\\\/\\\/centrumzaburzenodzywiania.pl\\\/strefaspecjalisty\\\/\",\"logo\":{\"@type\":\"ImageObject\",\"inLanguage\":\"pl-PL\",\"@id\":\"https:\\\/\\\/centrumzaburzenodzywiania.pl\\\/strefaspecjalisty\\\/#\\\/schema\\\/logo\\\/image\\\/\",\"url\":\"https:\\\/\\\/centrumzaburzenodzywiania.pl\\\/strefaspecjalisty\\\/wp-content\\\/uploads\\\/2025\\\/11\\\/logo.png\",\"contentUrl\":\"https:\\\/\\\/centrumzaburzenodzywiania.pl\\\/strefaspecjalisty\\\/wp-content\\\/uploads\\\/2025\\\/11\\\/logo.png\",\"width\":141,\"height\":54,\"caption\":\"Strefa Specjalisty - Og\u00f3lnopolskie Centrum Zaburze\u0144 Od\u017cywiania\"},\"image\":{\"@id\":\"https:\\\/\\\/centrumzaburzenodzywiania.pl\\\/strefaspecjalisty\\\/#\\\/schema\\\/logo\\\/image\\\/\"}}]}<\/script>\n<!-- \/ Yoast SEO plugin. -->","yoast_head_json":{"title":"[Szkolenie on-line] Asertywno\u015b\u0107 \u017cywieniowa - Strefa Specjalisty - Og\u00f3lnopolskie Centrum Zaburze\u0144 Od\u017cywiania","description":"Dowiesz si\u0119 jak pom\u00f3c pacjentowi, kt\u00f3ry mierzy si\u0119 z jednym z trudniejszych zada\u0144, jakim jest stawianie granic. Wraz z nagraniem otrzymasz narz\u0119dziownik.","robots":{"index":"index","follow":"follow","max-snippet":"max-snippet:-1","max-image-preview":"max-image-preview:large","max-video-preview":"max-video-preview:-1"},"canonical":"https:\/\/centrumzaburzenodzywiania.pl\/strefaspecjalisty\/produkt\/szkolenie-on-line-asertywnosc-zywieniowa-2\/","og_locale":"pl_PL","og_type":"article","og_title":"[Szkolenie on-line] Asertywno\u015b\u0107 \u017cywieniowa - Strefa Specjalisty - Og\u00f3lnopolskie Centrum Zaburze\u0144 Od\u017cywiania","og_description":"Dowiesz si\u0119 jak pom\u00f3c pacjentowi, kt\u00f3ry mierzy si\u0119 z jednym z trudniejszych zada\u0144, jakim jest stawianie granic. Wraz z nagraniem otrzymasz narz\u0119dziownik.","og_url":"https:\/\/centrumzaburzenodzywiania.pl\/strefaspecjalisty\/produkt\/szkolenie-on-line-asertywnosc-zywieniowa-2\/","og_site_name":"Strefa Specjalisty - Og\u00f3lnopolskie Centrum Zaburze\u0144 Od\u017cywiania","article_modified_time":"2026-01-13T13:09:41+00:00","og_image":[{"width":1080,"height":1080,"url":"https:\/\/centrumzaburzenodzywiania.pl\/strefaspecjalisty\/wp-content\/uploads\/2023\/10\/5.png","type":"image\/png"}],"twitter_card":"summary_large_image","twitter_misc":{"Szacowany czas czytania":"1 minuta"},"schema":{"@context":"https:\/\/schema.org","@graph":[{"@type":"WebPage","@id":"https:\/\/centrumzaburzenodzywiania.pl\/strefaspecjalisty\/produkt\/szkolenie-on-line-asertywnosc-zywieniowa-2\/","url":"https:\/\/centrumzaburzenodzywiania.pl\/strefaspecjalisty\/produkt\/szkolenie-on-line-asertywnosc-zywieniowa-2\/","name":"[Szkolenie on-line] Asertywno\u015b\u0107 \u017cywieniowa - Strefa Specjalisty - Og\u00f3lnopolskie Centrum Zaburze\u0144 Od\u017cywiania","isPartOf":{"@id":"https:\/\/centrumzaburzenodzywiania.pl\/strefaspecjalisty\/#website"},"primaryImageOfPage":{"@id":"https:\/\/centrumzaburzenodzywiania.pl\/strefaspecjalisty\/produkt\/szkolenie-on-line-asertywnosc-zywieniowa-2\/#primaryimage"},"image":{"@id":"https:\/\/centrumzaburzenodzywiania.pl\/strefaspecjalisty\/produkt\/szkolenie-on-line-asertywnosc-zywieniowa-2\/#primaryimage"},"thumbnailUrl":"https:\/\/centrumzaburzenodzywiania.pl\/strefaspecjalisty\/wp-content\/uploads\/2023\/10\/5.png","datePublished":"2023-10-12T13:34:28+00:00","dateModified":"2026-01-13T13:09:41+00:00","description":"Dowiesz si\u0119 jak pom\u00f3c pacjentowi, kt\u00f3ry mierzy si\u0119 z jednym z trudniejszych zada\u0144, jakim jest stawianie granic. Wraz z nagraniem otrzymasz narz\u0119dziownik.","breadcrumb":{"@id":"https:\/\/centrumzaburzenodzywiania.pl\/strefaspecjalisty\/produkt\/szkolenie-on-line-asertywnosc-zywieniowa-2\/#breadcrumb"},"inLanguage":"pl-PL","potentialAction":[{"@type":"ReadAction","target":["https:\/\/centrumzaburzenodzywiania.pl\/strefaspecjalisty\/produkt\/szkolenie-on-line-asertywnosc-zywieniowa-2\/"]}]},{"@type":"ImageObject","inLanguage":"pl-PL","@id":"https:\/\/centrumzaburzenodzywiania.pl\/strefaspecjalisty\/produkt\/szkolenie-on-line-asertywnosc-zywieniowa-2\/#primaryimage","url":"https:\/\/centrumzaburzenodzywiania.pl\/strefaspecjalisty\/wp-content\/uploads\/2023\/10\/5.png","contentUrl":"https:\/\/centrumzaburzenodzywiania.pl\/strefaspecjalisty\/wp-content\/uploads\/2023\/10\/5.png","width":1080,"height":1080},{"@type":"BreadcrumbList","@id":"https:\/\/centrumzaburzenodzywiania.pl\/strefaspecjalisty\/produkt\/szkolenie-on-line-asertywnosc-zywieniowa-2\/#breadcrumb","itemListElement":[{"@type":"ListItem","position":1,"name":"Strona g\u0142\u00f3wna","item":"https:\/\/centrumzaburzenodzywiania.pl\/strefaspecjalisty\/"},{"@type":"ListItem","position":2,"name":"Sklep","item":"https:\/\/centrumzaburzenodzywiania.pl\/strefaspecjalisty\/sklep\/"},{"@type":"ListItem","position":3,"name":"[Szkolenie on-line] Asertywno\u015b\u0107 \u017cywieniowa"}]},{"@type":"WebSite","@id":"https:\/\/centrumzaburzenodzywiania.pl\/strefaspecjalisty\/#website","url":"https:\/\/centrumzaburzenodzywiania.pl\/strefaspecjalisty\/","name":"Strefa Specjalisty - Og\u00f3lnopolskie Centrum Zaburze\u0144 Od\u017cywiania","description":"Strefa Specjalisty - Og\u00f3lnopolskie Centrum Zaburze\u0144 Od\u017cywiania","publisher":{"@id":"https:\/\/centrumzaburzenodzywiania.pl\/strefaspecjalisty\/#organization"},"potentialAction":[{"@type":"SearchAction","target":{"@type":"EntryPoint","urlTemplate":"https:\/\/centrumzaburzenodzywiania.pl\/strefaspecjalisty\/?s={search_term_string}"},"query-input":{"@type":"PropertyValueSpecification","valueRequired":true,"valueName":"search_term_string"}}],"inLanguage":"pl-PL"},{"@type":"Organization","@id":"https:\/\/centrumzaburzenodzywiania.pl\/strefaspecjalisty\/#organization","name":"Strefa Specjalisty - Og\u00f3lnopolskie Centrum Zaburze\u0144 Od\u017cywiania","url":"https:\/\/centrumzaburzenodzywiania.pl\/strefaspecjalisty\/","logo":{"@type":"ImageObject","inLanguage":"pl-PL","@id":"https:\/\/centrumzaburzenodzywiania.pl\/strefaspecjalisty\/#\/schema\/logo\/image\/","url":"https:\/\/centrumzaburzenodzywiania.pl\/strefaspecjalisty\/wp-content\/uploads\/2025\/11\/logo.png","contentUrl":"https:\/\/centrumzaburzenodzywiania.pl\/strefaspecjalisty\/wp-content\/uploads\/2025\/11\/logo.png","width":141,"height":54,"caption":"Strefa Specjalisty - Og\u00f3lnopolskie Centrum Zaburze\u0144 Od\u017cywiania"},"image":{"@id":"https:\/\/centrumzaburzenodzywiania.pl\/strefaspecjalisty\/#\/schema\/logo\/image\/"}}]}},"_links":{"self":[{"href":"https:\/\/centrumzaburzenodzywiania.pl\/strefaspecjalisty\/wp-json\/wp\/v2\/product\/1788","targetHints":{"allow":["GET"]}}],"collection":[{"href":"https:\/\/centrumzaburzenodzywiania.pl\/strefaspecjalisty\/wp-json\/wp\/v2\/product"}],"about":[{"href":"https:\/\/centrumzaburzenodzywiania.pl\/strefaspecjalisty\/wp-json\/wp\/v2\/types\/product"}],"replies":[{"embeddable":true,"href":"https:\/\/centrumzaburzenodzywiania.pl\/strefaspecjalisty\/wp-json\/wp\/v2\/comments?post=1788"}],"wp:featuredmedia":[{"embeddable":true,"href":"https:\/\/centrumzaburzenodzywiania.pl\/strefaspecjalisty\/wp-json\/wp\/v2\/media\/1789"}],"wp:attachment":[{"href":"https:\/\/centrumzaburzenodzywiania.pl\/strefaspecjalisty\/wp-json\/wp\/v2\/media?parent=1788"}],"wp:term":[{"taxonomy":"product_brand","embeddable":true,"href":"https:\/\/centrumzaburzenodzywiania.pl\/strefaspecjalisty\/wp-json\/wp\/v2\/product_brand?post=1788"},{"taxonomy":"product_cat","embeddable":true,"href":"https:\/\/centrumzaburzenodzywiania.pl\/strefaspecjalisty\/wp-json\/wp\/v2\/product_cat?post=1788"},{"taxonomy":"product_tag","embeddable":true,"href":"https:\/\/centrumzaburzenodzywiania.pl\/strefaspecjalisty\/wp-json\/wp\/v2\/product_tag?post=1788"}],"curies":[{"name":"wp","href":"https:\/\/api.w.org\/{rel}","templated":true}]}}