{"id":1689,"date":"2023-09-05T17:38:32","date_gmt":"2023-09-05T15:38:32","guid":{"rendered":"https:\/\/centrumzaburzenodzywiania.pl\/strefaspecjalisty\/?post_type=product&#038;p=1689"},"modified":"2026-01-31T20:19:00","modified_gmt":"2026-01-31T19:19:00","slug":"e-book-co-robic-gdy-dziecko-boi-sie-przytyc-przewodnik-dla-rodziny-przedsprzedaz","status":"publish","type":"product","link":"https:\/\/centrumzaburzenodzywiania.pl\/strefaspecjalisty\/produkt\/e-book-co-robic-gdy-dziecko-boi-sie-przytyc-przewodnik-dla-rodziny-przedsprzedaz\/","title":{"rendered":"[E-BOOK] Co robi\u0107, gdy dziecko boi si\u0119 przyty\u0107? Przewodnik dla rodziny"},"content":{"rendered":"","protected":false},"excerpt":{"rendered":"<p><strong>To przewodnik, kt\u00f3ry w kompleksowy spos\u00f3b pokazuje Tobie &#8211; rodzicowi, partnerowi, partnerce &#8211; osoby choruj\u0105cej na zaburzenia od\u017cywiania, jak j\u0105 wspiera\u0107 w radzeniu sobie z l\u0119kiem przed przytyciem. Uwzgl\u0119dnia perspektyw\u0119 osoby chorej, jak i osoby bliskiej oraz t\u0142umaczy zjawiska, kt\u00f3re powoduj\u0105 l\u0119k oraz sprawiaj\u0105, \u017ce wci\u0105\u017c jest obecny w \u017cyciu osoby zmagaj\u0105cej si\u0119 z zaburzeniami od\u017cywiania.<\/strong><\/p>\n<p>Przepe\u0142niony praktycznymi narz\u0119dziami, wskaz\u00f3wkami i opisami przypadk\u00f3w stanowi drogowskaz dla ka\u017cdego, kto jest w roli osoby wspieraj\u0105cej.<\/p>\n<p>Jak PRZEWODNIK wygl\u0105da od \u015brodka?<\/p>\n<ul>\n<li>80 stron, 6 rozdzia\u0142\u00f3w<\/li>\n<li>podstawy teoretyczne<\/li>\n<li>arkusze pracy w\u0142asnej dla Ciebie &#8211; osoby bliskiej<\/li>\n<li>sprawdzone modele i narz\u0119dzia<\/li>\n<li>ca\u0142e mn\u00f3stwo wskaz\u00f3wek<\/li>\n<\/ul>\n<p>FORMAT: PDF<\/p>\n<p><strong>Spis tre\u015bci:<\/strong><\/p>\n<ol>\n<li><span class=\"OYPEnA text-decoration-none text-strikethrough-none\">Zrozumienie zaburze\u0144 od\u017cywiania, czyli czemu nie chodzi o jedzenie<\/span><\/li>\n<li>Natura l\u0119ku. Sk\u0105d si\u0119 wzi\u0105\u0142 tak silny l\u0119k przed przytyciem u Twojego dziecka?<\/li>\n<li><span class=\"OYPEnA text-decoration-none text-strikethrough-none\">Techniki na radzenie sobie z l\u0119kiem przed przytyciem. <\/span><\/li>\n<li><span class=\"OYPEnA text-decoration-none text-strikethrough-none\">Trudne sytuacje: jak si\u0119 komunikowa\u0107 z dzieckiem, by osi\u0105gn\u0105\u0107 porozumienie?<\/span><\/li>\n<li><span class=\"OYPEnA text-decoration-none text-strikethrough-none\">Zasady \u017cycia w rodzinie, czyli o tym, \u017ce zmiana nie dotyczy tylko Twojego dziecka<\/span><\/li>\n<li><span class=\"OYPEnA text-decoration-none text-strikethrough-none\">Poszukiwanie profesjonalnej pomocy.<\/span><\/li>\n<\/ol>\n","protected":false},"featured_media":1691,"comment_status":"closed","ping_status":"closed","template":"","meta":{"_acf_changed":false,"inline_featured_image":false},"product_brand":[],"product_cat":[22,21],"product_tag":[],"class_list":{"0":"post-1689","1":"product","2":"type-product","3":"status-publish","4":"has-post-thumbnail","6":"product_cat-dla-kazdego","7":"product_cat-platforma","9":"first","10":"instock","11":"downloadable","12":"virtual","13":"taxable","14":"purchasable","15":"product-type-simple"},"acf":[],"yoast_head":"<!-- This site is optimized with the Yoast SEO plugin v27.4 - https:\/\/yoast.com\/product\/yoast-seo-wordpress\/ -->\n<title>[E-BOOK] Co robi\u0107, gdy dziecko boi si\u0119 przyty\u0107? Przewodnik dla rodziny - Strefa Specjalisty - Og\u00f3lnopolskie Centrum Zaburze\u0144 Od\u017cywiania<\/title>\n<meta name=\"description\" content=\"Przewodnik, kt\u00f3ry w kompleksowy spos\u00f3b pokazuje Tobie \u2013 rodzicowi, partnerowi, partnerce \u2013 jak wspiera\u0107 w radzeniu sobie z l\u0119kiem przed przytyciem.\" \/>\n<meta name=\"robots\" content=\"index, follow, max-snippet:-1, max-image-preview:large, max-video-preview:-1\" \/>\n<link rel=\"canonical\" href=\"https:\/\/centrumzaburzenodzywiania.pl\/strefaspecjalisty\/produkt\/e-book-co-robic-gdy-dziecko-boi-sie-przytyc-przewodnik-dla-rodziny-przedsprzedaz\/\" \/>\n<meta property=\"og:locale\" content=\"pl_PL\" \/>\n<meta property=\"og:type\" content=\"article\" \/>\n<meta property=\"og:title\" content=\"[E-BOOK] Co robi\u0107, gdy dziecko boi si\u0119 przyty\u0107? Przewodnik dla rodziny - Strefa Specjalisty - Og\u00f3lnopolskie Centrum Zaburze\u0144 Od\u017cywiania\" \/>\n<meta property=\"og:description\" content=\"Przewodnik, kt\u00f3ry w kompleksowy spos\u00f3b pokazuje Tobie \u2013 rodzicowi, partnerowi, partnerce \u2013 jak wspiera\u0107 w radzeniu sobie z l\u0119kiem przed przytyciem.\" \/>\n<meta property=\"og:url\" content=\"https:\/\/centrumzaburzenodzywiania.pl\/strefaspecjalisty\/produkt\/e-book-co-robic-gdy-dziecko-boi-sie-przytyc-przewodnik-dla-rodziny-przedsprzedaz\/\" \/>\n<meta property=\"og:site_name\" content=\"Strefa Specjalisty - Og\u00f3lnopolskie Centrum Zaburze\u0144 Od\u017cywiania\" \/>\n<meta property=\"article:modified_time\" content=\"2026-01-31T19:19:00+00:00\" \/>\n<meta property=\"og:image\" content=\"https:\/\/centrumzaburzenodzywiania.pl\/strefaspecjalisty\/wp-content\/uploads\/2023\/09\/OCZO-Posty-FB-IG-luty-marzec-3.png\" \/>\n\t<meta property=\"og:image:width\" content=\"1080\" \/>\n\t<meta property=\"og:image:height\" content=\"1080\" \/>\n\t<meta property=\"og:image:type\" content=\"image\/png\" \/>\n<meta name=\"twitter:card\" content=\"summary_large_image\" \/>\n<meta name=\"twitter:label1\" content=\"Szacowany czas czytania\" \/>\n\t<meta name=\"twitter:data1\" content=\"1 minuta\" \/>\n<script type=\"application\/ld+json\" class=\"yoast-schema-graph\">{\"@context\":\"https:\\\/\\\/schema.org\",\"@graph\":[{\"@type\":\"WebPage\",\"@id\":\"https:\\\/\\\/centrumzaburzenodzywiania.pl\\\/strefaspecjalisty\\\/produkt\\\/e-book-co-robic-gdy-dziecko-boi-sie-przytyc-przewodnik-dla-rodziny-przedsprzedaz\\\/\",\"url\":\"https:\\\/\\\/centrumzaburzenodzywiania.pl\\\/strefaspecjalisty\\\/produkt\\\/e-book-co-robic-gdy-dziecko-boi-sie-przytyc-przewodnik-dla-rodziny-przedsprzedaz\\\/\",\"name\":\"[E-BOOK] Co robi\u0107, gdy dziecko boi si\u0119 przyty\u0107? Przewodnik dla rodziny - Strefa Specjalisty - Og\u00f3lnopolskie Centrum Zaburze\u0144 Od\u017cywiania\",\"isPartOf\":{\"@id\":\"https:\\\/\\\/centrumzaburzenodzywiania.pl\\\/strefaspecjalisty\\\/#website\"},\"primaryImageOfPage\":{\"@id\":\"https:\\\/\\\/centrumzaburzenodzywiania.pl\\\/strefaspecjalisty\\\/produkt\\\/e-book-co-robic-gdy-dziecko-boi-sie-przytyc-przewodnik-dla-rodziny-przedsprzedaz\\\/#primaryimage\"},\"image\":{\"@id\":\"https:\\\/\\\/centrumzaburzenodzywiania.pl\\\/strefaspecjalisty\\\/produkt\\\/e-book-co-robic-gdy-dziecko-boi-sie-przytyc-przewodnik-dla-rodziny-przedsprzedaz\\\/#primaryimage\"},\"thumbnailUrl\":\"https:\\\/\\\/centrumzaburzenodzywiania.pl\\\/strefaspecjalisty\\\/wp-content\\\/uploads\\\/2023\\\/09\\\/OCZO-Posty-FB-IG-luty-marzec-3.png\",\"datePublished\":\"2023-09-05T15:38:32+00:00\",\"dateModified\":\"2026-01-31T19:19:00+00:00\",\"description\":\"Przewodnik, kt\u00f3ry w kompleksowy spos\u00f3b pokazuje Tobie \u2013 rodzicowi, partnerowi, partnerce \u2013 jak wspiera\u0107 w radzeniu sobie z l\u0119kiem przed przytyciem.\",\"breadcrumb\":{\"@id\":\"https:\\\/\\\/centrumzaburzenodzywiania.pl\\\/strefaspecjalisty\\\/produkt\\\/e-book-co-robic-gdy-dziecko-boi-sie-przytyc-przewodnik-dla-rodziny-przedsprzedaz\\\/#breadcrumb\"},\"inLanguage\":\"pl-PL\",\"potentialAction\":[{\"@type\":\"ReadAction\",\"target\":[\"https:\\\/\\\/centrumzaburzenodzywiania.pl\\\/strefaspecjalisty\\\/produkt\\\/e-book-co-robic-gdy-dziecko-boi-sie-przytyc-przewodnik-dla-rodziny-przedsprzedaz\\\/\"]}]},{\"@type\":\"ImageObject\",\"inLanguage\":\"pl-PL\",\"@id\":\"https:\\\/\\\/centrumzaburzenodzywiania.pl\\\/strefaspecjalisty\\\/produkt\\\/e-book-co-robic-gdy-dziecko-boi-sie-przytyc-przewodnik-dla-rodziny-przedsprzedaz\\\/#primaryimage\",\"url\":\"https:\\\/\\\/centrumzaburzenodzywiania.pl\\\/strefaspecjalisty\\\/wp-content\\\/uploads\\\/2023\\\/09\\\/OCZO-Posty-FB-IG-luty-marzec-3.png\",\"contentUrl\":\"https:\\\/\\\/centrumzaburzenodzywiania.pl\\\/strefaspecjalisty\\\/wp-content\\\/uploads\\\/2023\\\/09\\\/OCZO-Posty-FB-IG-luty-marzec-3.png\",\"width\":1080,\"height\":1080},{\"@type\":\"BreadcrumbList\",\"@id\":\"https:\\\/\\\/centrumzaburzenodzywiania.pl\\\/strefaspecjalisty\\\/produkt\\\/e-book-co-robic-gdy-dziecko-boi-sie-przytyc-przewodnik-dla-rodziny-przedsprzedaz\\\/#breadcrumb\",\"itemListElement\":[{\"@type\":\"ListItem\",\"position\":1,\"name\":\"Strona g\u0142\u00f3wna\",\"item\":\"https:\\\/\\\/centrumzaburzenodzywiania.pl\\\/strefaspecjalisty\\\/\"},{\"@type\":\"ListItem\",\"position\":2,\"name\":\"Sklep\",\"item\":\"https:\\\/\\\/centrumzaburzenodzywiania.pl\\\/strefaspecjalisty\\\/sklep\\\/\"},{\"@type\":\"ListItem\",\"position\":3,\"name\":\"[E-BOOK] Co robi\u0107, gdy dziecko boi si\u0119 przyty\u0107? Przewodnik dla rodziny\"}]},{\"@type\":\"WebSite\",\"@id\":\"https:\\\/\\\/centrumzaburzenodzywiania.pl\\\/strefaspecjalisty\\\/#website\",\"url\":\"https:\\\/\\\/centrumzaburzenodzywiania.pl\\\/strefaspecjalisty\\\/\",\"name\":\"Strefa Specjalisty - Og\u00f3lnopolskie Centrum Zaburze\u0144 Od\u017cywiania\",\"description\":\"Strefa Specjalisty - Og\u00f3lnopolskie Centrum Zaburze\u0144 Od\u017cywiania\",\"publisher\":{\"@id\":\"https:\\\/\\\/centrumzaburzenodzywiania.pl\\\/strefaspecjalisty\\\/#organization\"},\"potentialAction\":[{\"@type\":\"SearchAction\",\"target\":{\"@type\":\"EntryPoint\",\"urlTemplate\":\"https:\\\/\\\/centrumzaburzenodzywiania.pl\\\/strefaspecjalisty\\\/?s={search_term_string}\"},\"query-input\":{\"@type\":\"PropertyValueSpecification\",\"valueRequired\":true,\"valueName\":\"search_term_string\"}}],\"inLanguage\":\"pl-PL\"},{\"@type\":\"Organization\",\"@id\":\"https:\\\/\\\/centrumzaburzenodzywiania.pl\\\/strefaspecjalisty\\\/#organization\",\"name\":\"Strefa Specjalisty - Og\u00f3lnopolskie Centrum Zaburze\u0144 Od\u017cywiania\",\"url\":\"https:\\\/\\\/centrumzaburzenodzywiania.pl\\\/strefaspecjalisty\\\/\",\"logo\":{\"@type\":\"ImageObject\",\"inLanguage\":\"pl-PL\",\"@id\":\"https:\\\/\\\/centrumzaburzenodzywiania.pl\\\/strefaspecjalisty\\\/#\\\/schema\\\/logo\\\/image\\\/\",\"url\":\"https:\\\/\\\/centrumzaburzenodzywiania.pl\\\/strefaspecjalisty\\\/wp-content\\\/uploads\\\/2025\\\/11\\\/logo.png\",\"contentUrl\":\"https:\\\/\\\/centrumzaburzenodzywiania.pl\\\/strefaspecjalisty\\\/wp-content\\\/uploads\\\/2025\\\/11\\\/logo.png\",\"width\":141,\"height\":54,\"caption\":\"Strefa Specjalisty - Og\u00f3lnopolskie Centrum Zaburze\u0144 Od\u017cywiania\"},\"image\":{\"@id\":\"https:\\\/\\\/centrumzaburzenodzywiania.pl\\\/strefaspecjalisty\\\/#\\\/schema\\\/logo\\\/image\\\/\"}}]}<\/script>\n<!-- \/ Yoast SEO plugin. -->","yoast_head_json":{"title":"[E-BOOK] Co robi\u0107, gdy dziecko boi si\u0119 przyty\u0107? Przewodnik dla rodziny - Strefa Specjalisty - Og\u00f3lnopolskie Centrum Zaburze\u0144 Od\u017cywiania","description":"Przewodnik, kt\u00f3ry w kompleksowy spos\u00f3b pokazuje Tobie \u2013 rodzicowi, partnerowi, partnerce \u2013 jak wspiera\u0107 w radzeniu sobie z l\u0119kiem przed przytyciem.","robots":{"index":"index","follow":"follow","max-snippet":"max-snippet:-1","max-image-preview":"max-image-preview:large","max-video-preview":"max-video-preview:-1"},"canonical":"https:\/\/centrumzaburzenodzywiania.pl\/strefaspecjalisty\/produkt\/e-book-co-robic-gdy-dziecko-boi-sie-przytyc-przewodnik-dla-rodziny-przedsprzedaz\/","og_locale":"pl_PL","og_type":"article","og_title":"[E-BOOK] Co robi\u0107, gdy dziecko boi si\u0119 przyty\u0107? Przewodnik dla rodziny - Strefa Specjalisty - Og\u00f3lnopolskie Centrum Zaburze\u0144 Od\u017cywiania","og_description":"Przewodnik, kt\u00f3ry w kompleksowy spos\u00f3b pokazuje Tobie \u2013 rodzicowi, partnerowi, partnerce \u2013 jak wspiera\u0107 w radzeniu sobie z l\u0119kiem przed przytyciem.","og_url":"https:\/\/centrumzaburzenodzywiania.pl\/strefaspecjalisty\/produkt\/e-book-co-robic-gdy-dziecko-boi-sie-przytyc-przewodnik-dla-rodziny-przedsprzedaz\/","og_site_name":"Strefa Specjalisty - Og\u00f3lnopolskie Centrum Zaburze\u0144 Od\u017cywiania","article_modified_time":"2026-01-31T19:19:00+00:00","og_image":[{"width":1080,"height":1080,"url":"https:\/\/centrumzaburzenodzywiania.pl\/strefaspecjalisty\/wp-content\/uploads\/2023\/09\/OCZO-Posty-FB-IG-luty-marzec-3.png","type":"image\/png"}],"twitter_card":"summary_large_image","twitter_misc":{"Szacowany czas czytania":"1 minuta"},"schema":{"@context":"https:\/\/schema.org","@graph":[{"@type":"WebPage","@id":"https:\/\/centrumzaburzenodzywiania.pl\/strefaspecjalisty\/produkt\/e-book-co-robic-gdy-dziecko-boi-sie-przytyc-przewodnik-dla-rodziny-przedsprzedaz\/","url":"https:\/\/centrumzaburzenodzywiania.pl\/strefaspecjalisty\/produkt\/e-book-co-robic-gdy-dziecko-boi-sie-przytyc-przewodnik-dla-rodziny-przedsprzedaz\/","name":"[E-BOOK] Co robi\u0107, gdy dziecko boi si\u0119 przyty\u0107? Przewodnik dla rodziny - Strefa Specjalisty - Og\u00f3lnopolskie Centrum Zaburze\u0144 Od\u017cywiania","isPartOf":{"@id":"https:\/\/centrumzaburzenodzywiania.pl\/strefaspecjalisty\/#website"},"primaryImageOfPage":{"@id":"https:\/\/centrumzaburzenodzywiania.pl\/strefaspecjalisty\/produkt\/e-book-co-robic-gdy-dziecko-boi-sie-przytyc-przewodnik-dla-rodziny-przedsprzedaz\/#primaryimage"},"image":{"@id":"https:\/\/centrumzaburzenodzywiania.pl\/strefaspecjalisty\/produkt\/e-book-co-robic-gdy-dziecko-boi-sie-przytyc-przewodnik-dla-rodziny-przedsprzedaz\/#primaryimage"},"thumbnailUrl":"https:\/\/centrumzaburzenodzywiania.pl\/strefaspecjalisty\/wp-content\/uploads\/2023\/09\/OCZO-Posty-FB-IG-luty-marzec-3.png","datePublished":"2023-09-05T15:38:32+00:00","dateModified":"2026-01-31T19:19:00+00:00","description":"Przewodnik, kt\u00f3ry w kompleksowy spos\u00f3b pokazuje Tobie \u2013 rodzicowi, partnerowi, partnerce \u2013 jak wspiera\u0107 w radzeniu sobie z l\u0119kiem przed przytyciem.","breadcrumb":{"@id":"https:\/\/centrumzaburzenodzywiania.pl\/strefaspecjalisty\/produkt\/e-book-co-robic-gdy-dziecko-boi-sie-przytyc-przewodnik-dla-rodziny-przedsprzedaz\/#breadcrumb"},"inLanguage":"pl-PL","potentialAction":[{"@type":"ReadAction","target":["https:\/\/centrumzaburzenodzywiania.pl\/strefaspecjalisty\/produkt\/e-book-co-robic-gdy-dziecko-boi-sie-przytyc-przewodnik-dla-rodziny-przedsprzedaz\/"]}]},{"@type":"ImageObject","inLanguage":"pl-PL","@id":"https:\/\/centrumzaburzenodzywiania.pl\/strefaspecjalisty\/produkt\/e-book-co-robic-gdy-dziecko-boi-sie-przytyc-przewodnik-dla-rodziny-przedsprzedaz\/#primaryimage","url":"https:\/\/centrumzaburzenodzywiania.pl\/strefaspecjalisty\/wp-content\/uploads\/2023\/09\/OCZO-Posty-FB-IG-luty-marzec-3.png","contentUrl":"https:\/\/centrumzaburzenodzywiania.pl\/strefaspecjalisty\/wp-content\/uploads\/2023\/09\/OCZO-Posty-FB-IG-luty-marzec-3.png","width":1080,"height":1080},{"@type":"BreadcrumbList","@id":"https:\/\/centrumzaburzenodzywiania.pl\/strefaspecjalisty\/produkt\/e-book-co-robic-gdy-dziecko-boi-sie-przytyc-przewodnik-dla-rodziny-przedsprzedaz\/#breadcrumb","itemListElement":[{"@type":"ListItem","position":1,"name":"Strona g\u0142\u00f3wna","item":"https:\/\/centrumzaburzenodzywiania.pl\/strefaspecjalisty\/"},{"@type":"ListItem","position":2,"name":"Sklep","item":"https:\/\/centrumzaburzenodzywiania.pl\/strefaspecjalisty\/sklep\/"},{"@type":"ListItem","position":3,"name":"[E-BOOK] Co robi\u0107, gdy dziecko boi si\u0119 przyty\u0107? Przewodnik dla rodziny"}]},{"@type":"WebSite","@id":"https:\/\/centrumzaburzenodzywiania.pl\/strefaspecjalisty\/#website","url":"https:\/\/centrumzaburzenodzywiania.pl\/strefaspecjalisty\/","name":"Strefa Specjalisty - Og\u00f3lnopolskie Centrum Zaburze\u0144 Od\u017cywiania","description":"Strefa Specjalisty - Og\u00f3lnopolskie Centrum Zaburze\u0144 Od\u017cywiania","publisher":{"@id":"https:\/\/centrumzaburzenodzywiania.pl\/strefaspecjalisty\/#organization"},"potentialAction":[{"@type":"SearchAction","target":{"@type":"EntryPoint","urlTemplate":"https:\/\/centrumzaburzenodzywiania.pl\/strefaspecjalisty\/?s={search_term_string}"},"query-input":{"@type":"PropertyValueSpecification","valueRequired":true,"valueName":"search_term_string"}}],"inLanguage":"pl-PL"},{"@type":"Organization","@id":"https:\/\/centrumzaburzenodzywiania.pl\/strefaspecjalisty\/#organization","name":"Strefa Specjalisty - Og\u00f3lnopolskie Centrum Zaburze\u0144 Od\u017cywiania","url":"https:\/\/centrumzaburzenodzywiania.pl\/strefaspecjalisty\/","logo":{"@type":"ImageObject","inLanguage":"pl-PL","@id":"https:\/\/centrumzaburzenodzywiania.pl\/strefaspecjalisty\/#\/schema\/logo\/image\/","url":"https:\/\/centrumzaburzenodzywiania.pl\/strefaspecjalisty\/wp-content\/uploads\/2025\/11\/logo.png","contentUrl":"https:\/\/centrumzaburzenodzywiania.pl\/strefaspecjalisty\/wp-content\/uploads\/2025\/11\/logo.png","width":141,"height":54,"caption":"Strefa Specjalisty - Og\u00f3lnopolskie Centrum Zaburze\u0144 Od\u017cywiania"},"image":{"@id":"https:\/\/centrumzaburzenodzywiania.pl\/strefaspecjalisty\/#\/schema\/logo\/image\/"}}]}},"_links":{"self":[{"href":"https:\/\/centrumzaburzenodzywiania.pl\/strefaspecjalisty\/wp-json\/wp\/v2\/product\/1689","targetHints":{"allow":["GET"]}}],"collection":[{"href":"https:\/\/centrumzaburzenodzywiania.pl\/strefaspecjalisty\/wp-json\/wp\/v2\/product"}],"about":[{"href":"https:\/\/centrumzaburzenodzywiania.pl\/strefaspecjalisty\/wp-json\/wp\/v2\/types\/product"}],"replies":[{"embeddable":true,"href":"https:\/\/centrumzaburzenodzywiania.pl\/strefaspecjalisty\/wp-json\/wp\/v2\/comments?post=1689"}],"wp:featuredmedia":[{"embeddable":true,"href":"https:\/\/centrumzaburzenodzywiania.pl\/strefaspecjalisty\/wp-json\/wp\/v2\/media\/1691"}],"wp:attachment":[{"href":"https:\/\/centrumzaburzenodzywiania.pl\/strefaspecjalisty\/wp-json\/wp\/v2\/media?parent=1689"}],"wp:term":[{"taxonomy":"product_brand","embeddable":true,"href":"https:\/\/centrumzaburzenodzywiania.pl\/strefaspecjalisty\/wp-json\/wp\/v2\/product_brand?post=1689"},{"taxonomy":"product_cat","embeddable":true,"href":"https:\/\/centrumzaburzenodzywiania.pl\/strefaspecjalisty\/wp-json\/wp\/v2\/product_cat?post=1689"},{"taxonomy":"product_tag","embeddable":true,"href":"https:\/\/centrumzaburzenodzywiania.pl\/strefaspecjalisty\/wp-json\/wp\/v2\/product_tag?post=1689"}],"curies":[{"name":"wp","href":"https:\/\/api.w.org\/{rel}","templated":true}]}}