{"id":3,"date":"2021-02-11T11:16:51","date_gmt":"2021-02-11T10:16:51","guid":{"rendered":"https:\/\/centrumzaburzenodzywiania.pl\/strefaspecjalisty\/?page_id=3"},"modified":"2026-01-09T10:10:43","modified_gmt":"2026-01-09T09:10:43","slug":"polityka-prywatnosci","status":"publish","type":"page","link":"https:\/\/centrumzaburzenodzywiania.pl\/strefaspecjalisty\/polityka-prywatnosci\/","title":{"rendered":"Polityka prywatno\u015bci"},"content":{"rendered":"<p>&nbsp;<\/p>\n<h4 style=\"text-align: left;\"><strong>POLITYKA PRYWATNO\u015aCI<\/strong><\/h4>\n<p style=\"text-align: left;\"><strong>Postanowienia og\u00f3lne<\/strong><br \/>\n1. Administratorem danych osobowych Klient\u00f3w jest Fundacja Og\u00f3lnopolskie Centrum Zaburze\u0144 Od\u017cywiania (OCZO);<br \/>\nul. Marii Curie-Sk\u0142odowskiej 46\/1a 50-369 Wroc\u0142aw\u00a0 KRS: 0000729552 NIP: 8992844359 REGON: 380075704<\/p>\n<p style=\"text-align: left;\">2. Je\u017celi nie zgadzasz si\u0119 z Polityk\u0105 Prywatno\u015bci, prosz\u0119 nie odwiedza\u0107 serwisu, nie zapisywa\u0107 si\u0119 do newsletter\u00f3w<br \/>\nnale\u017c\u0105cych do OCZO oraz nie nabywa\u0107 produkt\u00f3w i us\u0142ug oferowanych przez OCZO.<\/p>\n<p style=\"text-align: left;\">3. OCZO zastrzega sobie prawo do wprowadzania zmian w Polityce Prywatno\u015bci, z zastrze\u017ceniem postanowie\u0144 rozdzia\u0142u<br \/>\n\u201eZmiany Polityki Prywatno\u015bci\u201d.<\/p>\n<p style=\"text-align: left;\">4. Postanowienia niniejszej Polityki Prywatno\u015bci maj\u0105 odpowiednie zastosowanie do os\u00f3b nieposiadaj\u0105cych aktywnego konta<br \/>\noraz potencjalnych Klient\u00f3w, w tym do os\u00f3b korzystaj\u0105cych z formularza kontaktowego.<\/p>\n<p style=\"text-align: left;\"><strong>Dane Osobowe<\/strong><\/p>\n<p style=\"text-align: left;\">5. OCZO przetwarza dane osobowe Klient\u00f3w w celu nale\u017cytego wykonywania um\u00f3w obejmuj\u0105cych produkty i us\u0142ugi OCZO<br \/>\noraz w celach marketingu bezpo\u015bredniego produkt\u00f3w i us\u0142ug OCZO, o ile Klient wyrazi zgod\u0119 na tego rodzaju marketing.<\/p>\n<p style=\"text-align: left;\">6. OCZO wymaga tylko tych danych, kt\u00f3re s\u0105 niezb\u0119dne do poprawnego dzia\u0142ania serwisu i \u015bwiadczenia us\u0142ug.<br \/>\nNiepodanie wymaganych danych uniemo\u017cliwi wykonanie czynno\u015bci, kt\u00f3rej te dane dotyczy\u0142y.<\/p>\n<p style=\"text-align: left;\">7. Podstaw\u0105 przetwarzania danych osobowych przez OCZO jest zgoda Klient\u00f3w, jak r\u00f3wnie\u017c ustawowe upowa\u017cnienie do przetwarzania danych<br \/>\nosobowych Klient\u00f3ww celu:<\/p>\n<p style=\"text-align: left;\">\u2022 umo\u017cliwienia Klientom korzystania z funkcji strony internetowej,<br \/>\n\u2022 realizacji zam\u00f3wie\u0144 na produkty i us\u0142ugi OCZO,<br \/>\n\u2022 reakcji na informacje przes\u0142ane OCZO z wykorzystaniem formularza kontaktowego,<br \/>\n\u2022 realizacji subskrypcji bezp\u0142atnych elektronicznych newsletter\u00f3w (kurs\u00f3w),<br \/>\n\u2022 realizacji marketingu bezpo\u015bredniego produkt\u00f3w i us\u0142ug OCZO, o ile Klient wyrazi zgod\u0119 na tego rodzaju marketing.<\/p>\n<p style=\"text-align: left;\">8. Poprzez podanie swoich danych osobowych w toku sk\u0142adania przez Klienta formularza w celu: za\u0142o\u017cenia konta, zakupu produkt\u00f3w i us\u0142ug OCZO, zam\u00f3wienia<br \/>\nsubskrypcji bezp\u0142atnego newslettera (kursu) lub w toku korzystania z formularza kontaktu oraz poprzez zaznaczenie<br \/>\nw\u0142a\u015bciwego pola wyboru, Klient dokonuje akceptacji niniejszej Polityki Prywatno\u015bci.<br \/>\nTym samym Klient wyra\u017ca zgod\u0119 na przetwarzanie jego danych osobowych w zwi\u0105zku z zawarciem i wykonywaniem<br \/>\numowy przez OCZO.<\/p>\n<p style=\"text-align: left;\">9. Poprzez podanie swoich danych osobowych w toku sk\u0142adania przez Klienta formularza oraz zaznaczenie w\u0142a\u015bciwego<br \/>\npola wyboru, Klient wyra\u017ca zgod\u0119 na przetwarzanie jego danych osobowych w celu marketingu bezpo\u015bredniego produkt\u00f3w<br \/>\ni us\u0142ug OCZO.<\/p>\n<p style=\"text-align: left;\">10. Podanie jakichkolwiek danych osobowych ma charakter dobrowolny. Podanie danych wymaganych w procesie<br \/>\nzak\u0142adania konta\/korzystania z formularza kontaktowego\/subskrypcji newslettera\/sk\u0142adania zam\u00f3wienia na produkty lub<br \/>\nus\u0142ugi jest konieczne do prawid\u0142owego wykonywania us\u0142ug przez OCZO. Klient w ka\u017cdym czasie ma prawo dost\u0119pu do tre\u015bci swoich danych oraz ich poprawiania.<\/p>\n<p style=\"text-align: left;\">11. Klient ma prawo wniesienia umotywowanego \u017c\u0105dania zaprzestania przetwarzania jego danych osobowych przetwarzanych<br \/>\nw przypadku przetwarzania ich w celach, o kt\u00f3rych mowa w art. 23 ust. 1 pkt 4 i 5 ustawy o ochronie danych osobowych,<br \/>\nw tym w celach marketingowych, jak r\u00f3wnie\u017c ma prawo wniesienia sprzeciwu wobec przetwarzania jego danych w takich wypadkach.<\/p>\n<p style=\"text-align: left;\">12. OCZO b\u0119dzie przetwarza\u0107 wy\u0142\u0105cznie te dane, kt\u00f3re s\u0105 konieczne do prawid\u0142owego wykonania us\u0142ug przez OCZO,<br \/>\njak r\u00f3wnie\u017c dla zrealizowania uprawnie\u0144 wynikaj\u0105cych z przepis\u00f3w obowi\u0105zuj\u0105cego prawa, w tym w celach statystycznych, rozpatrzenia ewentualnych reklamacji, wystawienia<br \/>\nfaktury VAT, dochodzenia roszcze\u0144 OCZO.<\/p>\n<p style=\"text-align: left;\">13. W przypadku wyra\u017cenia zgody przez Klienta na otrzymywanie informacji handlowych drog\u0105 elektroniczn\u0105, dane<br \/>\nosobowe Klienta mog\u0105 by\u0107 przetwarzane r\u00f3wnie\u017c w celu przes\u0142ania Klientowi takiej informacji.<\/p>\n<p style=\"text-align: left;\">14. W zakres przetwarzanych danych wchodzi: imi\u0119, nazwisko, adres e-mail, numer telefonu kom\u00f3rkowego, adres,<br \/>\nwykszta\u0142cenie oraz w przypadku rejestracji na wizyt\u0119 dodatkowo: wiek, waga, wzrost, kr\u00f3tki opis problemu.<\/p>\n<p style=\"text-align: left;\">15. Opr\u00f3cz danych podawanych przez Klient\u00f3w w ramach proces\u00f3w przegl\u0105dania strony internetowej, rejestracji Konta,<br \/>\nzakupu produkt\u00f3w i us\u0142ug OCZO, korzystania z formularza kontaktowego, subskrypcji newslettera, w ramach witryny centrumzaburzenodzywiania.pl wykorzystywane s\u0105 mechanizmy<br \/>\ngromadz\u0105ce i przechowuj\u0105ce nast\u0119puj\u0105ce informacje:<\/p>\n<p style=\"text-align: left;\">1) z u\u017cyciem plik\u00f3w Cookie \u2013 dane identyfikuj\u0105ce sesj\u0119 danej osoby w przegl\u0105darce internetowej i na serwerach strony internetowej centrumzaburzenodzywiania.pl<br \/>\n(okre\u015blone szczeg\u00f3\u0142owo w Polityce Cookies)<\/p>\n<p style=\"text-align: left;\">2) z u\u017cyciem log\u00f3w serwera \u2013 dane takie jak: adres IP, sk\u0105d pochodzi zapytanie o wy\u015bwietlenie strony internetowej, typ przegl\u0105darki, j\u0119zyk przegl\u0105darki,<br \/>\ndata i godzina zdarzenia, informacje o b\u0142\u0119dach jakie nast\u0105pi\u0142y przy realizacji transakcji<br \/>\nHTTP, w przypadku gdy przej\u015bcie do strony centrumzaburzenodzywiania.pl nast\u0105pi\u0142o przez odno\u015bnik (link)<br \/>\n\u2013 adres URL strony, z kt\u00f3rej Klient zosta\u0142 przekierowany na stron\u0119 centrumzaburzenodzywiania.pl<\/p>\n<p style=\"text-align: left;\">16. W przypadku uzyskania przez OCZO wiadomo\u015bci o korzystaniu przez Klienta ze strony internetowej centrumzaburzenodzywiania.pl niezgodnie z Regulaminem lub z obowi\u0105zuj\u0105cymi przepisami, OCZO mo\u017ce przetwarza\u0107<br \/>\ndane osobowe Klienta w zakresie niezb\u0119dnym do ustalenia odpowiedzialno\u015bci Klienta.<\/p>\n<p style=\"text-align: left;\"><strong>Przegl\u0105danie zawarto\u015bci witryny internetowej\/domeny centrumzaburzenodzywiania.pl i jej poddomen<\/strong><\/p>\n<p style=\"text-align: left;\">17. Przegl\u0105danie zawarto\u015bci witryny internetowej centrumzaburzenodzywiania.pl, niepo\u0142\u0105czone z dokonywaniem zakupu us\u0142ug lub produktu, zak\u0142adaniem konta lub korzystaniem z formularza kontaktowego, nie wymaga podawania przez Klienta danych osobowych.<\/p>\n<p style=\"text-align: left;\"><strong>Korzystanie z formularza kontaktowego<\/strong><\/p>\n<p style=\"text-align: left;\">18. Skorzystanie z formularza kontaktowego, dost\u0119pnego na stronie centrumzaburzenodzywiania.pl wymaga podania danych osobowych w postaci imienia, nazwiska, adresu e-mail oraz numeru telefonu.<\/p>\n<p style=\"text-align: left;\"><strong>Subskrypcja bezp\u0142atnych newsletter\u00f3w (kurs\u00f3w)<\/strong><\/p>\n<p style=\"text-align: left;\">19. Zaprenumerowanie elektronicznych i bezp\u0142atnych newsletter\u00f3w (kurs\u00f3w) nale\u017c\u0105cych do OCZO i dost\u0119pnych na centrumzaburzenodzywiania.pl wymaga podania w odpowiednim formularzu swojego imienia i adresu e-mail. Pola te s\u0105 obowi\u0105zkowe.<\/p>\n<p style=\"text-align: left;\">20. Uzyskane w ten spos\u00f3b dane s\u0105 dodawane do listy mailingowej newslettera (kursu). Adres e-mail jest niezb\u0119dny,<br \/>\naby mo\u017cna by\u0142o wys\u0142a\u0107 danemu U\u017cytkownikowi newsletter (kurs). Imi\u0119 pozwala OCZO zwraca\u0107 si\u0119 do czytelnik\u00f3w po imieniu.<\/p>\n<p style=\"text-align: left;\"><strong>Zamawianie us\u0142ug i produkt\u00f3w<\/strong><\/p>\n<p style=\"text-align: left;\">22. Zamawianie us\u0142ug i produkt\u00f3w oferowanych przez OCZO za po\u015brednictwem centrumzaburzenodzywiania.pl mo\u017cliwe<br \/>\njest po za\u0142o\u017ceniu Konta lub bez zak\u0142adania Konta poprzez formularz zam\u00f3wienia dost\u0119pny na stronie. W ka\u017cdym przypadku sk\u0142adania zam\u00f3wienia konieczne jest podanie przez Klienta jego danych osobowych w postaci imienia, nazwiska, adresu<br \/>\ne-mail, numeru telefonu oraz adresu zamieszkania, w przypadku us\u0142ug pomocy i wsparcia dodatkowo: wiek, waga, wzrost,<br \/>\nkr\u00f3tki opis problemu.<\/p>\n<p style=\"text-align: left;\">23. Dane przekazane przez U\u017cytkownika b\u0119d\u0105 wykorzystywane tylko i wy\u0142\u0105cznie w celu realizacji z\u0142o\u017conego zam\u00f3wienia,<br \/>\nz zastrze\u017ceniem pkt 24-27.<\/p>\n<p style=\"text-align: left;\">Przetwarzanie danych osobowych w celu marketingu bezpo\u015bredniego produkt\u00f3w i us\u0142ug OCZO (nie ma zastosowania<br \/>\ndo Klient\u00f3w, kt\u00f3rzy nie wyrazili zgody na przetwarzanie ich danych osobowych w celach marketingu bezpo\u015bredniego<br \/>\nprodukt\u00f3w i us\u0142ug OCZO oraz partner\u00f3w handlowych OCZO)<\/p>\n<p style=\"text-align: left;\">24. OCZO zastrzega sobie prawo do wysy\u0142ania niezapowiedzianych wiadomo\u015bci Klientom, kt\u00f3rzy wyrazili zgod\u0119 na<br \/>\nprzetwarzanie danych osobowych w celu marketingu bezpo\u015bredniego produkt\u00f3w i us\u0142ug OCZO.<\/p>\n<p style=\"text-align: left;\">25. Pod poj\u0119ciem niezapowiedzianych wiadomo\u015bci rozumie si\u0119 wiadomo\u015bci zawieraj\u0105ce informacje odnosz\u0105ce si\u0119<br \/>\nbezpo\u015brednio do serwisu centrumzaburzenodzywiania.pl, czasopism, us\u0142ug i produkt\u00f3w (np. zmiany, wewn\u0119trzne promocje), niekomercyjne listy (np. \u017cyczenia, komentarze osobiste itp.) oraz informacje komercyjne, kt\u00f3rych wysy\u0142ka zosta\u0142a op\u0142acona<br \/>\nprzez klient\u00f3w i partner\u00f3w OCZO i centrumzaburzenodzywiania.pl.<\/p>\n<p style=\"text-align: left;\">26. Podmioty zlecaj\u0105ce komercyjne mailingi nie maj\u0105 wgl\u0105du w dane kontaktowe os\u00f3b znajduj\u0105cych si\u0119 na listach<br \/>\nadresowych centrumzaburzenodzywiania.pl.<\/p>\n<p style=\"text-align: left;\">27. Informacje komercyjne s\u0105 filtrowane w stopniu, w jakim jest to mo\u017cliwe, ograniczana jest ich obj\u0119to\u015b\u0107 i wysy\u0142ane s\u0105 sporadycznie.<\/p>\n<p style=\"text-align: left;\"><strong>Jawne Dane Osobowe<\/strong><\/p>\n<p style=\"text-align: left;\">28. Dane osobowe podane na serwisach nale\u017c\u0105cych do OCZO przy okazji wysy\u0142ania komentarzy do artyku\u0142\u00f3w, odpowiedzi<br \/>\nna forum itp. s\u0105 dost\u0119pne dla wszystkich odwiedzaj\u0105cych strony zawieraj\u0105ce te dane.<\/p>\n<p style=\"text-align: left;\">29. OCZO nie ma mo\u017cliwo\u015bci zabezpieczenia U\u017cytkownik\u00f3w przed osobami prywatnymi lub firmami, kt\u00f3re te dane<br \/>\nwykorzystaj\u0105 do przes\u0142ania nieokre\u015blonych informacji. Dlatego dane te nie podlegaj\u0105 Polityce Prywatno\u015bci.<\/p>\n<p style=\"text-align: left;\"><strong>Przekazywanie danych podmiotom trzecim<\/strong><\/p>\n<p style=\"text-align: left;\">30. OCZO nie b\u0119dzie sprzedawa\u0107 danych osobowych Klient\u00f3w innym podmiotom.<\/p>\n<p style=\"text-align: left;\">31. W toku i w celu wykonywania us\u0142ug na rzecz Klient\u00f3w, dane osobowe Klient\u00f3w mog\u0105 by\u0107 przekazywane innym<br \/>\npodmiotom, z kt\u00f3rymi wi\u0105\u017c\u0105 administratora stosowne umowy. Nie wp\u0142ynie to na bezpiecze\u0144stwo danych osobowych Klient\u00f3w.<\/p>\n<p style=\"text-align: left;\">32. Dane Klient\u00f3w mog\u0105 by\u0107 udost\u0119pniane podmiotom uprawnionym do ich otrzymania na mocy obowi\u0105zuj\u0105cych<br \/>\nprzepis\u00f3w prawa, w tym organom wymiaru sprawiedliwo\u015bci.<\/p>\n<p style=\"text-align: left;\"><strong>Zmiany Polityki Prywatno\u015bci<\/strong><\/p>\n<p style=\"text-align: left;\">33. Niniejsza Polityka Prywatno\u015bci mo\u017ce ulega\u0107 zmianom, kt\u00f3re b\u0119d\u0105 publikowane na stronie centrumzaburzenodzywiania.pl.<br \/>\nW przypadku zmian Polityki, obowi\u0105zuj\u0105 one od dnia ich og\u0142oszenia na stronach w\/w serwisu, a jako \u017ce wymagaj\u0105 one zgody<br \/>\nobu stron, dotycz\u0105 one zg\u00f3d na przetwarzanie danych osobowych udzielonych po dacie dokonania zmiany Polityki Prywatno\u015bci.<br \/>\nW odniesieniu do zg\u00f3d na przetwarzanie danych osobowych udzielonych przed zmian\u0105 Polityki Prywatno\u015bci, zastosowanie ma Polityka Prywatno\u015bci w brzmieniu obowi\u0105zuj\u0105cym w chwili udzielenia zgody.<\/p>\n<p style=\"text-align: left;\">34. Zmiany wprowadzane do Polityki Prywatno\u015bci nie wp\u0142ywaj\u0105 i nigdy nie wp\u0142yn\u0105 na podstawow\u0105 zasad\u0119: OCZO nie<br \/>\nsprzedaje podmiotom trzecim danych personalnych czy adresowych klient\u00f3w oraz u\u017cytkownik\u00f3w nale\u017c\u0105cego do OCZO<br \/>\nserwisu i newsletter\u00f3w.<\/p>\n<p>&nbsp;<\/p>\n<h4 style=\"text-align: left;\"><strong>KLAUZULA INFORMACYJNA<\/strong><\/h4>\n<p style=\"text-align: left;\">1. Administratorem danych osobowych Klient\u00f3w jest Fundacja Og\u00f3lnopolskie Centrum Zaburze\u0144 Od\u017cywiania (OCZO);<br \/>\nul. Marii Curie-Sk\u0142odowskiej 46\/1a 50-369 Wroc\u0142aw\u00a0 KRS: 0000729552 NIP: 8992844359 REGON: 380075704<\/p>\n<p style=\"text-align: left;\">2. Dane osobowe b\u0119d\u0105 przetwarzane wy\u0142\u0105cznie w zakresie koniecznym do realizacji zam\u00f3wionych us\u0142ug i produkt\u00f3w.<\/p>\n<p style=\"text-align: left;\">3. Udost\u0119pnione dane osobowe nie b\u0119d\u0105 podlega\u0142y udost\u0119pnieniu podmiotom trzecim. Odbiorcami danych b\u0119d\u0105<br \/>\nwy\u0142\u0105cznie instytucje upowa\u017cnione z mocy prawa.<\/p>\n<p style=\"text-align: left;\">4. Podanie danych osobowych jest dobrowolne.<\/p>\n<p style=\"text-align: left;\">5. Klient ma prawo dost\u0119pu do tre\u015bci danych oraz ich zmiany.<\/p>\n<p style=\"text-align: left;\">6. Klient ma prawo\u00a0 otrzyma\u0107 informacje,\u00a0w jaki spos\u00f3b i w jakim zakresie przetwarzamy jego\u00a0dane oraz dodatkowo<br \/>\ndo otrzymania kopii danych osobowych. W przypadku, gdy pro\u015bba Klienta obejmuje kopie danych prosimy o wskazanie<br \/>\ndanych, kt\u00f3re\u00a0 Klient chcia\u0142by otrzyma\u0107. Administrator mo\u017ce naliczy\u0107 op\u0142at\u0119 w przypadku drugiej i kolejnej kopii, o czym<br \/>\nKlient zostanie powiadomiony. Wysoko\u015b\u0107 op\u0142aty b\u0119dzie\u00a0odpowiada\u0142a kosztom jej przygotowania<\/p>\n<p style=\"text-align: left;\">7. Dane osobowe Klienta b\u0119d\u0105 przechowywane do momentu wycofania zgody. Wycofanie danych nast\u0119puje po z\u0142o\u017ceniu stosownego o\u015bwiadczenia z w\u0142asnor\u0119cznym podpisem.<\/p>\n<p style=\"text-align: left;\">Je\u015bli uwa\u017casz, \u017ce przetwarzanie przez nas Twoich danych narusza Twoje prawa powiedz nam o tym. Napisz e-mail na<br \/>\nadres info@centrumzaburzenodzywiania.pl Staramy si\u0119 reagowa\u0107 na uwagi i sugestie naszych Klient\u00f3w. Przys\u0142uguje\u00a0Ci<br \/>\ntak\u017ce prawo wniesienia skargi do organu nadzorczego. Przys\u0142uguje Ci tak\u017ce prawo wniesienia skargi do Prezesa<br \/>\nUrz\u0119du Ochrony Danych Osobowych (do 25 maja 2018 r.\u00a0nazywanego Generalnym Inspektorem Ochrony Danych<br \/>\nOsobowych).<\/p>\n","protected":false},"excerpt":{"rendered":"<p>&nbsp; POLITYKA PRYWATNO\u015aCI Postanowienia og\u00f3lne 1. Administratorem danych osobowych Klient\u00f3w jest Fundacja Og\u00f3lnopolskie Centrum Zaburze\u0144 Od\u017cywiania (OCZO); ul. Marii Curie-Sk\u0142odowskiej 46\/1a 50-369 Wroc\u0142aw\u00a0 KRS: 0000729552 NIP: 8992844359 REGON: 380075704 2. Je\u017celi nie zgadzasz si\u0119 z Polityk\u0105 Prywatno\u015bci, prosz\u0119 nie odwiedza\u0107 serwisu, nie zapisywa\u0107 si\u0119 do newsletter\u00f3w nale\u017c\u0105cych do OCZO oraz nie nabywa\u0107 produkt\u00f3w i us\u0142ug [&hellip;]<\/p>\n","protected":false},"author":3,"featured_media":0,"parent":0,"menu_order":0,"comment_status":"closed","ping_status":"open","template":"podstrona","meta":{"_acf_changed":false,"inline_featured_image":false,"footnotes":""},"class_list":["post-3","page","type-page","status-publish","hentry"],"acf":[],"yoast_head":"<!-- This site is optimized with the Yoast SEO plugin v27.4 - https:\/\/yoast.com\/product\/yoast-seo-wordpress\/ -->\n<title>Polityka prywatno\u015bci - Strefa Specjalisty - Og\u00f3lnopolskie Centrum Zaburze\u0144 Od\u017cywiania<\/title>\n<meta name=\"robots\" content=\"noindex, nofollow\" \/>\n<meta property=\"og:locale\" content=\"pl_PL\" \/>\n<meta property=\"og:type\" content=\"article\" \/>\n<meta property=\"og:title\" content=\"Polityka prywatno\u015bci - Strefa Specjalisty - Og\u00f3lnopolskie Centrum Zaburze\u0144 Od\u017cywiania\" \/>\n<meta property=\"og:description\" content=\"&nbsp; POLITYKA PRYWATNO\u015aCI Postanowienia og\u00f3lne 1. Administratorem danych osobowych Klient\u00f3w jest Fundacja Og\u00f3lnopolskie Centrum Zaburze\u0144 Od\u017cywiania (OCZO); ul. Marii Curie-Sk\u0142odowskiej 46\/1a 50-369 Wroc\u0142aw\u00a0 KRS: 0000729552 NIP: 8992844359 REGON: 380075704 2. Je\u017celi nie zgadzasz si\u0119 z Polityk\u0105 Prywatno\u015bci, prosz\u0119 nie odwiedza\u0107 serwisu, nie zapisywa\u0107 si\u0119 do newsletter\u00f3w nale\u017c\u0105cych do OCZO oraz nie nabywa\u0107 produkt\u00f3w i us\u0142ug [&hellip;]\" \/>\n<meta property=\"og:url\" content=\"https:\/\/centrumzaburzenodzywiania.pl\/strefaspecjalisty\/polityka-prywatnosci\/\" \/>\n<meta property=\"og:site_name\" content=\"Strefa Specjalisty - Og\u00f3lnopolskie Centrum Zaburze\u0144 Od\u017cywiania\" \/>\n<meta property=\"article:modified_time\" content=\"2026-01-09T09:10:43+00:00\" \/>\n<meta name=\"twitter:card\" content=\"summary_large_image\" \/>\n<meta name=\"twitter:label1\" content=\"Szacowany czas czytania\" \/>\n\t<meta name=\"twitter:data1\" content=\"9 minut\" \/>\n<script type=\"application\/ld+json\" class=\"yoast-schema-graph\">{\"@context\":\"https:\\\/\\\/schema.org\",\"@graph\":[{\"@type\":\"WebPage\",\"@id\":\"https:\\\/\\\/centrumzaburzenodzywiania.pl\\\/strefaspecjalisty\\\/polityka-prywatnosci\\\/\",\"url\":\"https:\\\/\\\/centrumzaburzenodzywiania.pl\\\/strefaspecjalisty\\\/polityka-prywatnosci\\\/\",\"name\":\"Polityka prywatno\u015bci - Strefa Specjalisty - Og\u00f3lnopolskie Centrum Zaburze\u0144 Od\u017cywiania\",\"isPartOf\":{\"@id\":\"https:\\\/\\\/centrumzaburzenodzywiania.pl\\\/strefaspecjalisty\\\/#website\"},\"datePublished\":\"2021-02-11T10:16:51+00:00\",\"dateModified\":\"2026-01-09T09:10:43+00:00\",\"breadcrumb\":{\"@id\":\"https:\\\/\\\/centrumzaburzenodzywiania.pl\\\/strefaspecjalisty\\\/polityka-prywatnosci\\\/#breadcrumb\"},\"inLanguage\":\"pl-PL\",\"potentialAction\":[{\"@type\":\"ReadAction\",\"target\":[\"https:\\\/\\\/centrumzaburzenodzywiania.pl\\\/strefaspecjalisty\\\/polityka-prywatnosci\\\/\"]}]},{\"@type\":\"BreadcrumbList\",\"@id\":\"https:\\\/\\\/centrumzaburzenodzywiania.pl\\\/strefaspecjalisty\\\/polityka-prywatnosci\\\/#breadcrumb\",\"itemListElement\":[{\"@type\":\"ListItem\",\"position\":1,\"name\":\"Strona g\u0142\u00f3wna\",\"item\":\"https:\\\/\\\/centrumzaburzenodzywiania.pl\\\/strefaspecjalisty\\\/\"},{\"@type\":\"ListItem\",\"position\":2,\"name\":\"Polityka prywatno\u015bci\"}]},{\"@type\":\"WebSite\",\"@id\":\"https:\\\/\\\/centrumzaburzenodzywiania.pl\\\/strefaspecjalisty\\\/#website\",\"url\":\"https:\\\/\\\/centrumzaburzenodzywiania.pl\\\/strefaspecjalisty\\\/\",\"name\":\"Strefa Specjalisty - Og\u00f3lnopolskie Centrum Zaburze\u0144 Od\u017cywiania\",\"description\":\"Strefa Specjalisty - Og\u00f3lnopolskie Centrum Zaburze\u0144 Od\u017cywiania\",\"publisher\":{\"@id\":\"https:\\\/\\\/centrumzaburzenodzywiania.pl\\\/strefaspecjalisty\\\/#organization\"},\"potentialAction\":[{\"@type\":\"SearchAction\",\"target\":{\"@type\":\"EntryPoint\",\"urlTemplate\":\"https:\\\/\\\/centrumzaburzenodzywiania.pl\\\/strefaspecjalisty\\\/?s={search_term_string}\"},\"query-input\":{\"@type\":\"PropertyValueSpecification\",\"valueRequired\":true,\"valueName\":\"search_term_string\"}}],\"inLanguage\":\"pl-PL\"},{\"@type\":\"Organization\",\"@id\":\"https:\\\/\\\/centrumzaburzenodzywiania.pl\\\/strefaspecjalisty\\\/#organization\",\"name\":\"Strefa Specjalisty - Og\u00f3lnopolskie Centrum Zaburze\u0144 Od\u017cywiania\",\"url\":\"https:\\\/\\\/centrumzaburzenodzywiania.pl\\\/strefaspecjalisty\\\/\",\"logo\":{\"@type\":\"ImageObject\",\"inLanguage\":\"pl-PL\",\"@id\":\"https:\\\/\\\/centrumzaburzenodzywiania.pl\\\/strefaspecjalisty\\\/#\\\/schema\\\/logo\\\/image\\\/\",\"url\":\"https:\\\/\\\/centrumzaburzenodzywiania.pl\\\/strefaspecjalisty\\\/wp-content\\\/uploads\\\/2025\\\/11\\\/logo.png\",\"contentUrl\":\"https:\\\/\\\/centrumzaburzenodzywiania.pl\\\/strefaspecjalisty\\\/wp-content\\\/uploads\\\/2025\\\/11\\\/logo.png\",\"width\":141,\"height\":54,\"caption\":\"Strefa Specjalisty - Og\u00f3lnopolskie Centrum Zaburze\u0144 Od\u017cywiania\"},\"image\":{\"@id\":\"https:\\\/\\\/centrumzaburzenodzywiania.pl\\\/strefaspecjalisty\\\/#\\\/schema\\\/logo\\\/image\\\/\"}}]}<\/script>\n<!-- \/ Yoast SEO plugin. -->","yoast_head_json":{"title":"Polityka prywatno\u015bci - Strefa Specjalisty - Og\u00f3lnopolskie Centrum Zaburze\u0144 Od\u017cywiania","robots":{"index":"noindex","follow":"nofollow"},"og_locale":"pl_PL","og_type":"article","og_title":"Polityka prywatno\u015bci - Strefa Specjalisty - Og\u00f3lnopolskie Centrum Zaburze\u0144 Od\u017cywiania","og_description":"&nbsp; POLITYKA PRYWATNO\u015aCI Postanowienia og\u00f3lne 1. Administratorem danych osobowych Klient\u00f3w jest Fundacja Og\u00f3lnopolskie Centrum Zaburze\u0144 Od\u017cywiania (OCZO); ul. Marii Curie-Sk\u0142odowskiej 46\/1a 50-369 Wroc\u0142aw\u00a0 KRS: 0000729552 NIP: 8992844359 REGON: 380075704 2. Je\u017celi nie zgadzasz si\u0119 z Polityk\u0105 Prywatno\u015bci, prosz\u0119 nie odwiedza\u0107 serwisu, nie zapisywa\u0107 si\u0119 do newsletter\u00f3w nale\u017c\u0105cych do OCZO oraz nie nabywa\u0107 produkt\u00f3w i us\u0142ug [&hellip;]","og_url":"https:\/\/centrumzaburzenodzywiania.pl\/strefaspecjalisty\/polityka-prywatnosci\/","og_site_name":"Strefa Specjalisty - Og\u00f3lnopolskie Centrum Zaburze\u0144 Od\u017cywiania","article_modified_time":"2026-01-09T09:10:43+00:00","twitter_card":"summary_large_image","twitter_misc":{"Szacowany czas czytania":"9 minut"},"schema":{"@context":"https:\/\/schema.org","@graph":[{"@type":"WebPage","@id":"https:\/\/centrumzaburzenodzywiania.pl\/strefaspecjalisty\/polityka-prywatnosci\/","url":"https:\/\/centrumzaburzenodzywiania.pl\/strefaspecjalisty\/polityka-prywatnosci\/","name":"Polityka prywatno\u015bci - Strefa Specjalisty - Og\u00f3lnopolskie Centrum Zaburze\u0144 Od\u017cywiania","isPartOf":{"@id":"https:\/\/centrumzaburzenodzywiania.pl\/strefaspecjalisty\/#website"},"datePublished":"2021-02-11T10:16:51+00:00","dateModified":"2026-01-09T09:10:43+00:00","breadcrumb":{"@id":"https:\/\/centrumzaburzenodzywiania.pl\/strefaspecjalisty\/polityka-prywatnosci\/#breadcrumb"},"inLanguage":"pl-PL","potentialAction":[{"@type":"ReadAction","target":["https:\/\/centrumzaburzenodzywiania.pl\/strefaspecjalisty\/polityka-prywatnosci\/"]}]},{"@type":"BreadcrumbList","@id":"https:\/\/centrumzaburzenodzywiania.pl\/strefaspecjalisty\/polityka-prywatnosci\/#breadcrumb","itemListElement":[{"@type":"ListItem","position":1,"name":"Strona g\u0142\u00f3wna","item":"https:\/\/centrumzaburzenodzywiania.pl\/strefaspecjalisty\/"},{"@type":"ListItem","position":2,"name":"Polityka prywatno\u015bci"}]},{"@type":"WebSite","@id":"https:\/\/centrumzaburzenodzywiania.pl\/strefaspecjalisty\/#website","url":"https:\/\/centrumzaburzenodzywiania.pl\/strefaspecjalisty\/","name":"Strefa Specjalisty - Og\u00f3lnopolskie Centrum Zaburze\u0144 Od\u017cywiania","description":"Strefa Specjalisty - Og\u00f3lnopolskie Centrum Zaburze\u0144 Od\u017cywiania","publisher":{"@id":"https:\/\/centrumzaburzenodzywiania.pl\/strefaspecjalisty\/#organization"},"potentialAction":[{"@type":"SearchAction","target":{"@type":"EntryPoint","urlTemplate":"https:\/\/centrumzaburzenodzywiania.pl\/strefaspecjalisty\/?s={search_term_string}"},"query-input":{"@type":"PropertyValueSpecification","valueRequired":true,"valueName":"search_term_string"}}],"inLanguage":"pl-PL"},{"@type":"Organization","@id":"https:\/\/centrumzaburzenodzywiania.pl\/strefaspecjalisty\/#organization","name":"Strefa Specjalisty - Og\u00f3lnopolskie Centrum Zaburze\u0144 Od\u017cywiania","url":"https:\/\/centrumzaburzenodzywiania.pl\/strefaspecjalisty\/","logo":{"@type":"ImageObject","inLanguage":"pl-PL","@id":"https:\/\/centrumzaburzenodzywiania.pl\/strefaspecjalisty\/#\/schema\/logo\/image\/","url":"https:\/\/centrumzaburzenodzywiania.pl\/strefaspecjalisty\/wp-content\/uploads\/2025\/11\/logo.png","contentUrl":"https:\/\/centrumzaburzenodzywiania.pl\/strefaspecjalisty\/wp-content\/uploads\/2025\/11\/logo.png","width":141,"height":54,"caption":"Strefa Specjalisty - Og\u00f3lnopolskie Centrum Zaburze\u0144 Od\u017cywiania"},"image":{"@id":"https:\/\/centrumzaburzenodzywiania.pl\/strefaspecjalisty\/#\/schema\/logo\/image\/"}}]}},"_links":{"self":[{"href":"https:\/\/centrumzaburzenodzywiania.pl\/strefaspecjalisty\/wp-json\/wp\/v2\/pages\/3","targetHints":{"allow":["GET"]}}],"collection":[{"href":"https:\/\/centrumzaburzenodzywiania.pl\/strefaspecjalisty\/wp-json\/wp\/v2\/pages"}],"about":[{"href":"https:\/\/centrumzaburzenodzywiania.pl\/strefaspecjalisty\/wp-json\/wp\/v2\/types\/page"}],"author":[{"embeddable":true,"href":"https:\/\/centrumzaburzenodzywiania.pl\/strefaspecjalisty\/wp-json\/wp\/v2\/users\/3"}],"replies":[{"embeddable":true,"href":"https:\/\/centrumzaburzenodzywiania.pl\/strefaspecjalisty\/wp-json\/wp\/v2\/comments?post=3"}],"version-history":[{"count":9,"href":"https:\/\/centrumzaburzenodzywiania.pl\/strefaspecjalisty\/wp-json\/wp\/v2\/pages\/3\/revisions"}],"predecessor-version":[{"id":1244,"href":"https:\/\/centrumzaburzenodzywiania.pl\/strefaspecjalisty\/wp-json\/wp\/v2\/pages\/3\/revisions\/1244"}],"wp:attachment":[{"href":"https:\/\/centrumzaburzenodzywiania.pl\/strefaspecjalisty\/wp-json\/wp\/v2\/media?parent=3"}],"curies":[{"name":"wp","href":"https:\/\/api.w.org\/{rel}","templated":true}]}}