{"id":266,"date":"2021-03-24T09:27:19","date_gmt":"2021-03-24T08:27:19","guid":{"rendered":"https:\/\/centrumzaburzenodzywiania.pl\/strefaspecjalisty\/?page_id=266"},"modified":"2026-01-09T10:02:19","modified_gmt":"2026-01-09T09:02:19","slug":"monika-piotrowska","status":"publish","type":"page","link":"https:\/\/centrumzaburzenodzywiania.pl\/strefaspecjalisty\/monika-piotrowska\/","title":{"rendered":"Monika Piotrowska"},"content":{"rendered":"\n<div class=\"wp-block-group has-grey-2-background-color has-background has-global-padding is-layout-constrained wp-block-group-is-layout-constrained\">\n<div aria-hidden=\"true\" class=\"wp-block-fsb-flexible-spacer fsb-flexible-spacer\"><div class=\"fsb-flexible-spacer__device fsb-flexible-spacer__device--lg\" style=\"height:1rem\"><\/div><div class=\"fsb-flexible-spacer__device fsb-flexible-spacer__device--md\" style=\"height:1rem\"><\/div><div class=\"fsb-flexible-spacer__device fsb-flexible-spacer__device--sm\" style=\"height:1rem\"><\/div><\/div>\n\n\n<div class=\"wp-bootstrap-blocks-container container mb-2\">\n\t\n<div class=\"wp-bootstrap-blocks-row row gx-5 gy-4\">\n\t\n\n<div class=\"col-12 col-md-12 col-lg-6 col-xl-6 col-xxl-6\">\n\t\t\t<div class=\"h-100 d-flex flex-column justify-content-center\">\n\t\t\t\n\n<figure class=\"wp-block-image aligncenter size-full\"><img decoding=\"async\" src=\"https:\/\/centrumzaburzenodzywiania.pl\/strefaspecjalisty\/wp-content\/uploads\/2025\/07\/foto-new.jpg\" alt=\"Monika Piotrowska\" class=\"wp-image-3749\"\/><\/figure>\n\n\t\t<\/div>\n\t<\/div>\n\n\n\n<div class=\"col-12 col-md-12 col-lg-6 col-xl-6 col-xxl-6\">\n\t\t\t<div class=\"h-100 d-flex flex-column justify-content-center\">\n\t\t\t\n\n<h5 class=\"wp-block-heading has-text-align-left specjalista-tytul has-text-color has-link-color has-opensans-font-family wp-elements-14c885f32777cc046a77bf7e29f9cc5d\" style=\"color:#ff8d00;padding-top:0;padding-right:0;padding-bottom:0;padding-left:0;font-size:clamp(14px, 0.875rem + ((1vw - 3.2px) * 0.455), 20px);font-style:normal;font-weight:600;line-height:1.5\">Psychoterapeuta<\/h5>\n\n\n\n<h1 class=\"wp-block-heading has-text-align-left specjalista-tytul has-dark-green-color has-text-color has-link-color has-opensans-font-family wp-elements-407429c3900e67606581db93c9716c5a\" style=\"padding-top:0;padding-right:0;padding-bottom:var(--wp--preset--spacing--50);padding-left:0;font-size:clamp(26.465px, 1.654rem + ((1vw - 3.2px) * 1.404), 45px);font-style:normal;font-weight:600;line-height:1.5\">Monika Piotrowska<\/h1>\n\n\t\t<\/div>\n\t<\/div>\n\n<\/div>\n\n\n\n<p class=\"has--font-size\">Nazywam si\u0119 Monika Piotrowska. Jestem psychologiem, psychoterapeut\u0105 poznawczo \u2013 behawioralnym oraz certyfikowanym psychoterapeut\u0105 uzale\u017cnie\u0144 (nr 1881). Uko\u0144czy\u0142am 4-letnie szkolenie psychoterapeutyczne w Centrum Terapii Poznawczo-Behawioralnej w Warszawie. Obecnie uczestnicz\u0119 w 3-letnim szkoleniu Somatic Experiencing.<\/p>\n\n\n\n<p class=\"has--font-size\">Do\u015bwiadczenie zdobywa\u0142am we wroc\u0142awskich centrach psychoterapii, o\u015brodkach stacjonarnych leczenia uzale\u017cnie\u0144 (CPP, O\u015brodek Przebudzenie), na oddziale psychiatrycznym dla dzieci i m\u0142odzie\u017cy (Wojew\u00f3dzki Szpital Specjalistyczny im. J. Gromkowskiego we Wroc\u0142awiu). Wa\u017cn\u0105 cz\u0119\u015bci\u0105 mojego do\u015bwiadczenia zawodowego jest praca na oddziale dziennym terapii uzale\u017cnienia od substancji psychoaktywnych jako psychoterapeuta uzale\u017cnie\u0144 w NZOZ Centrum Interwencji Kryzysowej Karan. Prowadzi\u0142am tam psychoterapi\u0119 indywidualna i grupow\u0105.<\/p>\n\n\n\n<p class=\"has--font-size\">Jestem prezesk\u0105 Og\u00f3lnopolskiego Centrum Zaburze\u0144 Od\u017cywiania (OCZO). Ponadto, na co dzie\u0144 zajmuj\u0119 si\u0119 kilkoma obszarami dzia\u0142ania. Po pierwsze i najcenniejsze pracuj\u0119 psychoterapeutycznie z pacjentami, kt\u00f3rej celem jest wsparcie ich w wyzdrowieniu z zaburze\u0144 od\u017cywiania. Po drugie, prowadz\u0119 szkolenia dla specjalist\u00f3w i student\u00f3w ucz\u0105c ich, jak pracowa\u0107 z pacjentami choruj\u0105cymi na zaburzenia od\u017cywiania (Studium Leczenia Zaburze\u0144 Od\u017cywiania, Trening Umiej\u0119tno\u015bci Pracy z pacjentem).<\/p>\n\n\n\n<p class=\"has--font-size\">Jestem autork\u0105 e-book\u00f3w: <a href=\"https:\/\/centrumzaburzenodzywiania.pl\/strefaspecjalisty\/produkt\/e-book-interdyscyplinarny-program-leczenia-anoreksja\/\">Interdyscyplinarny program leczenia: Anoreksja<\/a>, <a href=\"https:\/\/centrumzaburzenodzywiania.pl\/strefaspecjalisty\/produkt\/e-book-interdyscyplinarny-program-leczenia-bulimia\/\">Interdyscyplinarny program leczenia: Bulimia<\/a>, <a href=\"https:\/\/centrumzaburzenodzywiania.pl\/strefaspecjalisty\/produkt\/e-book-co-robic-gdy-dziecko-boi-sie-przytyc-przewodnik-dla-rodziny-przedsprzedaz\/\">Co robi\u0107, gdy dziecko boi si\u0119 przyty\u0107. Przewodnik dla rodziny.&nbsp; <\/a>Jestem tak\u017ce autork\u0105 kurs\u00f3w online dla specjalist\u00f3w pracuj\u0105cych z osobami choruj\u0105cymi na zaburzenia od\u017cywiania, jak i dla os\u00f3b, kt\u00f3re zmagaj\u0105 si\u0119 z zaburzeniami od\u017cywiania (<a href=\"https:\/\/centrumzaburzenodzywiania.pl\/strefaspecjalisty\/produkt\/relacjazjedzeniem\/\">Jak zamieni\u0107 objadanie w zdrow\u0105 relacj\u0119 z jedzeniem?<\/a>)i niezdrow\u0105 relacj\u0105 z cia\u0142em (<a href=\"https:\/\/centrumzaburzenodzywiania.pl\/strefaspecjalisty\/produkt\/kurs_cialo\/\">Kurs online: 11 lekcji o akceptacji cia\u0142a<\/a>).&nbsp;<\/p>\n\n\n\n<p class=\"has--font-size\">Pracuj\u0119 z m\u0142odzie\u017c\u0105 od 16 roku \u017cycia, rodzicami i osobami doros\u0142ymi. Prowadz\u0119 w OCZO konsultacje psychologiczne, spotkania dla rodzic\u00f3w i psychoterapi\u0119 indywidualn\u0105. W pracy psychoterapeutycznej wykorzystuj\u0119 techniki poznawczo-behawioralne, terapii schematu, ACT (terapii akceptacji i zaanga\u017cowania), mindfulness. Pracuj\u0119 z traum\u0105 korzystaj\u0105c z narz\u0119dzi, kt\u00f3re oferuje terapia Somatic Experiencing.<\/p>\n\n\n\n<p class=\"has--font-size\">Swoj\u0105 prac\u0119 poddaj\u0119 regularnej superwizji w celu zapewnienia wysokiej jako\u015bci us\u0142ug.<\/p>\n\n\n\n<p class=\"has--font-size\">Najwa\u017cniejsze szkolenia:<\/p>\n\n\n\n<ul style=\"margin-bottom:var(--wp--preset--spacing--50)\" class=\"wp-block-list\">\n<li>4-letnie szkolenie podyplomowe psychoterapii w nurcie poznawczo-behawioralnym uzupe\u0142nione o szkolenie terapii schemat\u00f3w w Centrum Psychoterapii Poznawczo-Behawioralnej w Warszawie<\/li>\n\n\n\n<li>3-letni kurs Somatic Experiencing w Pracownia PLUS \u2013 obecnie 2 rok<\/li>\n\n\n\n<li>Studium Psychoterapii Uzale\u017cnie\u0144 i Wsp\u00f3\u0142uzale\u017cnienia w Instytucie Psychologii Zdrowia w Warszawie (certyfikat nr 1881)<\/li>\n\n\n\n<li>ACT dla nastolatk\u00f3w z zaburzeniami od\u017cywiania. Szkolenie prowadzone przez Sheri Turell (organizator Ucz\u0119 si\u0119 ACT)<\/li>\n\n\n\n<li>Rozumienie i terapia samouszkodze\u0144. Szkolenie prowadzone przez Barent Walsh (organizator Ucz\u0119 si\u0119 ACT)<\/li>\n\n\n\n<li>Studium Terapii Rodzin w Dolno\u015bl\u0105skim Centrum Psychoterapii we Wroc\u0142awiu<\/li>\n\n\n\n<li>Kurs Racjonalnej Terapii Zachowania (pierwszy i drugi stopie\u0144),<\/li>\n\n\n\n<li>Kurs terapii dialektyczno-behawioralnej (Polskie Towarzystwo Terapii Dialektyczno Behawioralnej)<\/li>\n<\/ul>\n\n<\/div>\n\n\n\n<div aria-hidden=\"true\" class=\"wp-block-fsb-flexible-spacer fsb-flexible-spacer\"><div class=\"fsb-flexible-spacer__device fsb-flexible-spacer__device--lg\" style=\"height:5rem\"><\/div><div class=\"fsb-flexible-spacer__device fsb-flexible-spacer__device--md\" style=\"height:5rem\"><\/div><div class=\"fsb-flexible-spacer__device fsb-flexible-spacer__device--sm\" style=\"height:4rem\"><\/div><\/div>\n<\/div>\n","protected":false},"excerpt":{"rendered":"","protected":false},"author":3,"featured_media":0,"parent":0,"menu_order":0,"comment_status":"closed","ping_status":"closed","template":"","meta":{"_acf_changed":false,"inline_featured_image":false,"footnotes":""},"class_list":["post-266","page","type-page","status-publish","hentry"],"acf":[],"yoast_head":"<!-- This site is optimized with the Yoast SEO plugin v27.4 - https:\/\/yoast.com\/product\/yoast-seo-wordpress\/ -->\n<title>Monika Piotrowska - Strefa Specjalisty - Og\u00f3lnopolskie Centrum Zaburze\u0144 Od\u017cywiania<\/title>\n<meta name=\"description\" content=\"Monika Piotrowska - psycholog, psychoterapeut\u0105 CBT oraz uzale\u017cnie\u0144. Autorka e-book\u00f3w oraz kurs\u00f3w zwi\u0105zanych z zaburzeniami od\u017cywiania.\" \/>\n<meta name=\"robots\" content=\"index, follow, max-snippet:-1, max-image-preview:large, max-video-preview:-1\" \/>\n<link rel=\"canonical\" href=\"https:\/\/centrumzaburzenodzywiania.pl\/strefaspecjalisty\/monika-piotrowska\/\" \/>\n<meta property=\"og:locale\" content=\"pl_PL\" \/>\n<meta property=\"og:type\" content=\"article\" \/>\n<meta property=\"og:title\" content=\"Monika Piotrowska - Strefa Specjalisty - Og\u00f3lnopolskie Centrum Zaburze\u0144 Od\u017cywiania\" \/>\n<meta property=\"og:description\" content=\"Monika Piotrowska - psycholog, psychoterapeut\u0105 CBT oraz uzale\u017cnie\u0144. Autorka e-book\u00f3w oraz kurs\u00f3w zwi\u0105zanych z zaburzeniami od\u017cywiania.\" \/>\n<meta property=\"og:url\" content=\"https:\/\/centrumzaburzenodzywiania.pl\/strefaspecjalisty\/monika-piotrowska\/\" \/>\n<meta property=\"og:site_name\" content=\"Strefa Specjalisty - Og\u00f3lnopolskie Centrum Zaburze\u0144 Od\u017cywiania\" \/>\n<meta property=\"article:modified_time\" content=\"2026-01-09T09:02:19+00:00\" \/>\n<meta name=\"twitter:card\" content=\"summary_large_image\" \/>\n<meta name=\"twitter:label1\" content=\"Szacowany czas czytania\" \/>\n\t<meta name=\"twitter:data1\" content=\"3 minuty\" \/>\n<script type=\"application\/ld+json\" class=\"yoast-schema-graph\">{\"@context\":\"https:\\\/\\\/schema.org\",\"@graph\":[{\"@type\":\"WebPage\",\"@id\":\"https:\\\/\\\/centrumzaburzenodzywiania.pl\\\/strefaspecjalisty\\\/monika-piotrowska\\\/\",\"url\":\"https:\\\/\\\/centrumzaburzenodzywiania.pl\\\/strefaspecjalisty\\\/monika-piotrowska\\\/\",\"name\":\"Monika Piotrowska - Strefa Specjalisty - Og\u00f3lnopolskie Centrum Zaburze\u0144 Od\u017cywiania\",\"isPartOf\":{\"@id\":\"https:\\\/\\\/centrumzaburzenodzywiania.pl\\\/strefaspecjalisty\\\/#website\"},\"primaryImageOfPage\":{\"@id\":\"https:\\\/\\\/centrumzaburzenodzywiania.pl\\\/strefaspecjalisty\\\/monika-piotrowska\\\/#primaryimage\"},\"image\":{\"@id\":\"https:\\\/\\\/centrumzaburzenodzywiania.pl\\\/strefaspecjalisty\\\/monika-piotrowska\\\/#primaryimage\"},\"thumbnailUrl\":\"https:\\\/\\\/centrumzaburzenodzywiania.pl\\\/strefaspecjalisty\\\/wp-content\\\/uploads\\\/2025\\\/07\\\/foto-new.jpg\",\"datePublished\":\"2021-03-24T08:27:19+00:00\",\"dateModified\":\"2026-01-09T09:02:19+00:00\",\"description\":\"Monika Piotrowska - psycholog, psychoterapeut\u0105 CBT oraz uzale\u017cnie\u0144. Autorka e-book\u00f3w oraz kurs\u00f3w zwi\u0105zanych z zaburzeniami od\u017cywiania.\",\"breadcrumb\":{\"@id\":\"https:\\\/\\\/centrumzaburzenodzywiania.pl\\\/strefaspecjalisty\\\/monika-piotrowska\\\/#breadcrumb\"},\"inLanguage\":\"pl-PL\",\"potentialAction\":[{\"@type\":\"ReadAction\",\"target\":[\"https:\\\/\\\/centrumzaburzenodzywiania.pl\\\/strefaspecjalisty\\\/monika-piotrowska\\\/\"]}]},{\"@type\":\"ImageObject\",\"inLanguage\":\"pl-PL\",\"@id\":\"https:\\\/\\\/centrumzaburzenodzywiania.pl\\\/strefaspecjalisty\\\/monika-piotrowska\\\/#primaryimage\",\"url\":\"\",\"contentUrl\":\"\"},{\"@type\":\"BreadcrumbList\",\"@id\":\"https:\\\/\\\/centrumzaburzenodzywiania.pl\\\/strefaspecjalisty\\\/monika-piotrowska\\\/#breadcrumb\",\"itemListElement\":[{\"@type\":\"ListItem\",\"position\":1,\"name\":\"Strona g\u0142\u00f3wna\",\"item\":\"https:\\\/\\\/centrumzaburzenodzywiania.pl\\\/strefaspecjalisty\\\/\"},{\"@type\":\"ListItem\",\"position\":2,\"name\":\"Monika Piotrowska\"}]},{\"@type\":\"WebSite\",\"@id\":\"https:\\\/\\\/centrumzaburzenodzywiania.pl\\\/strefaspecjalisty\\\/#website\",\"url\":\"https:\\\/\\\/centrumzaburzenodzywiania.pl\\\/strefaspecjalisty\\\/\",\"name\":\"Strefa Specjalisty - Og\u00f3lnopolskie Centrum Zaburze\u0144 Od\u017cywiania\",\"description\":\"Strefa Specjalisty - Og\u00f3lnopolskie Centrum Zaburze\u0144 Od\u017cywiania\",\"publisher\":{\"@id\":\"https:\\\/\\\/centrumzaburzenodzywiania.pl\\\/strefaspecjalisty\\\/#organization\"},\"potentialAction\":[{\"@type\":\"SearchAction\",\"target\":{\"@type\":\"EntryPoint\",\"urlTemplate\":\"https:\\\/\\\/centrumzaburzenodzywiania.pl\\\/strefaspecjalisty\\\/?s={search_term_string}\"},\"query-input\":{\"@type\":\"PropertyValueSpecification\",\"valueRequired\":true,\"valueName\":\"search_term_string\"}}],\"inLanguage\":\"pl-PL\"},{\"@type\":\"Organization\",\"@id\":\"https:\\\/\\\/centrumzaburzenodzywiania.pl\\\/strefaspecjalisty\\\/#organization\",\"name\":\"Strefa Specjalisty - Og\u00f3lnopolskie Centrum Zaburze\u0144 Od\u017cywiania\",\"url\":\"https:\\\/\\\/centrumzaburzenodzywiania.pl\\\/strefaspecjalisty\\\/\",\"logo\":{\"@type\":\"ImageObject\",\"inLanguage\":\"pl-PL\",\"@id\":\"https:\\\/\\\/centrumzaburzenodzywiania.pl\\\/strefaspecjalisty\\\/#\\\/schema\\\/logo\\\/image\\\/\",\"url\":\"https:\\\/\\\/centrumzaburzenodzywiania.pl\\\/strefaspecjalisty\\\/wp-content\\\/uploads\\\/2025\\\/11\\\/logo.png\",\"contentUrl\":\"https:\\\/\\\/centrumzaburzenodzywiania.pl\\\/strefaspecjalisty\\\/wp-content\\\/uploads\\\/2025\\\/11\\\/logo.png\",\"width\":141,\"height\":54,\"caption\":\"Strefa Specjalisty - Og\u00f3lnopolskie Centrum Zaburze\u0144 Od\u017cywiania\"},\"image\":{\"@id\":\"https:\\\/\\\/centrumzaburzenodzywiania.pl\\\/strefaspecjalisty\\\/#\\\/schema\\\/logo\\\/image\\\/\"}}]}<\/script>\n<!-- \/ Yoast SEO plugin. -->","yoast_head_json":{"title":"Monika Piotrowska - Strefa Specjalisty - Og\u00f3lnopolskie Centrum Zaburze\u0144 Od\u017cywiania","description":"Monika Piotrowska - psycholog, psychoterapeut\u0105 CBT oraz uzale\u017cnie\u0144. Autorka e-book\u00f3w oraz kurs\u00f3w zwi\u0105zanych z zaburzeniami od\u017cywiania.","robots":{"index":"index","follow":"follow","max-snippet":"max-snippet:-1","max-image-preview":"max-image-preview:large","max-video-preview":"max-video-preview:-1"},"canonical":"https:\/\/centrumzaburzenodzywiania.pl\/strefaspecjalisty\/monika-piotrowska\/","og_locale":"pl_PL","og_type":"article","og_title":"Monika Piotrowska - Strefa Specjalisty - Og\u00f3lnopolskie Centrum Zaburze\u0144 Od\u017cywiania","og_description":"Monika Piotrowska - psycholog, psychoterapeut\u0105 CBT oraz uzale\u017cnie\u0144. Autorka e-book\u00f3w oraz kurs\u00f3w zwi\u0105zanych z zaburzeniami od\u017cywiania.","og_url":"https:\/\/centrumzaburzenodzywiania.pl\/strefaspecjalisty\/monika-piotrowska\/","og_site_name":"Strefa Specjalisty - Og\u00f3lnopolskie Centrum Zaburze\u0144 Od\u017cywiania","article_modified_time":"2026-01-09T09:02:19+00:00","twitter_card":"summary_large_image","twitter_misc":{"Szacowany czas czytania":"3 minuty"},"schema":{"@context":"https:\/\/schema.org","@graph":[{"@type":"WebPage","@id":"https:\/\/centrumzaburzenodzywiania.pl\/strefaspecjalisty\/monika-piotrowska\/","url":"https:\/\/centrumzaburzenodzywiania.pl\/strefaspecjalisty\/monika-piotrowska\/","name":"Monika Piotrowska - Strefa Specjalisty - Og\u00f3lnopolskie Centrum Zaburze\u0144 Od\u017cywiania","isPartOf":{"@id":"https:\/\/centrumzaburzenodzywiania.pl\/strefaspecjalisty\/#website"},"primaryImageOfPage":{"@id":"https:\/\/centrumzaburzenodzywiania.pl\/strefaspecjalisty\/monika-piotrowska\/#primaryimage"},"image":{"@id":"https:\/\/centrumzaburzenodzywiania.pl\/strefaspecjalisty\/monika-piotrowska\/#primaryimage"},"thumbnailUrl":"https:\/\/centrumzaburzenodzywiania.pl\/strefaspecjalisty\/wp-content\/uploads\/2025\/07\/foto-new.jpg","datePublished":"2021-03-24T08:27:19+00:00","dateModified":"2026-01-09T09:02:19+00:00","description":"Monika Piotrowska - psycholog, psychoterapeut\u0105 CBT oraz uzale\u017cnie\u0144. Autorka e-book\u00f3w oraz kurs\u00f3w zwi\u0105zanych z zaburzeniami od\u017cywiania.","breadcrumb":{"@id":"https:\/\/centrumzaburzenodzywiania.pl\/strefaspecjalisty\/monika-piotrowska\/#breadcrumb"},"inLanguage":"pl-PL","potentialAction":[{"@type":"ReadAction","target":["https:\/\/centrumzaburzenodzywiania.pl\/strefaspecjalisty\/monika-piotrowska\/"]}]},{"@type":"ImageObject","inLanguage":"pl-PL","@id":"https:\/\/centrumzaburzenodzywiania.pl\/strefaspecjalisty\/monika-piotrowska\/#primaryimage","url":"","contentUrl":""},{"@type":"BreadcrumbList","@id":"https:\/\/centrumzaburzenodzywiania.pl\/strefaspecjalisty\/monika-piotrowska\/#breadcrumb","itemListElement":[{"@type":"ListItem","position":1,"name":"Strona g\u0142\u00f3wna","item":"https:\/\/centrumzaburzenodzywiania.pl\/strefaspecjalisty\/"},{"@type":"ListItem","position":2,"name":"Monika Piotrowska"}]},{"@type":"WebSite","@id":"https:\/\/centrumzaburzenodzywiania.pl\/strefaspecjalisty\/#website","url":"https:\/\/centrumzaburzenodzywiania.pl\/strefaspecjalisty\/","name":"Strefa Specjalisty - Og\u00f3lnopolskie Centrum Zaburze\u0144 Od\u017cywiania","description":"Strefa Specjalisty - Og\u00f3lnopolskie Centrum Zaburze\u0144 Od\u017cywiania","publisher":{"@id":"https:\/\/centrumzaburzenodzywiania.pl\/strefaspecjalisty\/#organization"},"potentialAction":[{"@type":"SearchAction","target":{"@type":"EntryPoint","urlTemplate":"https:\/\/centrumzaburzenodzywiania.pl\/strefaspecjalisty\/?s={search_term_string}"},"query-input":{"@type":"PropertyValueSpecification","valueRequired":true,"valueName":"search_term_string"}}],"inLanguage":"pl-PL"},{"@type":"Organization","@id":"https:\/\/centrumzaburzenodzywiania.pl\/strefaspecjalisty\/#organization","name":"Strefa Specjalisty - Og\u00f3lnopolskie Centrum Zaburze\u0144 Od\u017cywiania","url":"https:\/\/centrumzaburzenodzywiania.pl\/strefaspecjalisty\/","logo":{"@type":"ImageObject","inLanguage":"pl-PL","@id":"https:\/\/centrumzaburzenodzywiania.pl\/strefaspecjalisty\/#\/schema\/logo\/image\/","url":"https:\/\/centrumzaburzenodzywiania.pl\/strefaspecjalisty\/wp-content\/uploads\/2025\/11\/logo.png","contentUrl":"https:\/\/centrumzaburzenodzywiania.pl\/strefaspecjalisty\/wp-content\/uploads\/2025\/11\/logo.png","width":141,"height":54,"caption":"Strefa Specjalisty - Og\u00f3lnopolskie Centrum Zaburze\u0144 Od\u017cywiania"},"image":{"@id":"https:\/\/centrumzaburzenodzywiania.pl\/strefaspecjalisty\/#\/schema\/logo\/image\/"}}]}},"_links":{"self":[{"href":"https:\/\/centrumzaburzenodzywiania.pl\/strefaspecjalisty\/wp-json\/wp\/v2\/pages\/266","targetHints":{"allow":["GET"]}}],"collection":[{"href":"https:\/\/centrumzaburzenodzywiania.pl\/strefaspecjalisty\/wp-json\/wp\/v2\/pages"}],"about":[{"href":"https:\/\/centrumzaburzenodzywiania.pl\/strefaspecjalisty\/wp-json\/wp\/v2\/types\/page"}],"author":[{"embeddable":true,"href":"https:\/\/centrumzaburzenodzywiania.pl\/strefaspecjalisty\/wp-json\/wp\/v2\/users\/3"}],"replies":[{"embeddable":true,"href":"https:\/\/centrumzaburzenodzywiania.pl\/strefaspecjalisty\/wp-json\/wp\/v2\/comments?post=266"}],"version-history":[{"count":9,"href":"https:\/\/centrumzaburzenodzywiania.pl\/strefaspecjalisty\/wp-json\/wp\/v2\/pages\/266\/revisions"}],"predecessor-version":[{"id":4002,"href":"https:\/\/centrumzaburzenodzywiania.pl\/strefaspecjalisty\/wp-json\/wp\/v2\/pages\/266\/revisions\/4002"}],"wp:attachment":[{"href":"https:\/\/centrumzaburzenodzywiania.pl\/strefaspecjalisty\/wp-json\/wp\/v2\/media?parent=266"}],"curies":[{"name":"wp","href":"https:\/\/api.w.org\/{rel}","templated":true}]}}