{"id":13,"date":"2021-02-15T21:30:40","date_gmt":"2021-02-15T20:30:40","guid":{"rendered":"https:\/\/centrumzaburzenodzywiania.pl\/strefaspecjalisty\/?page_id=13"},"modified":"2026-01-09T10:28:39","modified_gmt":"2026-01-09T09:28:39","slug":"studium","status":"publish","type":"page","link":"https:\/\/centrumzaburzenodzywiania.pl\/strefaspecjalisty\/studium\/","title":{"rendered":"Studium"},"content":{"rendered":"\n<div class=\"wp-block-group has-global-padding is-layout-constrained wp-container-core-group-is-layout-7db9d80f wp-block-group-is-layout-constrained\" style=\"padding-right:0;padding-left:0\">\n<div aria-hidden=\"true\" class=\"wp-block-fsb-flexible-spacer fsb-flexible-spacer\"><div class=\"fsb-flexible-spacer__device fsb-flexible-spacer__device--lg\" style=\"height:3rem\"><\/div><div class=\"fsb-flexible-spacer__device fsb-flexible-spacer__device--md\" style=\"height:2rem\"><\/div><div class=\"fsb-flexible-spacer__device fsb-flexible-spacer__device--sm\" style=\"height:1rem\"><\/div><\/div>\n\n\n<div class=\"wp-bootstrap-blocks-container container mb-2\">\n\t\n<div class=\"wp-bootstrap-blocks-row row row-studium gy-5 justify-content-center align-items-start\">\n\t\n\n<div class=\"col-12 col-md-6\">\n\t\t\t\n\n<div class=\"wp-block-group studium-cien kolo-oliwkowe studium-wysoko has-background has-global-padding is-layout-constrained wp-container-core-group-is-layout-8dcc440d wp-block-group-is-layout-constrained\" style=\"border-radius:30px;background-color:#efe8e6;min-height:100%;margin-top:0;padding-top:var(--wp--preset--spacing--70);padding-right:var(--wp--preset--spacing--50);padding-bottom:var(--wp--preset--spacing--80);padding-left:var(--wp--preset--spacing--50);line-height:2\">\n<div class=\"wp-block-group has-global-padding is-layout-constrained wp-container-core-group-is-layout-279e0ccb wp-block-group-is-layout-constrained\">\n<h1 class=\"wp-block-heading has-text-align-center has-dark-green-color has-text-color has-link-color has-opensans-font-family wp-elements-4daf4b3b25fad05082fdf533899b0a24\" style=\"margin-right:0;margin-bottom:var(--wp--preset--spacing--50);margin-left:0;padding-top:0;padding-right:0;padding-bottom:0;padding-left:0;font-style:normal;font-weight:600;line-height:1.5\">Studium leczenia zaburze\u0144 od\u017cywiania<\/h1>\n\n\n\n<p class=\"has-text-align-center has--font-size\" style=\"margin-bottom:var(--wp--preset--spacing--60)\">Roczny program wprowadzaj\u0105cy, kt\u00f3ry da Ci struktur\u0119 i narz\u0119dzia do rozpocz\u0119cia pracy z pacjentami.<\/p>\n<\/div>\n\n\n\n<div class=\"wp-block-buttons has-custom-font-size has-x-small-font-size is-horizontal is-content-justification-center is-layout-flex wp-container-core-buttons-is-layout-ef5ce59c wp-block-buttons-is-layout-flex\">\n<div class=\"wp-block-button button-studium\"><a class=\"wp-block-button__link has-background wp-element-button\" href=\"https:\/\/centrumzaburzenodzywiania.pl\/strefaspecjalisty\/studium\/studium-leczenia-zaburzen-odzywiania\/\" style=\"border-radius:30px;background-color:#e8993c\">Sprawdzam program<\/a><\/div>\n<\/div>\n\n\n\n<figure class=\"wp-block-image size-full kolo-oliwkowe-img\"><img decoding=\"async\" src=\"https:\/\/centrumzaburzenodzywiania.pl\/strefaspecjalisty\/wp-content\/uploads\/2025\/08\/kolo-oliwkowe.svg\" alt=\"\" class=\"wp-image-4727\"\/><\/figure>\n<\/div>\n\n\t<\/div>\n\n\n\n<div class=\"col-12 col-md-6\">\n\t\t\t\n\n<div class=\"wp-block-group studium-cien kolo-zielone studium-wysoko has-grey-2-background-color has-background has-global-padding is-layout-constrained wp-container-core-group-is-layout-fa54e405 wp-block-group-is-layout-constrained\" style=\"border-radius:30px;min-height:100%;padding-top:var(--wp--preset--spacing--70);padding-right:var(--wp--preset--spacing--50);padding-bottom:var(--wp--preset--spacing--80);padding-left:var(--wp--preset--spacing--50);line-height:2\">\n<div class=\"wp-block-group has-global-padding is-layout-constrained wp-container-core-group-is-layout-279e0ccb wp-block-group-is-layout-constrained\">\n<h1 class=\"wp-block-heading has-text-align-center has-dark-green-color has-text-color has-link-color has-opensans-font-family wp-elements-66dd27d4592f24473b93f25940225daf\" style=\"margin-right:0;margin-bottom:var(--wp--preset--spacing--50);margin-left:0;padding-top:0;padding-right:0;padding-bottom:0;padding-left:0;font-style:normal;font-weight:600;line-height:1.5\">Studium PRO<\/h1>\n\n\n\n<p class=\"has-text-align-center has--font-size\" style=\"margin-bottom:var(--wp--preset--spacing--60)\">7-miesi\u0119czny cykl warsztat\u00f3w dla specjalist\u00f3w z do\u015bwiadczeniem, kt\u00f3rzy chc\u0105 analizowa\u0107 z\u0142o\u017cone przypadki i rozwija\u0107 si\u0119 poprzez praktyk\u0119 i intrawizj\u0119.<\/p>\n<\/div>\n\n\n\n<div class=\"wp-block-buttons has-custom-font-size has-x-small-font-size is-horizontal is-content-justification-center is-layout-flex wp-container-core-buttons-is-layout-ef5ce59c wp-block-buttons-is-layout-flex\">\n<div class=\"wp-block-button button-studium\"><a class=\"wp-block-button__link has-background wp-element-button\" href=\"https:\/\/lp.centrumzaburzenodzywiania.pl\/studiumPRO\" style=\"border-radius:30px;background-color:#e8993c\">Sprawdzam program<\/a><\/div>\n<\/div>\n\n\n\n<figure class=\"wp-block-image size-full kolo-zielone-img\"><img decoding=\"async\" src=\"https:\/\/centrumzaburzenodzywiania.pl\/strefaspecjalisty\/wp-content\/uploads\/2025\/08\/kolo-zielone.svg\" alt=\"\" class=\"wp-image-4051\"\/><\/figure>\n<\/div>\n\n\t<\/div>\n\n<\/div>\n\n<\/div>\n\n\n\n<div aria-hidden=\"true\" class=\"wp-block-fsb-flexible-spacer fsb-flexible-spacer\"><div class=\"fsb-flexible-spacer__device fsb-flexible-spacer__device--lg\" style=\"height:10rem\"><\/div><div class=\"fsb-flexible-spacer__device fsb-flexible-spacer__device--md\" style=\"height:8rem\"><\/div><div class=\"fsb-flexible-spacer__device fsb-flexible-spacer__device--sm\" style=\"height:8rem\"><\/div><\/div>\n<\/div>\n\n\n\n<p><\/p>\n","protected":false},"excerpt":{"rendered":"","protected":false},"author":3,"featured_media":0,"parent":0,"menu_order":0,"comment_status":"closed","ping_status":"closed","template":"","meta":{"_acf_changed":false,"inline_featured_image":false,"footnotes":""},"class_list":["post-13","page","type-page","status-publish","hentry"],"acf":[],"yoast_head":"<!-- This site is optimized with the Yoast SEO plugin v27.4 - https:\/\/yoast.com\/product\/yoast-seo-wordpress\/ -->\n<title>Studium Leczenia Zaburze\u0144 Od\u017cywiania - Strefa Specjalisty - Og\u00f3lnopolskie Centrum Zaburze\u0144 Od\u017cywiania<\/title>\n<meta name=\"description\" content=\"Studium Leczenia Zaburze\u0144 Od\u017cywiania - Roczny lub 7-miesi\u0119czny program, kt\u00f3ry da Ci struktur\u0119 i narz\u0119dzia do rozpocz\u0119cia pracy z pacjentami.\" \/>\n<meta name=\"robots\" content=\"index, follow, max-snippet:-1, max-image-preview:large, max-video-preview:-1\" \/>\n<link rel=\"canonical\" href=\"https:\/\/centrumzaburzenodzywiania.pl\/strefaspecjalisty\/studium\/\" \/>\n<meta property=\"og:locale\" content=\"pl_PL\" \/>\n<meta property=\"og:type\" content=\"article\" \/>\n<meta property=\"og:title\" content=\"Studium Leczenia Zaburze\u0144 Od\u017cywiania - Strefa Specjalisty - Og\u00f3lnopolskie Centrum Zaburze\u0144 Od\u017cywiania\" \/>\n<meta property=\"og:description\" content=\"Studium Leczenia Zaburze\u0144 Od\u017cywiania - Roczny lub 7-miesi\u0119czny program, kt\u00f3ry da Ci struktur\u0119 i narz\u0119dzia do rozpocz\u0119cia pracy z pacjentami.\" \/>\n<meta property=\"og:url\" content=\"https:\/\/centrumzaburzenodzywiania.pl\/strefaspecjalisty\/studium\/\" \/>\n<meta property=\"og:site_name\" content=\"Strefa Specjalisty - Og\u00f3lnopolskie Centrum Zaburze\u0144 Od\u017cywiania\" \/>\n<meta property=\"article:modified_time\" content=\"2026-01-09T09:28:39+00:00\" \/>\n<meta name=\"twitter:card\" content=\"summary_large_image\" \/>\n<meta name=\"twitter:label1\" content=\"Szacowany czas czytania\" \/>\n\t<meta name=\"twitter:data1\" content=\"1 minuta\" \/>\n<script type=\"application\/ld+json\" class=\"yoast-schema-graph\">{\"@context\":\"https:\\\/\\\/schema.org\",\"@graph\":[{\"@type\":\"WebPage\",\"@id\":\"https:\\\/\\\/centrumzaburzenodzywiania.pl\\\/strefaspecjalisty\\\/studium\\\/\",\"url\":\"https:\\\/\\\/centrumzaburzenodzywiania.pl\\\/strefaspecjalisty\\\/studium\\\/\",\"name\":\"Studium Leczenia Zaburze\u0144 Od\u017cywiania - Strefa Specjalisty - Og\u00f3lnopolskie Centrum Zaburze\u0144 Od\u017cywiania\",\"isPartOf\":{\"@id\":\"https:\\\/\\\/centrumzaburzenodzywiania.pl\\\/strefaspecjalisty\\\/#website\"},\"primaryImageOfPage\":{\"@id\":\"https:\\\/\\\/centrumzaburzenodzywiania.pl\\\/strefaspecjalisty\\\/studium\\\/#primaryimage\"},\"image\":{\"@id\":\"https:\\\/\\\/centrumzaburzenodzywiania.pl\\\/strefaspecjalisty\\\/studium\\\/#primaryimage\"},\"thumbnailUrl\":\"https:\\\/\\\/centrumzaburzenodzywiania.pl\\\/strefaspecjalisty\\\/wp-content\\\/uploads\\\/2025\\\/08\\\/kolo-oliwkowe.svg\",\"datePublished\":\"2021-02-15T20:30:40+00:00\",\"dateModified\":\"2026-01-09T09:28:39+00:00\",\"description\":\"Studium Leczenia Zaburze\u0144 Od\u017cywiania - Roczny lub 7-miesi\u0119czny program, kt\u00f3ry da Ci struktur\u0119 i narz\u0119dzia do rozpocz\u0119cia pracy z pacjentami.\",\"breadcrumb\":{\"@id\":\"https:\\\/\\\/centrumzaburzenodzywiania.pl\\\/strefaspecjalisty\\\/studium\\\/#breadcrumb\"},\"inLanguage\":\"pl-PL\",\"potentialAction\":[{\"@type\":\"ReadAction\",\"target\":[\"https:\\\/\\\/centrumzaburzenodzywiania.pl\\\/strefaspecjalisty\\\/studium\\\/\"]}]},{\"@type\":\"ImageObject\",\"inLanguage\":\"pl-PL\",\"@id\":\"https:\\\/\\\/centrumzaburzenodzywiania.pl\\\/strefaspecjalisty\\\/studium\\\/#primaryimage\",\"url\":\"\",\"contentUrl\":\"\"},{\"@type\":\"BreadcrumbList\",\"@id\":\"https:\\\/\\\/centrumzaburzenodzywiania.pl\\\/strefaspecjalisty\\\/studium\\\/#breadcrumb\",\"itemListElement\":[{\"@type\":\"ListItem\",\"position\":1,\"name\":\"Strona g\u0142\u00f3wna\",\"item\":\"https:\\\/\\\/centrumzaburzenodzywiania.pl\\\/strefaspecjalisty\\\/\"},{\"@type\":\"ListItem\",\"position\":2,\"name\":\"Studium\"}]},{\"@type\":\"WebSite\",\"@id\":\"https:\\\/\\\/centrumzaburzenodzywiania.pl\\\/strefaspecjalisty\\\/#website\",\"url\":\"https:\\\/\\\/centrumzaburzenodzywiania.pl\\\/strefaspecjalisty\\\/\",\"name\":\"Strefa Specjalisty - Og\u00f3lnopolskie Centrum Zaburze\u0144 Od\u017cywiania\",\"description\":\"Strefa Specjalisty - Og\u00f3lnopolskie Centrum Zaburze\u0144 Od\u017cywiania\",\"publisher\":{\"@id\":\"https:\\\/\\\/centrumzaburzenodzywiania.pl\\\/strefaspecjalisty\\\/#organization\"},\"potentialAction\":[{\"@type\":\"SearchAction\",\"target\":{\"@type\":\"EntryPoint\",\"urlTemplate\":\"https:\\\/\\\/centrumzaburzenodzywiania.pl\\\/strefaspecjalisty\\\/?s={search_term_string}\"},\"query-input\":{\"@type\":\"PropertyValueSpecification\",\"valueRequired\":true,\"valueName\":\"search_term_string\"}}],\"inLanguage\":\"pl-PL\"},{\"@type\":\"Organization\",\"@id\":\"https:\\\/\\\/centrumzaburzenodzywiania.pl\\\/strefaspecjalisty\\\/#organization\",\"name\":\"Strefa Specjalisty - Og\u00f3lnopolskie Centrum Zaburze\u0144 Od\u017cywiania\",\"url\":\"https:\\\/\\\/centrumzaburzenodzywiania.pl\\\/strefaspecjalisty\\\/\",\"logo\":{\"@type\":\"ImageObject\",\"inLanguage\":\"pl-PL\",\"@id\":\"https:\\\/\\\/centrumzaburzenodzywiania.pl\\\/strefaspecjalisty\\\/#\\\/schema\\\/logo\\\/image\\\/\",\"url\":\"https:\\\/\\\/centrumzaburzenodzywiania.pl\\\/strefaspecjalisty\\\/wp-content\\\/uploads\\\/2025\\\/11\\\/logo.png\",\"contentUrl\":\"https:\\\/\\\/centrumzaburzenodzywiania.pl\\\/strefaspecjalisty\\\/wp-content\\\/uploads\\\/2025\\\/11\\\/logo.png\",\"width\":141,\"height\":54,\"caption\":\"Strefa Specjalisty - Og\u00f3lnopolskie Centrum Zaburze\u0144 Od\u017cywiania\"},\"image\":{\"@id\":\"https:\\\/\\\/centrumzaburzenodzywiania.pl\\\/strefaspecjalisty\\\/#\\\/schema\\\/logo\\\/image\\\/\"}}]}<\/script>\n<!-- \/ Yoast SEO plugin. -->","yoast_head_json":{"title":"Studium Leczenia Zaburze\u0144 Od\u017cywiania - Strefa Specjalisty - Og\u00f3lnopolskie Centrum Zaburze\u0144 Od\u017cywiania","description":"Studium Leczenia Zaburze\u0144 Od\u017cywiania - Roczny lub 7-miesi\u0119czny program, kt\u00f3ry da Ci struktur\u0119 i narz\u0119dzia do rozpocz\u0119cia pracy z pacjentami.","robots":{"index":"index","follow":"follow","max-snippet":"max-snippet:-1","max-image-preview":"max-image-preview:large","max-video-preview":"max-video-preview:-1"},"canonical":"https:\/\/centrumzaburzenodzywiania.pl\/strefaspecjalisty\/studium\/","og_locale":"pl_PL","og_type":"article","og_title":"Studium Leczenia Zaburze\u0144 Od\u017cywiania - Strefa Specjalisty - Og\u00f3lnopolskie Centrum Zaburze\u0144 Od\u017cywiania","og_description":"Studium Leczenia Zaburze\u0144 Od\u017cywiania - Roczny lub 7-miesi\u0119czny program, kt\u00f3ry da Ci struktur\u0119 i narz\u0119dzia do rozpocz\u0119cia pracy z pacjentami.","og_url":"https:\/\/centrumzaburzenodzywiania.pl\/strefaspecjalisty\/studium\/","og_site_name":"Strefa Specjalisty - Og\u00f3lnopolskie Centrum Zaburze\u0144 Od\u017cywiania","article_modified_time":"2026-01-09T09:28:39+00:00","twitter_card":"summary_large_image","twitter_misc":{"Szacowany czas czytania":"1 minuta"},"schema":{"@context":"https:\/\/schema.org","@graph":[{"@type":"WebPage","@id":"https:\/\/centrumzaburzenodzywiania.pl\/strefaspecjalisty\/studium\/","url":"https:\/\/centrumzaburzenodzywiania.pl\/strefaspecjalisty\/studium\/","name":"Studium Leczenia Zaburze\u0144 Od\u017cywiania - Strefa Specjalisty - Og\u00f3lnopolskie Centrum Zaburze\u0144 Od\u017cywiania","isPartOf":{"@id":"https:\/\/centrumzaburzenodzywiania.pl\/strefaspecjalisty\/#website"},"primaryImageOfPage":{"@id":"https:\/\/centrumzaburzenodzywiania.pl\/strefaspecjalisty\/studium\/#primaryimage"},"image":{"@id":"https:\/\/centrumzaburzenodzywiania.pl\/strefaspecjalisty\/studium\/#primaryimage"},"thumbnailUrl":"https:\/\/centrumzaburzenodzywiania.pl\/strefaspecjalisty\/wp-content\/uploads\/2025\/08\/kolo-oliwkowe.svg","datePublished":"2021-02-15T20:30:40+00:00","dateModified":"2026-01-09T09:28:39+00:00","description":"Studium Leczenia Zaburze\u0144 Od\u017cywiania - Roczny lub 7-miesi\u0119czny program, kt\u00f3ry da Ci struktur\u0119 i narz\u0119dzia do rozpocz\u0119cia pracy z pacjentami.","breadcrumb":{"@id":"https:\/\/centrumzaburzenodzywiania.pl\/strefaspecjalisty\/studium\/#breadcrumb"},"inLanguage":"pl-PL","potentialAction":[{"@type":"ReadAction","target":["https:\/\/centrumzaburzenodzywiania.pl\/strefaspecjalisty\/studium\/"]}]},{"@type":"ImageObject","inLanguage":"pl-PL","@id":"https:\/\/centrumzaburzenodzywiania.pl\/strefaspecjalisty\/studium\/#primaryimage","url":"","contentUrl":""},{"@type":"BreadcrumbList","@id":"https:\/\/centrumzaburzenodzywiania.pl\/strefaspecjalisty\/studium\/#breadcrumb","itemListElement":[{"@type":"ListItem","position":1,"name":"Strona g\u0142\u00f3wna","item":"https:\/\/centrumzaburzenodzywiania.pl\/strefaspecjalisty\/"},{"@type":"ListItem","position":2,"name":"Studium"}]},{"@type":"WebSite","@id":"https:\/\/centrumzaburzenodzywiania.pl\/strefaspecjalisty\/#website","url":"https:\/\/centrumzaburzenodzywiania.pl\/strefaspecjalisty\/","name":"Strefa Specjalisty - Og\u00f3lnopolskie Centrum Zaburze\u0144 Od\u017cywiania","description":"Strefa Specjalisty - Og\u00f3lnopolskie Centrum Zaburze\u0144 Od\u017cywiania","publisher":{"@id":"https:\/\/centrumzaburzenodzywiania.pl\/strefaspecjalisty\/#organization"},"potentialAction":[{"@type":"SearchAction","target":{"@type":"EntryPoint","urlTemplate":"https:\/\/centrumzaburzenodzywiania.pl\/strefaspecjalisty\/?s={search_term_string}"},"query-input":{"@type":"PropertyValueSpecification","valueRequired":true,"valueName":"search_term_string"}}],"inLanguage":"pl-PL"},{"@type":"Organization","@id":"https:\/\/centrumzaburzenodzywiania.pl\/strefaspecjalisty\/#organization","name":"Strefa Specjalisty - Og\u00f3lnopolskie Centrum Zaburze\u0144 Od\u017cywiania","url":"https:\/\/centrumzaburzenodzywiania.pl\/strefaspecjalisty\/","logo":{"@type":"ImageObject","inLanguage":"pl-PL","@id":"https:\/\/centrumzaburzenodzywiania.pl\/strefaspecjalisty\/#\/schema\/logo\/image\/","url":"https:\/\/centrumzaburzenodzywiania.pl\/strefaspecjalisty\/wp-content\/uploads\/2025\/11\/logo.png","contentUrl":"https:\/\/centrumzaburzenodzywiania.pl\/strefaspecjalisty\/wp-content\/uploads\/2025\/11\/logo.png","width":141,"height":54,"caption":"Strefa Specjalisty - Og\u00f3lnopolskie Centrum Zaburze\u0144 Od\u017cywiania"},"image":{"@id":"https:\/\/centrumzaburzenodzywiania.pl\/strefaspecjalisty\/#\/schema\/logo\/image\/"}}]}},"_links":{"self":[{"href":"https:\/\/centrumzaburzenodzywiania.pl\/strefaspecjalisty\/wp-json\/wp\/v2\/pages\/13","targetHints":{"allow":["GET"]}}],"collection":[{"href":"https:\/\/centrumzaburzenodzywiania.pl\/strefaspecjalisty\/wp-json\/wp\/v2\/pages"}],"about":[{"href":"https:\/\/centrumzaburzenodzywiania.pl\/strefaspecjalisty\/wp-json\/wp\/v2\/types\/page"}],"author":[{"embeddable":true,"href":"https:\/\/centrumzaburzenodzywiania.pl\/strefaspecjalisty\/wp-json\/wp\/v2\/users\/3"}],"replies":[{"embeddable":true,"href":"https:\/\/centrumzaburzenodzywiania.pl\/strefaspecjalisty\/wp-json\/wp\/v2\/comments?post=13"}],"version-history":[{"count":13,"href":"https:\/\/centrumzaburzenodzywiania.pl\/strefaspecjalisty\/wp-json\/wp\/v2\/pages\/13\/revisions"}],"predecessor-version":[{"id":4010,"href":"https:\/\/centrumzaburzenodzywiania.pl\/strefaspecjalisty\/wp-json\/wp\/v2\/pages\/13\/revisions\/4010"}],"wp:attachment":[{"href":"https:\/\/centrumzaburzenodzywiania.pl\/strefaspecjalisty\/wp-json\/wp\/v2\/media?parent=13"}],"curies":[{"name":"wp","href":"https:\/\/api.w.org\/{rel}","templated":true}]}}