{"id":602,"date":"2022-05-30T14:59:33","date_gmt":"2022-05-30T12:59:33","guid":{"rendered":"https:\/\/centrumzaburzenodzywiania.pl\/strefapacjenta\/?page_id=602"},"modified":"2025-03-26T22:20:26","modified_gmt":"2025-03-26T21:20:26","slug":"lodz","status":"publish","type":"page","link":"https:\/\/centrumzaburzenodzywiania.pl\/strefapacjenta\/nasze-oddzialy\/lodz\/","title":{"rendered":"\u0141\u00f3d\u017a"},"content":{"rendered":"","protected":false},"excerpt":{"rendered":"","protected":false},"author":2,"featured_media":0,"parent":140,"menu_order":0,"comment_status":"closed","ping_status":"closed","template":"","meta":{"_acf_changed":false,"footnotes":""},"class_list":["post-602","page","type-page","status-publish","hentry"],"acf":[],"yoast_head":"<!-- This site is optimized with the Yoast SEO plugin v27.4 - https:\/\/yoast.com\/product\/yoast-seo-wordpress\/ -->\n<title>\u0141\u00f3d\u017a - Zaburzenia od\u017cywiania - OCZO<\/title>\n<meta name=\"description\" content=\"Leczenie zaburze\u0144 od\u017cywiania, nadwagi i oty\u0142o\u015bci w \u0141odzi. Osoby doros\u0142e i m\u0142odzie\u017c. Um\u00f3w wizyt\u0119 u psychoterapeuty, dietetyka, psychodietetyka\" \/>\n<meta name=\"robots\" content=\"index, follow, max-snippet:-1, max-image-preview:large, max-video-preview:-1\" \/>\n<link rel=\"canonical\" href=\"https:\/\/centrumzaburzenodzywiania.pl\/strefapacjenta\/nasze-oddzialy\/lodz\/\" \/>\n<meta property=\"og:locale\" content=\"pl_PL\" \/>\n<meta property=\"og:type\" content=\"article\" \/>\n<meta property=\"og:title\" content=\"\u0141\u00f3d\u017a - Zaburzenia od\u017cywiania - OCZO\" \/>\n<meta property=\"og:description\" content=\"Leczenie zaburze\u0144 od\u017cywiania, nadwagi i oty\u0142o\u015bci w \u0141odzi. Osoby doros\u0142e i m\u0142odzie\u017c. Um\u00f3w wizyt\u0119 u psychoterapeuty, dietetyka, psychodietetyka\" \/>\n<meta property=\"og:url\" content=\"https:\/\/centrumzaburzenodzywiania.pl\/strefapacjenta\/nasze-oddzialy\/lodz\/\" \/>\n<meta property=\"og:site_name\" content=\"Strefa Pacjenta | Og\u00f3lnopolskie Centrum Zaburze\u0144 Od\u017cywiania\" \/>\n<meta property=\"article:modified_time\" content=\"2025-03-26T21:20:26+00:00\" \/>\n<meta name=\"twitter:card\" content=\"summary_large_image\" \/>\n<meta name=\"twitter:label1\" content=\"Szacowany czas czytania\" \/>\n\t<meta name=\"twitter:data1\" content=\"4 minuty\" \/>\n<script type=\"application\/ld+json\" class=\"yoast-schema-graph\">{\"@context\":\"https:\\\/\\\/schema.org\",\"@graph\":[{\"@type\":\"WebPage\",\"@id\":\"https:\\\/\\\/centrumzaburzenodzywiania.pl\\\/strefapacjenta\\\/nasze-oddzialy\\\/lodz\\\/\",\"url\":\"https:\\\/\\\/centrumzaburzenodzywiania.pl\\\/strefapacjenta\\\/nasze-oddzialy\\\/lodz\\\/\",\"name\":\"\u0141\u00f3d\u017a - Zaburzenia od\u017cywiania - OCZO\",\"isPartOf\":{\"@id\":\"https:\\\/\\\/centrumzaburzenodzywiania.pl\\\/strefapacjenta\\\/#website\"},\"datePublished\":\"2022-05-30T12:59:33+00:00\",\"dateModified\":\"2025-03-26T21:20:26+00:00\",\"description\":\"Leczenie zaburze\u0144 od\u017cywiania, nadwagi i oty\u0142o\u015bci w \u0141odzi. Osoby doros\u0142e i m\u0142odzie\u017c. Um\u00f3w wizyt\u0119 u psychoterapeuty, dietetyka, psychodietetyka\",\"breadcrumb\":{\"@id\":\"https:\\\/\\\/centrumzaburzenodzywiania.pl\\\/strefapacjenta\\\/nasze-oddzialy\\\/lodz\\\/#breadcrumb\"},\"inLanguage\":\"pl-PL\",\"potentialAction\":[{\"@type\":\"ReadAction\",\"target\":[\"https:\\\/\\\/centrumzaburzenodzywiania.pl\\\/strefapacjenta\\\/nasze-oddzialy\\\/lodz\\\/\"]}]},{\"@type\":\"BreadcrumbList\",\"@id\":\"https:\\\/\\\/centrumzaburzenodzywiania.pl\\\/strefapacjenta\\\/nasze-oddzialy\\\/lodz\\\/#breadcrumb\",\"itemListElement\":[{\"@type\":\"ListItem\",\"position\":1,\"name\":\"Strona g\u0142\u00f3wna\",\"item\":\"https:\\\/\\\/centrumzaburzenodzywiania.pl\\\/strefapacjenta\\\/\"},{\"@type\":\"ListItem\",\"position\":2,\"name\":\"Nasze oddzia\u0142y\",\"item\":\"https:\\\/\\\/centrumzaburzenodzywiania.pl\\\/strefapacjenta\\\/nasze-oddzialy\\\/\"},{\"@type\":\"ListItem\",\"position\":3,\"name\":\"\u0141\u00f3d\u017a\"}]},{\"@type\":\"WebSite\",\"@id\":\"https:\\\/\\\/centrumzaburzenodzywiania.pl\\\/strefapacjenta\\\/#website\",\"url\":\"https:\\\/\\\/centrumzaburzenodzywiania.pl\\\/strefapacjenta\\\/\",\"name\":\"Strefa Pacjenta | Og\u00f3lnopolskie Centrum Zaburze\u0144 Od\u017cywiania\",\"description\":\"Strefa Pacjenta | Og\u00f3lnopolskie Centrum Zaburze\u0144 Od\u017cywiania\",\"potentialAction\":[{\"@type\":\"SearchAction\",\"target\":{\"@type\":\"EntryPoint\",\"urlTemplate\":\"https:\\\/\\\/centrumzaburzenodzywiania.pl\\\/strefapacjenta\\\/?s={search_term_string}\"},\"query-input\":{\"@type\":\"PropertyValueSpecification\",\"valueRequired\":true,\"valueName\":\"search_term_string\"}}],\"inLanguage\":\"pl-PL\"}]}<\/script>\n<!-- \/ Yoast SEO plugin. -->","yoast_head_json":{"title":"\u0141\u00f3d\u017a - Zaburzenia od\u017cywiania - OCZO","description":"Leczenie zaburze\u0144 od\u017cywiania, nadwagi i oty\u0142o\u015bci w \u0141odzi. Osoby doros\u0142e i m\u0142odzie\u017c. Um\u00f3w wizyt\u0119 u psychoterapeuty, dietetyka, psychodietetyka","robots":{"index":"index","follow":"follow","max-snippet":"max-snippet:-1","max-image-preview":"max-image-preview:large","max-video-preview":"max-video-preview:-1"},"canonical":"https:\/\/centrumzaburzenodzywiania.pl\/strefapacjenta\/nasze-oddzialy\/lodz\/","og_locale":"pl_PL","og_type":"article","og_title":"\u0141\u00f3d\u017a - Zaburzenia od\u017cywiania - OCZO","og_description":"Leczenie zaburze\u0144 od\u017cywiania, nadwagi i oty\u0142o\u015bci w \u0141odzi. Osoby doros\u0142e i m\u0142odzie\u017c. Um\u00f3w wizyt\u0119 u psychoterapeuty, dietetyka, psychodietetyka","og_url":"https:\/\/centrumzaburzenodzywiania.pl\/strefapacjenta\/nasze-oddzialy\/lodz\/","og_site_name":"Strefa Pacjenta | Og\u00f3lnopolskie Centrum Zaburze\u0144 Od\u017cywiania","article_modified_time":"2025-03-26T21:20:26+00:00","twitter_card":"summary_large_image","twitter_misc":{"Szacowany czas czytania":"4 minuty"},"schema":{"@context":"https:\/\/schema.org","@graph":[{"@type":"WebPage","@id":"https:\/\/centrumzaburzenodzywiania.pl\/strefapacjenta\/nasze-oddzialy\/lodz\/","url":"https:\/\/centrumzaburzenodzywiania.pl\/strefapacjenta\/nasze-oddzialy\/lodz\/","name":"\u0141\u00f3d\u017a - Zaburzenia od\u017cywiania - OCZO","isPartOf":{"@id":"https:\/\/centrumzaburzenodzywiania.pl\/strefapacjenta\/#website"},"datePublished":"2022-05-30T12:59:33+00:00","dateModified":"2025-03-26T21:20:26+00:00","description":"Leczenie zaburze\u0144 od\u017cywiania, nadwagi i oty\u0142o\u015bci w \u0141odzi. Osoby doros\u0142e i m\u0142odzie\u017c. Um\u00f3w wizyt\u0119 u psychoterapeuty, dietetyka, psychodietetyka","breadcrumb":{"@id":"https:\/\/centrumzaburzenodzywiania.pl\/strefapacjenta\/nasze-oddzialy\/lodz\/#breadcrumb"},"inLanguage":"pl-PL","potentialAction":[{"@type":"ReadAction","target":["https:\/\/centrumzaburzenodzywiania.pl\/strefapacjenta\/nasze-oddzialy\/lodz\/"]}]},{"@type":"BreadcrumbList","@id":"https:\/\/centrumzaburzenodzywiania.pl\/strefapacjenta\/nasze-oddzialy\/lodz\/#breadcrumb","itemListElement":[{"@type":"ListItem","position":1,"name":"Strona g\u0142\u00f3wna","item":"https:\/\/centrumzaburzenodzywiania.pl\/strefapacjenta\/"},{"@type":"ListItem","position":2,"name":"Nasze oddzia\u0142y","item":"https:\/\/centrumzaburzenodzywiania.pl\/strefapacjenta\/nasze-oddzialy\/"},{"@type":"ListItem","position":3,"name":"\u0141\u00f3d\u017a"}]},{"@type":"WebSite","@id":"https:\/\/centrumzaburzenodzywiania.pl\/strefapacjenta\/#website","url":"https:\/\/centrumzaburzenodzywiania.pl\/strefapacjenta\/","name":"Strefa Pacjenta | Og\u00f3lnopolskie Centrum Zaburze\u0144 Od\u017cywiania","description":"Strefa Pacjenta | Og\u00f3lnopolskie Centrum Zaburze\u0144 Od\u017cywiania","potentialAction":[{"@type":"SearchAction","target":{"@type":"EntryPoint","urlTemplate":"https:\/\/centrumzaburzenodzywiania.pl\/strefapacjenta\/?s={search_term_string}"},"query-input":{"@type":"PropertyValueSpecification","valueRequired":true,"valueName":"search_term_string"}}],"inLanguage":"pl-PL"}]}},"_links":{"self":[{"href":"https:\/\/centrumzaburzenodzywiania.pl\/strefapacjenta\/wp-json\/wp\/v2\/pages\/602","targetHints":{"allow":["GET"]}}],"collection":[{"href":"https:\/\/centrumzaburzenodzywiania.pl\/strefapacjenta\/wp-json\/wp\/v2\/pages"}],"about":[{"href":"https:\/\/centrumzaburzenodzywiania.pl\/strefapacjenta\/wp-json\/wp\/v2\/types\/page"}],"author":[{"embeddable":true,"href":"https:\/\/centrumzaburzenodzywiania.pl\/strefapacjenta\/wp-json\/wp\/v2\/users\/2"}],"replies":[{"embeddable":true,"href":"https:\/\/centrumzaburzenodzywiania.pl\/strefapacjenta\/wp-json\/wp\/v2\/comments?post=602"}],"version-history":[{"count":17,"href":"https:\/\/centrumzaburzenodzywiania.pl\/strefapacjenta\/wp-json\/wp\/v2\/pages\/602\/revisions"}],"predecessor-version":[{"id":2112,"href":"https:\/\/centrumzaburzenodzywiania.pl\/strefapacjenta\/wp-json\/wp\/v2\/pages\/602\/revisions\/2112"}],"up":[{"embeddable":true,"href":"https:\/\/centrumzaburzenodzywiania.pl\/strefapacjenta\/wp-json\/wp\/v2\/pages\/140"}],"wp:attachment":[{"href":"https:\/\/centrumzaburzenodzywiania.pl\/strefapacjenta\/wp-json\/wp\/v2\/media?parent=602"}],"curies":[{"name":"wp","href":"https:\/\/api.w.org\/{rel}","templated":true}]}}