{"id":1860,"date":"2023-11-22T14:31:17","date_gmt":"2023-11-22T13:31:17","guid":{"rendered":"https:\/\/centrumzaburzenodzywiania.pl\/strefapacjenta\/?page_id=1860"},"modified":"2026-04-28T13:24:55","modified_gmt":"2026-04-28T11:24:55","slug":"zaburzenia-odzywiania","status":"publish","type":"page","link":"https:\/\/centrumzaburzenodzywiania.pl\/strefapacjenta\/zaburzenia-odzywiania\/","title":{"rendered":"Zaburzenia od\u017cywiania"},"content":{"rendered":"","protected":false},"excerpt":{"rendered":"","protected":false},"author":2,"featured_media":0,"parent":0,"menu_order":0,"comment_status":"closed","ping_status":"closed","template":"","meta":{"_acf_changed":false,"footnotes":""},"class_list":["post-1860","page","type-page","status-publish","hentry"],"acf":[],"yoast_head":"<!-- This site is optimized with the Yoast SEO plugin v27.4 - https:\/\/yoast.com\/product\/yoast-seo-wordpress\/ -->\n<title>Zaburzenia od\u017cywiania - Strefa Pacjenta | Og\u00f3lnopolskie Centrum Zaburze\u0144 Od\u017cywiania<\/title>\n<meta name=\"description\" content=\"Sprawd\u017a ofert\u0119 leczenia. Zaburzenia od\u017cywiania, nadwaga, oty\u0142o\u015b\u0107. Wroc\u0142aw, Pozna\u0144, Gdynia, \u0141\u00f3d\u017a, online\" \/>\n<meta name=\"robots\" content=\"index, follow, max-snippet:-1, max-image-preview:large, max-video-preview:-1\" \/>\n<link rel=\"canonical\" href=\"https:\/\/centrumzaburzenodzywiania.pl\/strefapacjenta\/zaburzenia-odzywiania\/\" \/>\n<meta property=\"og:locale\" content=\"pl_PL\" \/>\n<meta property=\"og:type\" content=\"article\" \/>\n<meta property=\"og:title\" content=\"Zaburzenia od\u017cywiania - Strefa Pacjenta | Og\u00f3lnopolskie Centrum Zaburze\u0144 Od\u017cywiania\" \/>\n<meta property=\"og:description\" content=\"Sprawd\u017a ofert\u0119 leczenia. Zaburzenia od\u017cywiania, nadwaga, oty\u0142o\u015b\u0107. Wroc\u0142aw, Pozna\u0144, Gdynia, \u0141\u00f3d\u017a, online\" \/>\n<meta property=\"og:url\" content=\"https:\/\/centrumzaburzenodzywiania.pl\/strefapacjenta\/zaburzenia-odzywiania\/\" \/>\n<meta property=\"og:site_name\" content=\"Strefa Pacjenta | Og\u00f3lnopolskie Centrum Zaburze\u0144 Od\u017cywiania\" \/>\n<meta property=\"article:modified_time\" content=\"2026-04-28T11:24:55+00:00\" \/>\n<meta name=\"twitter:card\" content=\"summary_large_image\" \/>\n<meta name=\"twitter:label1\" content=\"Szacowany czas czytania\" \/>\n\t<meta name=\"twitter:data1\" content=\"2 minuty\" \/>\n<script type=\"application\/ld+json\" class=\"yoast-schema-graph\">{\"@context\":\"https:\\\/\\\/schema.org\",\"@graph\":[{\"@type\":\"WebPage\",\"@id\":\"https:\\\/\\\/centrumzaburzenodzywiania.pl\\\/strefapacjenta\\\/zaburzenia-odzywiania\\\/\",\"url\":\"https:\\\/\\\/centrumzaburzenodzywiania.pl\\\/strefapacjenta\\\/zaburzenia-odzywiania\\\/\",\"name\":\"Zaburzenia od\u017cywiania - Strefa Pacjenta | Og\u00f3lnopolskie Centrum Zaburze\u0144 Od\u017cywiania\",\"isPartOf\":{\"@id\":\"https:\\\/\\\/centrumzaburzenodzywiania.pl\\\/strefapacjenta\\\/#website\"},\"datePublished\":\"2023-11-22T13:31:17+00:00\",\"dateModified\":\"2026-04-28T11:24:55+00:00\",\"description\":\"Sprawd\u017a ofert\u0119 leczenia. Zaburzenia od\u017cywiania, nadwaga, oty\u0142o\u015b\u0107. Wroc\u0142aw, Pozna\u0144, Gdynia, \u0141\u00f3d\u017a, online\",\"breadcrumb\":{\"@id\":\"https:\\\/\\\/centrumzaburzenodzywiania.pl\\\/strefapacjenta\\\/zaburzenia-odzywiania\\\/#breadcrumb\"},\"inLanguage\":\"pl-PL\",\"potentialAction\":[{\"@type\":\"ReadAction\",\"target\":[\"https:\\\/\\\/centrumzaburzenodzywiania.pl\\\/strefapacjenta\\\/zaburzenia-odzywiania\\\/\"]}]},{\"@type\":\"BreadcrumbList\",\"@id\":\"https:\\\/\\\/centrumzaburzenodzywiania.pl\\\/strefapacjenta\\\/zaburzenia-odzywiania\\\/#breadcrumb\",\"itemListElement\":[{\"@type\":\"ListItem\",\"position\":1,\"name\":\"Strona g\u0142\u00f3wna\",\"item\":\"https:\\\/\\\/centrumzaburzenodzywiania.pl\\\/strefapacjenta\\\/\"},{\"@type\":\"ListItem\",\"position\":2,\"name\":\"Zaburzenia od\u017cywiania\"}]},{\"@type\":\"WebSite\",\"@id\":\"https:\\\/\\\/centrumzaburzenodzywiania.pl\\\/strefapacjenta\\\/#website\",\"url\":\"https:\\\/\\\/centrumzaburzenodzywiania.pl\\\/strefapacjenta\\\/\",\"name\":\"Strefa Pacjenta | Og\u00f3lnopolskie Centrum Zaburze\u0144 Od\u017cywiania\",\"description\":\"Strefa Pacjenta | Og\u00f3lnopolskie Centrum Zaburze\u0144 Od\u017cywiania\",\"potentialAction\":[{\"@type\":\"SearchAction\",\"target\":{\"@type\":\"EntryPoint\",\"urlTemplate\":\"https:\\\/\\\/centrumzaburzenodzywiania.pl\\\/strefapacjenta\\\/?s={search_term_string}\"},\"query-input\":{\"@type\":\"PropertyValueSpecification\",\"valueRequired\":true,\"valueName\":\"search_term_string\"}}],\"inLanguage\":\"pl-PL\"}]}<\/script>\n<!-- \/ Yoast SEO plugin. -->","yoast_head_json":{"title":"Zaburzenia od\u017cywiania - Strefa Pacjenta | Og\u00f3lnopolskie Centrum Zaburze\u0144 Od\u017cywiania","description":"Sprawd\u017a ofert\u0119 leczenia. Zaburzenia od\u017cywiania, nadwaga, oty\u0142o\u015b\u0107. Wroc\u0142aw, Pozna\u0144, Gdynia, \u0141\u00f3d\u017a, online","robots":{"index":"index","follow":"follow","max-snippet":"max-snippet:-1","max-image-preview":"max-image-preview:large","max-video-preview":"max-video-preview:-1"},"canonical":"https:\/\/centrumzaburzenodzywiania.pl\/strefapacjenta\/zaburzenia-odzywiania\/","og_locale":"pl_PL","og_type":"article","og_title":"Zaburzenia od\u017cywiania - Strefa Pacjenta | Og\u00f3lnopolskie Centrum Zaburze\u0144 Od\u017cywiania","og_description":"Sprawd\u017a ofert\u0119 leczenia. Zaburzenia od\u017cywiania, nadwaga, oty\u0142o\u015b\u0107. Wroc\u0142aw, Pozna\u0144, Gdynia, \u0141\u00f3d\u017a, online","og_url":"https:\/\/centrumzaburzenodzywiania.pl\/strefapacjenta\/zaburzenia-odzywiania\/","og_site_name":"Strefa Pacjenta | Og\u00f3lnopolskie Centrum Zaburze\u0144 Od\u017cywiania","article_modified_time":"2026-04-28T11:24:55+00:00","twitter_card":"summary_large_image","twitter_misc":{"Szacowany czas czytania":"2 minuty"},"schema":{"@context":"https:\/\/schema.org","@graph":[{"@type":"WebPage","@id":"https:\/\/centrumzaburzenodzywiania.pl\/strefapacjenta\/zaburzenia-odzywiania\/","url":"https:\/\/centrumzaburzenodzywiania.pl\/strefapacjenta\/zaburzenia-odzywiania\/","name":"Zaburzenia od\u017cywiania - Strefa Pacjenta | Og\u00f3lnopolskie Centrum Zaburze\u0144 Od\u017cywiania","isPartOf":{"@id":"https:\/\/centrumzaburzenodzywiania.pl\/strefapacjenta\/#website"},"datePublished":"2023-11-22T13:31:17+00:00","dateModified":"2026-04-28T11:24:55+00:00","description":"Sprawd\u017a ofert\u0119 leczenia. Zaburzenia od\u017cywiania, nadwaga, oty\u0142o\u015b\u0107. Wroc\u0142aw, Pozna\u0144, Gdynia, \u0141\u00f3d\u017a, online","breadcrumb":{"@id":"https:\/\/centrumzaburzenodzywiania.pl\/strefapacjenta\/zaburzenia-odzywiania\/#breadcrumb"},"inLanguage":"pl-PL","potentialAction":[{"@type":"ReadAction","target":["https:\/\/centrumzaburzenodzywiania.pl\/strefapacjenta\/zaburzenia-odzywiania\/"]}]},{"@type":"BreadcrumbList","@id":"https:\/\/centrumzaburzenodzywiania.pl\/strefapacjenta\/zaburzenia-odzywiania\/#breadcrumb","itemListElement":[{"@type":"ListItem","position":1,"name":"Strona g\u0142\u00f3wna","item":"https:\/\/centrumzaburzenodzywiania.pl\/strefapacjenta\/"},{"@type":"ListItem","position":2,"name":"Zaburzenia od\u017cywiania"}]},{"@type":"WebSite","@id":"https:\/\/centrumzaburzenodzywiania.pl\/strefapacjenta\/#website","url":"https:\/\/centrumzaburzenodzywiania.pl\/strefapacjenta\/","name":"Strefa Pacjenta | Og\u00f3lnopolskie Centrum Zaburze\u0144 Od\u017cywiania","description":"Strefa Pacjenta | Og\u00f3lnopolskie Centrum Zaburze\u0144 Od\u017cywiania","potentialAction":[{"@type":"SearchAction","target":{"@type":"EntryPoint","urlTemplate":"https:\/\/centrumzaburzenodzywiania.pl\/strefapacjenta\/?s={search_term_string}"},"query-input":{"@type":"PropertyValueSpecification","valueRequired":true,"valueName":"search_term_string"}}],"inLanguage":"pl-PL"}]}},"_links":{"self":[{"href":"https:\/\/centrumzaburzenodzywiania.pl\/strefapacjenta\/wp-json\/wp\/v2\/pages\/1860","targetHints":{"allow":["GET"]}}],"collection":[{"href":"https:\/\/centrumzaburzenodzywiania.pl\/strefapacjenta\/wp-json\/wp\/v2\/pages"}],"about":[{"href":"https:\/\/centrumzaburzenodzywiania.pl\/strefapacjenta\/wp-json\/wp\/v2\/types\/page"}],"author":[{"embeddable":true,"href":"https:\/\/centrumzaburzenodzywiania.pl\/strefapacjenta\/wp-json\/wp\/v2\/users\/2"}],"replies":[{"embeddable":true,"href":"https:\/\/centrumzaburzenodzywiania.pl\/strefapacjenta\/wp-json\/wp\/v2\/comments?post=1860"}],"version-history":[{"count":4,"href":"https:\/\/centrumzaburzenodzywiania.pl\/strefapacjenta\/wp-json\/wp\/v2\/pages\/1860\/revisions"}],"predecessor-version":[{"id":2305,"href":"https:\/\/centrumzaburzenodzywiania.pl\/strefapacjenta\/wp-json\/wp\/v2\/pages\/1860\/revisions\/2305"}],"wp:attachment":[{"href":"https:\/\/centrumzaburzenodzywiania.pl\/strefapacjenta\/wp-json\/wp\/v2\/media?parent=1860"}],"curies":[{"name":"wp","href":"https:\/\/api.w.org\/{rel}","templated":true}]}}