{"id":170,"date":"2022-03-29T14:25:30","date_gmt":"2022-03-29T12:25:30","guid":{"rendered":"https:\/\/centrumzaburzenodzywiania.pl\/strefapacjenta\/?page_id=170"},"modified":"2022-07-29T16:27:03","modified_gmt":"2022-07-29T14:27:03","slug":"choroby-dietozalezne","status":"publish","type":"page","link":"https:\/\/centrumzaburzenodzywiania.pl\/strefapacjenta\/blog\/choroby-dietozalezne\/","title":{"rendered":"Choroby dietozale\u017cne"},"content":{"rendered":"","protected":false},"excerpt":{"rendered":"","protected":false},"author":2,"featured_media":0,"parent":164,"menu_order":0,"comment_status":"closed","ping_status":"closed","template":"blog.php","meta":{"_acf_changed":false,"footnotes":""},"class_list":["post-170","page","type-page","status-publish","hentry"],"acf":[],"yoast_head":"<!-- This site is optimized with the Yoast SEO plugin v27.4 - https:\/\/yoast.com\/product\/yoast-seo-wordpress\/ -->\n<title>Choroby dietozale\u017cne - Strefa Pacjenta | Og\u00f3lnopolskie Centrum Zaburze\u0144 Od\u017cywiania<\/title>\n<meta name=\"description\" content=\"Choroby dietozale\u017cne: oty\u0142o\u015b\u0107, cukrzyca typu drugiego, choroby uk\u0142adu kr\u0105\u017cenia, osteoporoza, niekt\u00f3re nowotwory z\u0142o\u015bliwe.\" \/>\n<meta name=\"robots\" content=\"index, follow, max-snippet:-1, max-image-preview:large, max-video-preview:-1\" \/>\n<link rel=\"canonical\" href=\"https:\/\/centrumzaburzenodzywiania.pl\/strefapacjenta\/blog\/choroby-dietozalezne\/\" \/>\n<meta property=\"og:locale\" content=\"pl_PL\" \/>\n<meta property=\"og:type\" content=\"article\" \/>\n<meta property=\"og:title\" content=\"Choroby dietozale\u017cne\" \/>\n<meta property=\"og:description\" content=\"Choroby dietozale\u017cne: oty\u0142o\u015b\u0107, cukrzyca typu drugiego, choroby uk\u0142adu kr\u0105\u017cenia, osteoporoza, niekt\u00f3re nowotwory z\u0142o\u015bliwe.\" \/>\n<meta property=\"og:url\" content=\"https:\/\/centrumzaburzenodzywiania.pl\/strefapacjenta\/blog\/choroby-dietozalezne\/\" \/>\n<meta property=\"og:site_name\" content=\"Strefa Pacjenta | Og\u00f3lnopolskie Centrum Zaburze\u0144 Od\u017cywiania\" \/>\n<meta property=\"article:modified_time\" content=\"2022-07-29T14:27:03+00:00\" \/>\n<meta property=\"og:image\" content=\"https:\/\/centrumzaburzenodzywiania.pl\/strefapacjenta\/wp-content\/uploads\/2022\/04\/dietetyk-radzi.jpg\" \/>\n\t<meta property=\"og:image:width\" content=\"1500\" \/>\n\t<meta property=\"og:image:height\" content=\"1000\" \/>\n\t<meta property=\"og:image:type\" content=\"image\/jpeg\" \/>\n<meta name=\"twitter:card\" content=\"summary_large_image\" \/>\n<script type=\"application\/ld+json\" class=\"yoast-schema-graph\">{\"@context\":\"https:\\\/\\\/schema.org\",\"@graph\":[{\"@type\":\"WebPage\",\"@id\":\"https:\\\/\\\/centrumzaburzenodzywiania.pl\\\/strefapacjenta\\\/blog\\\/choroby-dietozalezne\\\/\",\"url\":\"https:\\\/\\\/centrumzaburzenodzywiania.pl\\\/strefapacjenta\\\/blog\\\/choroby-dietozalezne\\\/\",\"name\":\"Choroby dietozale\u017cne - Strefa Pacjenta | Og\u00f3lnopolskie Centrum Zaburze\u0144 Od\u017cywiania\",\"isPartOf\":{\"@id\":\"https:\\\/\\\/centrumzaburzenodzywiania.pl\\\/strefapacjenta\\\/#website\"},\"datePublished\":\"2022-03-29T12:25:30+00:00\",\"dateModified\":\"2022-07-29T14:27:03+00:00\",\"description\":\"Choroby dietozale\u017cne: oty\u0142o\u015b\u0107, cukrzyca typu drugiego, choroby uk\u0142adu kr\u0105\u017cenia, osteoporoza, niekt\u00f3re nowotwory z\u0142o\u015bliwe.\",\"breadcrumb\":{\"@id\":\"https:\\\/\\\/centrumzaburzenodzywiania.pl\\\/strefapacjenta\\\/blog\\\/choroby-dietozalezne\\\/#breadcrumb\"},\"inLanguage\":\"pl-PL\",\"potentialAction\":[{\"@type\":\"ReadAction\",\"target\":[\"https:\\\/\\\/centrumzaburzenodzywiania.pl\\\/strefapacjenta\\\/blog\\\/choroby-dietozalezne\\\/\"]}]},{\"@type\":\"BreadcrumbList\",\"@id\":\"https:\\\/\\\/centrumzaburzenodzywiania.pl\\\/strefapacjenta\\\/blog\\\/choroby-dietozalezne\\\/#breadcrumb\",\"itemListElement\":[{\"@type\":\"ListItem\",\"position\":1,\"name\":\"Strona g\u0142\u00f3wna\",\"item\":\"https:\\\/\\\/centrumzaburzenodzywiania.pl\\\/strefapacjenta\\\/\"},{\"@type\":\"ListItem\",\"position\":2,\"name\":\"Blog\",\"item\":\"https:\\\/\\\/centrumzaburzenodzywiania.pl\\\/strefapacjenta\\\/blog\\\/\"},{\"@type\":\"ListItem\",\"position\":3,\"name\":\"Choroby dietozale\u017cne\"}]},{\"@type\":\"WebSite\",\"@id\":\"https:\\\/\\\/centrumzaburzenodzywiania.pl\\\/strefapacjenta\\\/#website\",\"url\":\"https:\\\/\\\/centrumzaburzenodzywiania.pl\\\/strefapacjenta\\\/\",\"name\":\"Strefa Pacjenta | Og\u00f3lnopolskie Centrum Zaburze\u0144 Od\u017cywiania\",\"description\":\"Strefa Pacjenta | Og\u00f3lnopolskie Centrum Zaburze\u0144 Od\u017cywiania\",\"potentialAction\":[{\"@type\":\"SearchAction\",\"target\":{\"@type\":\"EntryPoint\",\"urlTemplate\":\"https:\\\/\\\/centrumzaburzenodzywiania.pl\\\/strefapacjenta\\\/?s={search_term_string}\"},\"query-input\":{\"@type\":\"PropertyValueSpecification\",\"valueRequired\":true,\"valueName\":\"search_term_string\"}}],\"inLanguage\":\"pl-PL\"}]}<\/script>\n<!-- \/ Yoast SEO plugin. -->","yoast_head_json":{"title":"Choroby dietozale\u017cne - Strefa Pacjenta | Og\u00f3lnopolskie Centrum Zaburze\u0144 Od\u017cywiania","description":"Choroby dietozale\u017cne: oty\u0142o\u015b\u0107, cukrzyca typu drugiego, choroby uk\u0142adu kr\u0105\u017cenia, osteoporoza, niekt\u00f3re nowotwory z\u0142o\u015bliwe.","robots":{"index":"index","follow":"follow","max-snippet":"max-snippet:-1","max-image-preview":"max-image-preview:large","max-video-preview":"max-video-preview:-1"},"canonical":"https:\/\/centrumzaburzenodzywiania.pl\/strefapacjenta\/blog\/choroby-dietozalezne\/","og_locale":"pl_PL","og_type":"article","og_title":"Choroby dietozale\u017cne","og_description":"Choroby dietozale\u017cne: oty\u0142o\u015b\u0107, cukrzyca typu drugiego, choroby uk\u0142adu kr\u0105\u017cenia, osteoporoza, niekt\u00f3re nowotwory z\u0142o\u015bliwe.","og_url":"https:\/\/centrumzaburzenodzywiania.pl\/strefapacjenta\/blog\/choroby-dietozalezne\/","og_site_name":"Strefa Pacjenta | Og\u00f3lnopolskie Centrum Zaburze\u0144 Od\u017cywiania","article_modified_time":"2022-07-29T14:27:03+00:00","og_image":[{"width":1500,"height":1000,"url":"https:\/\/centrumzaburzenodzywiania.pl\/strefapacjenta\/wp-content\/uploads\/2022\/04\/dietetyk-radzi.jpg","type":"image\/jpeg"}],"twitter_card":"summary_large_image","schema":{"@context":"https:\/\/schema.org","@graph":[{"@type":"WebPage","@id":"https:\/\/centrumzaburzenodzywiania.pl\/strefapacjenta\/blog\/choroby-dietozalezne\/","url":"https:\/\/centrumzaburzenodzywiania.pl\/strefapacjenta\/blog\/choroby-dietozalezne\/","name":"Choroby dietozale\u017cne - Strefa Pacjenta | Og\u00f3lnopolskie Centrum Zaburze\u0144 Od\u017cywiania","isPartOf":{"@id":"https:\/\/centrumzaburzenodzywiania.pl\/strefapacjenta\/#website"},"datePublished":"2022-03-29T12:25:30+00:00","dateModified":"2022-07-29T14:27:03+00:00","description":"Choroby dietozale\u017cne: oty\u0142o\u015b\u0107, cukrzyca typu drugiego, choroby uk\u0142adu kr\u0105\u017cenia, osteoporoza, niekt\u00f3re nowotwory z\u0142o\u015bliwe.","breadcrumb":{"@id":"https:\/\/centrumzaburzenodzywiania.pl\/strefapacjenta\/blog\/choroby-dietozalezne\/#breadcrumb"},"inLanguage":"pl-PL","potentialAction":[{"@type":"ReadAction","target":["https:\/\/centrumzaburzenodzywiania.pl\/strefapacjenta\/blog\/choroby-dietozalezne\/"]}]},{"@type":"BreadcrumbList","@id":"https:\/\/centrumzaburzenodzywiania.pl\/strefapacjenta\/blog\/choroby-dietozalezne\/#breadcrumb","itemListElement":[{"@type":"ListItem","position":1,"name":"Strona g\u0142\u00f3wna","item":"https:\/\/centrumzaburzenodzywiania.pl\/strefapacjenta\/"},{"@type":"ListItem","position":2,"name":"Blog","item":"https:\/\/centrumzaburzenodzywiania.pl\/strefapacjenta\/blog\/"},{"@type":"ListItem","position":3,"name":"Choroby dietozale\u017cne"}]},{"@type":"WebSite","@id":"https:\/\/centrumzaburzenodzywiania.pl\/strefapacjenta\/#website","url":"https:\/\/centrumzaburzenodzywiania.pl\/strefapacjenta\/","name":"Strefa Pacjenta | Og\u00f3lnopolskie Centrum Zaburze\u0144 Od\u017cywiania","description":"Strefa Pacjenta | Og\u00f3lnopolskie Centrum Zaburze\u0144 Od\u017cywiania","potentialAction":[{"@type":"SearchAction","target":{"@type":"EntryPoint","urlTemplate":"https:\/\/centrumzaburzenodzywiania.pl\/strefapacjenta\/?s={search_term_string}"},"query-input":{"@type":"PropertyValueSpecification","valueRequired":true,"valueName":"search_term_string"}}],"inLanguage":"pl-PL"}]}},"_links":{"self":[{"href":"https:\/\/centrumzaburzenodzywiania.pl\/strefapacjenta\/wp-json\/wp\/v2\/pages\/170","targetHints":{"allow":["GET"]}}],"collection":[{"href":"https:\/\/centrumzaburzenodzywiania.pl\/strefapacjenta\/wp-json\/wp\/v2\/pages"}],"about":[{"href":"https:\/\/centrumzaburzenodzywiania.pl\/strefapacjenta\/wp-json\/wp\/v2\/types\/page"}],"author":[{"embeddable":true,"href":"https:\/\/centrumzaburzenodzywiania.pl\/strefapacjenta\/wp-json\/wp\/v2\/users\/2"}],"replies":[{"embeddable":true,"href":"https:\/\/centrumzaburzenodzywiania.pl\/strefapacjenta\/wp-json\/wp\/v2\/comments?post=170"}],"version-history":[{"count":4,"href":"https:\/\/centrumzaburzenodzywiania.pl\/strefapacjenta\/wp-json\/wp\/v2\/pages\/170\/revisions"}],"predecessor-version":[{"id":1405,"href":"https:\/\/centrumzaburzenodzywiania.pl\/strefapacjenta\/wp-json\/wp\/v2\/pages\/170\/revisions\/1405"}],"up":[{"embeddable":true,"href":"https:\/\/centrumzaburzenodzywiania.pl\/strefapacjenta\/wp-json\/wp\/v2\/pages\/164"}],"wp:attachment":[{"href":"https:\/\/centrumzaburzenodzywiania.pl\/strefapacjenta\/wp-json\/wp\/v2\/media?parent=170"}],"curies":[{"name":"wp","href":"https:\/\/api.w.org\/{rel}","templated":true}]}}