{"id":168,"date":"2022-03-29T14:25:15","date_gmt":"2022-03-29T12:25:15","guid":{"rendered":"https:\/\/centrumzaburzenodzywiania.pl\/strefapacjenta\/?page_id=168"},"modified":"2022-07-29T16:47:27","modified_gmt":"2022-07-29T14:47:27","slug":"nadwaga-otylosc","status":"publish","type":"page","link":"https:\/\/centrumzaburzenodzywiania.pl\/strefapacjenta\/blog\/nadwaga-otylosc\/","title":{"rendered":"Nadwaga, oty\u0142o\u015b\u0107"},"content":{"rendered":"","protected":false},"excerpt":{"rendered":"","protected":false},"author":2,"featured_media":0,"parent":164,"menu_order":0,"comment_status":"closed","ping_status":"closed","template":"blog.php","meta":{"_acf_changed":false,"footnotes":""},"class_list":["post-168","page","type-page","status-publish","hentry"],"acf":[],"yoast_head":"<!-- This site is optimized with the Yoast SEO plugin v27.4 - https:\/\/yoast.com\/product\/yoast-seo-wordpress\/ -->\n<title>Nadwaga, oty\u0142o\u015b\u0107 - Strefa Pacjenta | Og\u00f3lnopolskie Centrum Zaburze\u0144 Od\u017cywiania<\/title>\n<meta name=\"description\" content=\"Oty\u0142o\u015b\u0107 i prowadz\u0105ca do niej nadwaga to obecnie jedno z\u00a0najwi\u0119kszych wyzwa\u0144 medycyny, a w leczeniu wymaga podej\u015bcia interdyscyplinarnego.\" \/>\n<meta name=\"robots\" content=\"index, follow, max-snippet:-1, max-image-preview:large, max-video-preview:-1\" \/>\n<link rel=\"canonical\" href=\"https:\/\/centrumzaburzenodzywiania.pl\/strefapacjenta\/blog\/nadwaga-otylosc\/\" \/>\n<meta property=\"og:locale\" content=\"pl_PL\" \/>\n<meta property=\"og:type\" content=\"article\" \/>\n<meta property=\"og:title\" content=\"Oty\u0142o\u015b\u0107 i nadwaga\" \/>\n<meta property=\"og:description\" content=\"Oty\u0142o\u015b\u0107 i prowadz\u0105ca do niej nadwaga to obecnie jedno z\u00a0najwi\u0119kszych wyzwa\u0144 medycyny, a w leczeniu wymaga podej\u015bcia interdyscyplinarnego.\" \/>\n<meta property=\"og:url\" content=\"https:\/\/centrumzaburzenodzywiania.pl\/strefapacjenta\/blog\/nadwaga-otylosc\/\" \/>\n<meta property=\"og:site_name\" content=\"Strefa Pacjenta | Og\u00f3lnopolskie Centrum Zaburze\u0144 Od\u017cywiania\" \/>\n<meta property=\"article:modified_time\" content=\"2022-07-29T14:47:27+00:00\" \/>\n<meta property=\"og:image\" content=\"https:\/\/centrumzaburzenodzywiania.pl\/strefapacjenta\/wp-content\/uploads\/2022\/04\/waga-scaled.jpeg\" \/>\n\t<meta property=\"og:image:width\" content=\"2560\" \/>\n\t<meta property=\"og:image:height\" content=\"1707\" \/>\n\t<meta property=\"og:image:type\" content=\"image\/jpeg\" \/>\n<meta name=\"twitter:card\" content=\"summary_large_image\" \/>\n<script type=\"application\/ld+json\" class=\"yoast-schema-graph\">{\"@context\":\"https:\\\/\\\/schema.org\",\"@graph\":[{\"@type\":\"WebPage\",\"@id\":\"https:\\\/\\\/centrumzaburzenodzywiania.pl\\\/strefapacjenta\\\/blog\\\/nadwaga-otylosc\\\/\",\"url\":\"https:\\\/\\\/centrumzaburzenodzywiania.pl\\\/strefapacjenta\\\/blog\\\/nadwaga-otylosc\\\/\",\"name\":\"Nadwaga, oty\u0142o\u015b\u0107 - Strefa Pacjenta | Og\u00f3lnopolskie Centrum Zaburze\u0144 Od\u017cywiania\",\"isPartOf\":{\"@id\":\"https:\\\/\\\/centrumzaburzenodzywiania.pl\\\/strefapacjenta\\\/#website\"},\"datePublished\":\"2022-03-29T12:25:15+00:00\",\"dateModified\":\"2022-07-29T14:47:27+00:00\",\"description\":\"Oty\u0142o\u015b\u0107 i prowadz\u0105ca do niej nadwaga to obecnie jedno z\u00a0najwi\u0119kszych wyzwa\u0144 medycyny, a w leczeniu wymaga podej\u015bcia interdyscyplinarnego.\",\"breadcrumb\":{\"@id\":\"https:\\\/\\\/centrumzaburzenodzywiania.pl\\\/strefapacjenta\\\/blog\\\/nadwaga-otylosc\\\/#breadcrumb\"},\"inLanguage\":\"pl-PL\",\"potentialAction\":[{\"@type\":\"ReadAction\",\"target\":[\"https:\\\/\\\/centrumzaburzenodzywiania.pl\\\/strefapacjenta\\\/blog\\\/nadwaga-otylosc\\\/\"]}]},{\"@type\":\"BreadcrumbList\",\"@id\":\"https:\\\/\\\/centrumzaburzenodzywiania.pl\\\/strefapacjenta\\\/blog\\\/nadwaga-otylosc\\\/#breadcrumb\",\"itemListElement\":[{\"@type\":\"ListItem\",\"position\":1,\"name\":\"Strona g\u0142\u00f3wna\",\"item\":\"https:\\\/\\\/centrumzaburzenodzywiania.pl\\\/strefapacjenta\\\/\"},{\"@type\":\"ListItem\",\"position\":2,\"name\":\"Blog\",\"item\":\"https:\\\/\\\/centrumzaburzenodzywiania.pl\\\/strefapacjenta\\\/blog\\\/\"},{\"@type\":\"ListItem\",\"position\":3,\"name\":\"Nadwaga, oty\u0142o\u015b\u0107\"}]},{\"@type\":\"WebSite\",\"@id\":\"https:\\\/\\\/centrumzaburzenodzywiania.pl\\\/strefapacjenta\\\/#website\",\"url\":\"https:\\\/\\\/centrumzaburzenodzywiania.pl\\\/strefapacjenta\\\/\",\"name\":\"Strefa Pacjenta | Og\u00f3lnopolskie Centrum Zaburze\u0144 Od\u017cywiania\",\"description\":\"Strefa Pacjenta | Og\u00f3lnopolskie Centrum Zaburze\u0144 Od\u017cywiania\",\"potentialAction\":[{\"@type\":\"SearchAction\",\"target\":{\"@type\":\"EntryPoint\",\"urlTemplate\":\"https:\\\/\\\/centrumzaburzenodzywiania.pl\\\/strefapacjenta\\\/?s={search_term_string}\"},\"query-input\":{\"@type\":\"PropertyValueSpecification\",\"valueRequired\":true,\"valueName\":\"search_term_string\"}}],\"inLanguage\":\"pl-PL\"}]}<\/script>\n<!-- \/ Yoast SEO plugin. -->","yoast_head_json":{"title":"Nadwaga, oty\u0142o\u015b\u0107 - Strefa Pacjenta | Og\u00f3lnopolskie Centrum Zaburze\u0144 Od\u017cywiania","description":"Oty\u0142o\u015b\u0107 i prowadz\u0105ca do niej nadwaga to obecnie jedno z\u00a0najwi\u0119kszych wyzwa\u0144 medycyny, a w leczeniu wymaga podej\u015bcia interdyscyplinarnego.","robots":{"index":"index","follow":"follow","max-snippet":"max-snippet:-1","max-image-preview":"max-image-preview:large","max-video-preview":"max-video-preview:-1"},"canonical":"https:\/\/centrumzaburzenodzywiania.pl\/strefapacjenta\/blog\/nadwaga-otylosc\/","og_locale":"pl_PL","og_type":"article","og_title":"Oty\u0142o\u015b\u0107 i nadwaga","og_description":"Oty\u0142o\u015b\u0107 i prowadz\u0105ca do niej nadwaga to obecnie jedno z\u00a0najwi\u0119kszych wyzwa\u0144 medycyny, a w leczeniu wymaga podej\u015bcia interdyscyplinarnego.","og_url":"https:\/\/centrumzaburzenodzywiania.pl\/strefapacjenta\/blog\/nadwaga-otylosc\/","og_site_name":"Strefa Pacjenta | Og\u00f3lnopolskie Centrum Zaburze\u0144 Od\u017cywiania","article_modified_time":"2022-07-29T14:47:27+00:00","og_image":[{"width":2560,"height":1707,"url":"https:\/\/centrumzaburzenodzywiania.pl\/strefapacjenta\/wp-content\/uploads\/2022\/04\/waga-scaled.jpeg","type":"image\/jpeg"}],"twitter_card":"summary_large_image","schema":{"@context":"https:\/\/schema.org","@graph":[{"@type":"WebPage","@id":"https:\/\/centrumzaburzenodzywiania.pl\/strefapacjenta\/blog\/nadwaga-otylosc\/","url":"https:\/\/centrumzaburzenodzywiania.pl\/strefapacjenta\/blog\/nadwaga-otylosc\/","name":"Nadwaga, oty\u0142o\u015b\u0107 - Strefa Pacjenta | Og\u00f3lnopolskie Centrum Zaburze\u0144 Od\u017cywiania","isPartOf":{"@id":"https:\/\/centrumzaburzenodzywiania.pl\/strefapacjenta\/#website"},"datePublished":"2022-03-29T12:25:15+00:00","dateModified":"2022-07-29T14:47:27+00:00","description":"Oty\u0142o\u015b\u0107 i prowadz\u0105ca do niej nadwaga to obecnie jedno z\u00a0najwi\u0119kszych wyzwa\u0144 medycyny, a w leczeniu wymaga podej\u015bcia interdyscyplinarnego.","breadcrumb":{"@id":"https:\/\/centrumzaburzenodzywiania.pl\/strefapacjenta\/blog\/nadwaga-otylosc\/#breadcrumb"},"inLanguage":"pl-PL","potentialAction":[{"@type":"ReadAction","target":["https:\/\/centrumzaburzenodzywiania.pl\/strefapacjenta\/blog\/nadwaga-otylosc\/"]}]},{"@type":"BreadcrumbList","@id":"https:\/\/centrumzaburzenodzywiania.pl\/strefapacjenta\/blog\/nadwaga-otylosc\/#breadcrumb","itemListElement":[{"@type":"ListItem","position":1,"name":"Strona g\u0142\u00f3wna","item":"https:\/\/centrumzaburzenodzywiania.pl\/strefapacjenta\/"},{"@type":"ListItem","position":2,"name":"Blog","item":"https:\/\/centrumzaburzenodzywiania.pl\/strefapacjenta\/blog\/"},{"@type":"ListItem","position":3,"name":"Nadwaga, oty\u0142o\u015b\u0107"}]},{"@type":"WebSite","@id":"https:\/\/centrumzaburzenodzywiania.pl\/strefapacjenta\/#website","url":"https:\/\/centrumzaburzenodzywiania.pl\/strefapacjenta\/","name":"Strefa Pacjenta | Og\u00f3lnopolskie Centrum Zaburze\u0144 Od\u017cywiania","description":"Strefa Pacjenta | Og\u00f3lnopolskie Centrum Zaburze\u0144 Od\u017cywiania","potentialAction":[{"@type":"SearchAction","target":{"@type":"EntryPoint","urlTemplate":"https:\/\/centrumzaburzenodzywiania.pl\/strefapacjenta\/?s={search_term_string}"},"query-input":{"@type":"PropertyValueSpecification","valueRequired":true,"valueName":"search_term_string"}}],"inLanguage":"pl-PL"}]}},"_links":{"self":[{"href":"https:\/\/centrumzaburzenodzywiania.pl\/strefapacjenta\/wp-json\/wp\/v2\/pages\/168","targetHints":{"allow":["GET"]}}],"collection":[{"href":"https:\/\/centrumzaburzenodzywiania.pl\/strefapacjenta\/wp-json\/wp\/v2\/pages"}],"about":[{"href":"https:\/\/centrumzaburzenodzywiania.pl\/strefapacjenta\/wp-json\/wp\/v2\/types\/page"}],"author":[{"embeddable":true,"href":"https:\/\/centrumzaburzenodzywiania.pl\/strefapacjenta\/wp-json\/wp\/v2\/users\/2"}],"replies":[{"embeddable":true,"href":"https:\/\/centrumzaburzenodzywiania.pl\/strefapacjenta\/wp-json\/wp\/v2\/comments?post=168"}],"version-history":[{"count":3,"href":"https:\/\/centrumzaburzenodzywiania.pl\/strefapacjenta\/wp-json\/wp\/v2\/pages\/168\/revisions"}],"predecessor-version":[{"id":536,"href":"https:\/\/centrumzaburzenodzywiania.pl\/strefapacjenta\/wp-json\/wp\/v2\/pages\/168\/revisions\/536"}],"up":[{"embeddable":true,"href":"https:\/\/centrumzaburzenodzywiania.pl\/strefapacjenta\/wp-json\/wp\/v2\/pages\/164"}],"wp:attachment":[{"href":"https:\/\/centrumzaburzenodzywiania.pl\/strefapacjenta\/wp-json\/wp\/v2\/media?parent=168"}],"curies":[{"name":"wp","href":"https:\/\/api.w.org\/{rel}","templated":true}]}}