{"id":1647,"date":"2022-09-01T22:27:15","date_gmt":"2022-09-01T20:27:15","guid":{"rendered":"https:\/\/centrumzaburzenodzywiania.pl\/strefapacjenta\/?page_id=1647"},"modified":"2022-09-01T22:28:04","modified_gmt":"2022-09-01T20:28:04","slug":"bydgoszcz-kolejna-wizyta","status":"publish","type":"page","link":"https:\/\/centrumzaburzenodzywiania.pl\/strefapacjenta\/umow-kolejna-wizyte\/bydgoszcz-kolejna-wizyta\/","title":{"rendered":"Bydgoszcz &#8211; kolejna wizyta"},"content":{"rendered":"","protected":false},"excerpt":{"rendered":"","protected":false},"author":2,"featured_media":0,"parent":247,"menu_order":0,"comment_status":"closed","ping_status":"closed","template":"","meta":{"_acf_changed":false,"footnotes":""},"class_list":["post-1647","page","type-page","status-publish","hentry"],"acf":[],"yoast_head":"<!-- This site is optimized with the Yoast SEO plugin v27.4 - https:\/\/yoast.com\/product\/yoast-seo-wordpress\/ -->\n<title>Bydgoszcz - kolejna wizyta - Strefa Pacjenta | Og\u00f3lnopolskie Centrum Zaburze\u0144 Od\u017cywiania<\/title>\n<meta name=\"description\" content=\"Um\u00f3w kolejn\u0105 wizyt\u0119 w Bydgoszczy. Psychoterapia, dietetyk, psychodietetyk. Leczenie zaburze\u0144 od\u017cywiania, nadwagi i oty\u0142o\u015bci.\" \/>\n<meta name=\"robots\" content=\"index, follow, max-snippet:-1, max-image-preview:large, max-video-preview:-1\" \/>\n<link rel=\"canonical\" href=\"https:\/\/centrumzaburzenodzywiania.pl\/strefapacjenta\/umow-kolejna-wizyte\/bydgoszcz-kolejna-wizyta\/\" \/>\n<meta property=\"og:locale\" content=\"pl_PL\" \/>\n<meta property=\"og:type\" content=\"article\" \/>\n<meta property=\"og:title\" content=\"Um\u00f3w kolejn\u0105 wizyt\u0119 w Bydgoszczy\" \/>\n<meta property=\"og:description\" content=\"Um\u00f3w kolejn\u0105 wizyt\u0119 w Bydgoszczy. Psychoterapia, dietetyk, psychodietetyk. Leczenie zaburze\u0144 od\u017cywiania, nadwagi i oty\u0142o\u015bci.\" \/>\n<meta property=\"og:url\" content=\"https:\/\/centrumzaburzenodzywiania.pl\/strefapacjenta\/umow-kolejna-wizyte\/bydgoszcz-kolejna-wizyta\/\" \/>\n<meta property=\"og:site_name\" content=\"Strefa Pacjenta | Og\u00f3lnopolskie Centrum Zaburze\u0144 Od\u017cywiania\" \/>\n<meta property=\"article:modified_time\" content=\"2022-09-01T20:28:04+00:00\" \/>\n<meta property=\"og:image\" content=\"https:\/\/centrumzaburzenodzywiania.pl\/strefapacjenta\/wp-content\/uploads\/2022\/09\/IMG_7491-2.png\" \/>\n\t<meta property=\"og:image:width\" content=\"2000\" \/>\n\t<meta property=\"og:image:height\" content=\"1500\" \/>\n\t<meta property=\"og:image:type\" content=\"image\/png\" \/>\n<meta name=\"twitter:card\" content=\"summary_large_image\" \/>\n<script type=\"application\/ld+json\" class=\"yoast-schema-graph\">{\"@context\":\"https:\\\/\\\/schema.org\",\"@graph\":[{\"@type\":\"WebPage\",\"@id\":\"https:\\\/\\\/centrumzaburzenodzywiania.pl\\\/strefapacjenta\\\/umow-kolejna-wizyte\\\/bydgoszcz-kolejna-wizyta\\\/\",\"url\":\"https:\\\/\\\/centrumzaburzenodzywiania.pl\\\/strefapacjenta\\\/umow-kolejna-wizyte\\\/bydgoszcz-kolejna-wizyta\\\/\",\"name\":\"Bydgoszcz - kolejna wizyta - Strefa Pacjenta | Og\u00f3lnopolskie Centrum Zaburze\u0144 Od\u017cywiania\",\"isPartOf\":{\"@id\":\"https:\\\/\\\/centrumzaburzenodzywiania.pl\\\/strefapacjenta\\\/#website\"},\"datePublished\":\"2022-09-01T20:27:15+00:00\",\"dateModified\":\"2022-09-01T20:28:04+00:00\",\"description\":\"Um\u00f3w kolejn\u0105 wizyt\u0119 w Bydgoszczy. Psychoterapia, dietetyk, psychodietetyk. Leczenie zaburze\u0144 od\u017cywiania, nadwagi i oty\u0142o\u015bci.\",\"breadcrumb\":{\"@id\":\"https:\\\/\\\/centrumzaburzenodzywiania.pl\\\/strefapacjenta\\\/umow-kolejna-wizyte\\\/bydgoszcz-kolejna-wizyta\\\/#breadcrumb\"},\"inLanguage\":\"pl-PL\",\"potentialAction\":[{\"@type\":\"ReadAction\",\"target\":[\"https:\\\/\\\/centrumzaburzenodzywiania.pl\\\/strefapacjenta\\\/umow-kolejna-wizyte\\\/bydgoszcz-kolejna-wizyta\\\/\"]}]},{\"@type\":\"BreadcrumbList\",\"@id\":\"https:\\\/\\\/centrumzaburzenodzywiania.pl\\\/strefapacjenta\\\/umow-kolejna-wizyte\\\/bydgoszcz-kolejna-wizyta\\\/#breadcrumb\",\"itemListElement\":[{\"@type\":\"ListItem\",\"position\":1,\"name\":\"Strona g\u0142\u00f3wna\",\"item\":\"https:\\\/\\\/centrumzaburzenodzywiania.pl\\\/strefapacjenta\\\/\"},{\"@type\":\"ListItem\",\"position\":2,\"name\":\"Um\u00f3w kolejn\u0105 wizyt\u0119\",\"item\":\"https:\\\/\\\/centrumzaburzenodzywiania.pl\\\/strefapacjenta\\\/umow-kolejna-wizyte\\\/\"},{\"@type\":\"ListItem\",\"position\":3,\"name\":\"Bydgoszcz &#8211; kolejna wizyta\"}]},{\"@type\":\"WebSite\",\"@id\":\"https:\\\/\\\/centrumzaburzenodzywiania.pl\\\/strefapacjenta\\\/#website\",\"url\":\"https:\\\/\\\/centrumzaburzenodzywiania.pl\\\/strefapacjenta\\\/\",\"name\":\"Strefa Pacjenta | Og\u00f3lnopolskie Centrum Zaburze\u0144 Od\u017cywiania\",\"description\":\"Strefa Pacjenta | Og\u00f3lnopolskie Centrum Zaburze\u0144 Od\u017cywiania\",\"potentialAction\":[{\"@type\":\"SearchAction\",\"target\":{\"@type\":\"EntryPoint\",\"urlTemplate\":\"https:\\\/\\\/centrumzaburzenodzywiania.pl\\\/strefapacjenta\\\/?s={search_term_string}\"},\"query-input\":{\"@type\":\"PropertyValueSpecification\",\"valueRequired\":true,\"valueName\":\"search_term_string\"}}],\"inLanguage\":\"pl-PL\"}]}<\/script>\n<!-- \/ Yoast SEO plugin. -->","yoast_head_json":{"title":"Bydgoszcz - kolejna wizyta - Strefa Pacjenta | Og\u00f3lnopolskie Centrum Zaburze\u0144 Od\u017cywiania","description":"Um\u00f3w kolejn\u0105 wizyt\u0119 w Bydgoszczy. Psychoterapia, dietetyk, psychodietetyk. Leczenie zaburze\u0144 od\u017cywiania, nadwagi i oty\u0142o\u015bci.","robots":{"index":"index","follow":"follow","max-snippet":"max-snippet:-1","max-image-preview":"max-image-preview:large","max-video-preview":"max-video-preview:-1"},"canonical":"https:\/\/centrumzaburzenodzywiania.pl\/strefapacjenta\/umow-kolejna-wizyte\/bydgoszcz-kolejna-wizyta\/","og_locale":"pl_PL","og_type":"article","og_title":"Um\u00f3w kolejn\u0105 wizyt\u0119 w Bydgoszczy","og_description":"Um\u00f3w kolejn\u0105 wizyt\u0119 w Bydgoszczy. Psychoterapia, dietetyk, psychodietetyk. Leczenie zaburze\u0144 od\u017cywiania, nadwagi i oty\u0142o\u015bci.","og_url":"https:\/\/centrumzaburzenodzywiania.pl\/strefapacjenta\/umow-kolejna-wizyte\/bydgoszcz-kolejna-wizyta\/","og_site_name":"Strefa Pacjenta | Og\u00f3lnopolskie Centrum Zaburze\u0144 Od\u017cywiania","article_modified_time":"2022-09-01T20:28:04+00:00","og_image":[{"width":2000,"height":1500,"url":"https:\/\/centrumzaburzenodzywiania.pl\/strefapacjenta\/wp-content\/uploads\/2022\/09\/IMG_7491-2.png","type":"image\/png"}],"twitter_card":"summary_large_image","schema":{"@context":"https:\/\/schema.org","@graph":[{"@type":"WebPage","@id":"https:\/\/centrumzaburzenodzywiania.pl\/strefapacjenta\/umow-kolejna-wizyte\/bydgoszcz-kolejna-wizyta\/","url":"https:\/\/centrumzaburzenodzywiania.pl\/strefapacjenta\/umow-kolejna-wizyte\/bydgoszcz-kolejna-wizyta\/","name":"Bydgoszcz - kolejna wizyta - Strefa Pacjenta | Og\u00f3lnopolskie Centrum Zaburze\u0144 Od\u017cywiania","isPartOf":{"@id":"https:\/\/centrumzaburzenodzywiania.pl\/strefapacjenta\/#website"},"datePublished":"2022-09-01T20:27:15+00:00","dateModified":"2022-09-01T20:28:04+00:00","description":"Um\u00f3w kolejn\u0105 wizyt\u0119 w Bydgoszczy. Psychoterapia, dietetyk, psychodietetyk. Leczenie zaburze\u0144 od\u017cywiania, nadwagi i oty\u0142o\u015bci.","breadcrumb":{"@id":"https:\/\/centrumzaburzenodzywiania.pl\/strefapacjenta\/umow-kolejna-wizyte\/bydgoszcz-kolejna-wizyta\/#breadcrumb"},"inLanguage":"pl-PL","potentialAction":[{"@type":"ReadAction","target":["https:\/\/centrumzaburzenodzywiania.pl\/strefapacjenta\/umow-kolejna-wizyte\/bydgoszcz-kolejna-wizyta\/"]}]},{"@type":"BreadcrumbList","@id":"https:\/\/centrumzaburzenodzywiania.pl\/strefapacjenta\/umow-kolejna-wizyte\/bydgoszcz-kolejna-wizyta\/#breadcrumb","itemListElement":[{"@type":"ListItem","position":1,"name":"Strona g\u0142\u00f3wna","item":"https:\/\/centrumzaburzenodzywiania.pl\/strefapacjenta\/"},{"@type":"ListItem","position":2,"name":"Um\u00f3w kolejn\u0105 wizyt\u0119","item":"https:\/\/centrumzaburzenodzywiania.pl\/strefapacjenta\/umow-kolejna-wizyte\/"},{"@type":"ListItem","position":3,"name":"Bydgoszcz &#8211; kolejna wizyta"}]},{"@type":"WebSite","@id":"https:\/\/centrumzaburzenodzywiania.pl\/strefapacjenta\/#website","url":"https:\/\/centrumzaburzenodzywiania.pl\/strefapacjenta\/","name":"Strefa Pacjenta | Og\u00f3lnopolskie Centrum Zaburze\u0144 Od\u017cywiania","description":"Strefa Pacjenta | Og\u00f3lnopolskie Centrum Zaburze\u0144 Od\u017cywiania","potentialAction":[{"@type":"SearchAction","target":{"@type":"EntryPoint","urlTemplate":"https:\/\/centrumzaburzenodzywiania.pl\/strefapacjenta\/?s={search_term_string}"},"query-input":{"@type":"PropertyValueSpecification","valueRequired":true,"valueName":"search_term_string"}}],"inLanguage":"pl-PL"}]}},"_links":{"self":[{"href":"https:\/\/centrumzaburzenodzywiania.pl\/strefapacjenta\/wp-json\/wp\/v2\/pages\/1647","targetHints":{"allow":["GET"]}}],"collection":[{"href":"https:\/\/centrumzaburzenodzywiania.pl\/strefapacjenta\/wp-json\/wp\/v2\/pages"}],"about":[{"href":"https:\/\/centrumzaburzenodzywiania.pl\/strefapacjenta\/wp-json\/wp\/v2\/types\/page"}],"author":[{"embeddable":true,"href":"https:\/\/centrumzaburzenodzywiania.pl\/strefapacjenta\/wp-json\/wp\/v2\/users\/2"}],"replies":[{"embeddable":true,"href":"https:\/\/centrumzaburzenodzywiania.pl\/strefapacjenta\/wp-json\/wp\/v2\/comments?post=1647"}],"version-history":[{"count":2,"href":"https:\/\/centrumzaburzenodzywiania.pl\/strefapacjenta\/wp-json\/wp\/v2\/pages\/1647\/revisions"}],"predecessor-version":[{"id":1649,"href":"https:\/\/centrumzaburzenodzywiania.pl\/strefapacjenta\/wp-json\/wp\/v2\/pages\/1647\/revisions\/1649"}],"up":[{"embeddable":true,"href":"https:\/\/centrumzaburzenodzywiania.pl\/strefapacjenta\/wp-json\/wp\/v2\/pages\/247"}],"wp:attachment":[{"href":"https:\/\/centrumzaburzenodzywiania.pl\/strefapacjenta\/wp-json\/wp\/v2\/media?parent=1647"}],"curies":[{"name":"wp","href":"https:\/\/api.w.org\/{rel}","templated":true}]}}