{"id":140,"date":"2022-03-29T14:13:58","date_gmt":"2022-03-29T12:13:58","guid":{"rendered":"https:\/\/centrumzaburzenodzywiania.pl\/strefapacjenta\/?page_id=140"},"modified":"2022-07-29T17:03:27","modified_gmt":"2022-07-29T15:03:27","slug":"nasze-oddzialy","status":"publish","type":"page","link":"https:\/\/centrumzaburzenodzywiania.pl\/strefapacjenta\/nasze-oddzialy\/","title":{"rendered":"Nasze oddzia\u0142y"},"content":{"rendered":"","protected":false},"excerpt":{"rendered":"","protected":false},"author":2,"featured_media":0,"parent":0,"menu_order":0,"comment_status":"closed","ping_status":"closed","template":"","meta":{"_acf_changed":false,"footnotes":""},"class_list":["post-140","page","type-page","status-publish","hentry"],"acf":[],"yoast_head":"<!-- This site is optimized with the Yoast SEO plugin v27.4 - https:\/\/yoast.com\/product\/yoast-seo-wordpress\/ -->\n<title>Nasze oddzia\u0142y - Strefa Pacjenta | Og\u00f3lnopolskie Centrum Zaburze\u0144 Od\u017cywiania<\/title>\n<meta name=\"description\" content=\"GDZIE SI\u0118 ZNAJDUJEMY? Wroc\u0142aw, \u0141\u00f3d\u017a, Pozna\u0144, Bydgoszcz, Online. Masz wi\u0119cej pyta\u0144 do nas? +48 512 931 512, info@centrumzaburzenodzywiania.pl\" \/>\n<meta name=\"robots\" content=\"index, follow, max-snippet:-1, max-image-preview:large, max-video-preview:-1\" \/>\n<link rel=\"canonical\" href=\"https:\/\/centrumzaburzenodzywiania.pl\/strefapacjenta\/nasze-oddzialy\/\" \/>\n<meta property=\"og:locale\" content=\"pl_PL\" \/>\n<meta property=\"og:type\" content=\"article\" \/>\n<meta property=\"og:title\" content=\"Nasze oddzia\u0142y - Strefa Pacjenta | Og\u00f3lnopolskie Centrum Zaburze\u0144 Od\u017cywiania\" \/>\n<meta property=\"og:description\" content=\"GDZIE SI\u0118 ZNAJDUJEMY? Wroc\u0142aw, \u0141\u00f3d\u017a, Pozna\u0144, Bydgoszcz, Online. Masz wi\u0119cej pyta\u0144 do nas? +48 512 931 512, info@centrumzaburzenodzywiania.pl\" \/>\n<meta property=\"og:url\" content=\"https:\/\/centrumzaburzenodzywiania.pl\/strefapacjenta\/nasze-oddzialy\/\" \/>\n<meta property=\"og:site_name\" content=\"Strefa Pacjenta | Og\u00f3lnopolskie Centrum Zaburze\u0144 Od\u017cywiania\" \/>\n<meta property=\"article:modified_time\" content=\"2022-07-29T15:03:27+00:00\" \/>\n<meta name=\"twitter:card\" content=\"summary_large_image\" \/>\n<script type=\"application\/ld+json\" class=\"yoast-schema-graph\">{\"@context\":\"https:\\\/\\\/schema.org\",\"@graph\":[{\"@type\":\"WebPage\",\"@id\":\"https:\\\/\\\/centrumzaburzenodzywiania.pl\\\/strefapacjenta\\\/nasze-oddzialy\\\/\",\"url\":\"https:\\\/\\\/centrumzaburzenodzywiania.pl\\\/strefapacjenta\\\/nasze-oddzialy\\\/\",\"name\":\"Nasze oddzia\u0142y - Strefa Pacjenta | Og\u00f3lnopolskie Centrum Zaburze\u0144 Od\u017cywiania\",\"isPartOf\":{\"@id\":\"https:\\\/\\\/centrumzaburzenodzywiania.pl\\\/strefapacjenta\\\/#website\"},\"datePublished\":\"2022-03-29T12:13:58+00:00\",\"dateModified\":\"2022-07-29T15:03:27+00:00\",\"description\":\"GDZIE SI\u0118 ZNAJDUJEMY? Wroc\u0142aw, \u0141\u00f3d\u017a, Pozna\u0144, Bydgoszcz, Online. Masz wi\u0119cej pyta\u0144 do nas? +48 512 931 512, info@centrumzaburzenodzywiania.pl\",\"breadcrumb\":{\"@id\":\"https:\\\/\\\/centrumzaburzenodzywiania.pl\\\/strefapacjenta\\\/nasze-oddzialy\\\/#breadcrumb\"},\"inLanguage\":\"pl-PL\",\"potentialAction\":[{\"@type\":\"ReadAction\",\"target\":[\"https:\\\/\\\/centrumzaburzenodzywiania.pl\\\/strefapacjenta\\\/nasze-oddzialy\\\/\"]}]},{\"@type\":\"BreadcrumbList\",\"@id\":\"https:\\\/\\\/centrumzaburzenodzywiania.pl\\\/strefapacjenta\\\/nasze-oddzialy\\\/#breadcrumb\",\"itemListElement\":[{\"@type\":\"ListItem\",\"position\":1,\"name\":\"Strona g\u0142\u00f3wna\",\"item\":\"https:\\\/\\\/centrumzaburzenodzywiania.pl\\\/strefapacjenta\\\/\"},{\"@type\":\"ListItem\",\"position\":2,\"name\":\"Nasze oddzia\u0142y\"}]},{\"@type\":\"WebSite\",\"@id\":\"https:\\\/\\\/centrumzaburzenodzywiania.pl\\\/strefapacjenta\\\/#website\",\"url\":\"https:\\\/\\\/centrumzaburzenodzywiania.pl\\\/strefapacjenta\\\/\",\"name\":\"Strefa Pacjenta | Og\u00f3lnopolskie Centrum Zaburze\u0144 Od\u017cywiania\",\"description\":\"Strefa Pacjenta | Og\u00f3lnopolskie Centrum Zaburze\u0144 Od\u017cywiania\",\"potentialAction\":[{\"@type\":\"SearchAction\",\"target\":{\"@type\":\"EntryPoint\",\"urlTemplate\":\"https:\\\/\\\/centrumzaburzenodzywiania.pl\\\/strefapacjenta\\\/?s={search_term_string}\"},\"query-input\":{\"@type\":\"PropertyValueSpecification\",\"valueRequired\":true,\"valueName\":\"search_term_string\"}}],\"inLanguage\":\"pl-PL\"}]}<\/script>\n<!-- \/ Yoast SEO plugin. -->","yoast_head_json":{"title":"Nasze oddzia\u0142y - Strefa Pacjenta | Og\u00f3lnopolskie Centrum Zaburze\u0144 Od\u017cywiania","description":"GDZIE SI\u0118 ZNAJDUJEMY? Wroc\u0142aw, \u0141\u00f3d\u017a, Pozna\u0144, Bydgoszcz, Online. Masz wi\u0119cej pyta\u0144 do nas? +48 512 931 512, info@centrumzaburzenodzywiania.pl","robots":{"index":"index","follow":"follow","max-snippet":"max-snippet:-1","max-image-preview":"max-image-preview:large","max-video-preview":"max-video-preview:-1"},"canonical":"https:\/\/centrumzaburzenodzywiania.pl\/strefapacjenta\/nasze-oddzialy\/","og_locale":"pl_PL","og_type":"article","og_title":"Nasze oddzia\u0142y - Strefa Pacjenta | Og\u00f3lnopolskie Centrum Zaburze\u0144 Od\u017cywiania","og_description":"GDZIE SI\u0118 ZNAJDUJEMY? Wroc\u0142aw, \u0141\u00f3d\u017a, Pozna\u0144, Bydgoszcz, Online. Masz wi\u0119cej pyta\u0144 do nas? +48 512 931 512, info@centrumzaburzenodzywiania.pl","og_url":"https:\/\/centrumzaburzenodzywiania.pl\/strefapacjenta\/nasze-oddzialy\/","og_site_name":"Strefa Pacjenta | Og\u00f3lnopolskie Centrum Zaburze\u0144 Od\u017cywiania","article_modified_time":"2022-07-29T15:03:27+00:00","twitter_card":"summary_large_image","schema":{"@context":"https:\/\/schema.org","@graph":[{"@type":"WebPage","@id":"https:\/\/centrumzaburzenodzywiania.pl\/strefapacjenta\/nasze-oddzialy\/","url":"https:\/\/centrumzaburzenodzywiania.pl\/strefapacjenta\/nasze-oddzialy\/","name":"Nasze oddzia\u0142y - Strefa Pacjenta | Og\u00f3lnopolskie Centrum Zaburze\u0144 Od\u017cywiania","isPartOf":{"@id":"https:\/\/centrumzaburzenodzywiania.pl\/strefapacjenta\/#website"},"datePublished":"2022-03-29T12:13:58+00:00","dateModified":"2022-07-29T15:03:27+00:00","description":"GDZIE SI\u0118 ZNAJDUJEMY? Wroc\u0142aw, \u0141\u00f3d\u017a, Pozna\u0144, Bydgoszcz, Online. Masz wi\u0119cej pyta\u0144 do nas? +48 512 931 512, info@centrumzaburzenodzywiania.pl","breadcrumb":{"@id":"https:\/\/centrumzaburzenodzywiania.pl\/strefapacjenta\/nasze-oddzialy\/#breadcrumb"},"inLanguage":"pl-PL","potentialAction":[{"@type":"ReadAction","target":["https:\/\/centrumzaburzenodzywiania.pl\/strefapacjenta\/nasze-oddzialy\/"]}]},{"@type":"BreadcrumbList","@id":"https:\/\/centrumzaburzenodzywiania.pl\/strefapacjenta\/nasze-oddzialy\/#breadcrumb","itemListElement":[{"@type":"ListItem","position":1,"name":"Strona g\u0142\u00f3wna","item":"https:\/\/centrumzaburzenodzywiania.pl\/strefapacjenta\/"},{"@type":"ListItem","position":2,"name":"Nasze oddzia\u0142y"}]},{"@type":"WebSite","@id":"https:\/\/centrumzaburzenodzywiania.pl\/strefapacjenta\/#website","url":"https:\/\/centrumzaburzenodzywiania.pl\/strefapacjenta\/","name":"Strefa Pacjenta | Og\u00f3lnopolskie Centrum Zaburze\u0144 Od\u017cywiania","description":"Strefa Pacjenta | Og\u00f3lnopolskie Centrum Zaburze\u0144 Od\u017cywiania","potentialAction":[{"@type":"SearchAction","target":{"@type":"EntryPoint","urlTemplate":"https:\/\/centrumzaburzenodzywiania.pl\/strefapacjenta\/?s={search_term_string}"},"query-input":{"@type":"PropertyValueSpecification","valueRequired":true,"valueName":"search_term_string"}}],"inLanguage":"pl-PL"}]}},"_links":{"self":[{"href":"https:\/\/centrumzaburzenodzywiania.pl\/strefapacjenta\/wp-json\/wp\/v2\/pages\/140","targetHints":{"allow":["GET"]}}],"collection":[{"href":"https:\/\/centrumzaburzenodzywiania.pl\/strefapacjenta\/wp-json\/wp\/v2\/pages"}],"about":[{"href":"https:\/\/centrumzaburzenodzywiania.pl\/strefapacjenta\/wp-json\/wp\/v2\/types\/page"}],"author":[{"embeddable":true,"href":"https:\/\/centrumzaburzenodzywiania.pl\/strefapacjenta\/wp-json\/wp\/v2\/users\/2"}],"replies":[{"embeddable":true,"href":"https:\/\/centrumzaburzenodzywiania.pl\/strefapacjenta\/wp-json\/wp\/v2\/comments?post=140"}],"version-history":[{"count":5,"href":"https:\/\/centrumzaburzenodzywiania.pl\/strefapacjenta\/wp-json\/wp\/v2\/pages\/140\/revisions"}],"predecessor-version":[{"id":963,"href":"https:\/\/centrumzaburzenodzywiania.pl\/strefapacjenta\/wp-json\/wp\/v2\/pages\/140\/revisions\/963"}],"wp:attachment":[{"href":"https:\/\/centrumzaburzenodzywiania.pl\/strefapacjenta\/wp-json\/wp\/v2\/media?parent=140"}],"curies":[{"name":"wp","href":"https:\/\/api.w.org\/{rel}","templated":true}]}}